{"id":3741,"date":"2023-04-25T15:08:44","date_gmt":"2023-04-25T19:08:44","guid":{"rendered":"https:\/\/kurmi.wpengine.com\/kontakt\/"},"modified":"2024-01-03T09:18:28","modified_gmt":"2024-01-03T14:18:28","slug":"kontakt","status":"publish","type":"page","link":"https:\/\/kurmi-software.com\/de\/kontakt\/","title":{"rendered":"Kontakt"},"content":{"rendered":"\t\t<div data-elementor-type=\"wp-page\" data-elementor-id=\"3741\" class=\"elementor elementor-3741 elementor-181\" data-elementor-post-type=\"page\">\n\t\t\t\t\t\t<section class=\"elementor-section elementor-top-section elementor-element elementor-element-05416a1 elementor-section-stretched subpage-hero-row orange-row has-burst has-form elementor-section-boxed elementor-section-height-default elementor-section-height-default\" data-id=\"05416a1\" data-element_type=\"section\" data-e-type=\"section\" data-settings=\"{&quot;stretch_section&quot;:&quot;section-stretched&quot;}\">\n\t\t\t\t\t\t<div class=\"elementor-container elementor-column-gap-default\">\n\t\t\t\t\t<div class=\"elementor-column elementor-col-50 elementor-top-column elementor-element elementor-element-fb17ccb\" data-id=\"fb17ccb\" data-element_type=\"column\" data-e-type=\"column\">\n\t\t\t<div class=\"elementor-widget-wrap elementor-element-populated\">\n\t\t\t\t\t\t<div class=\"elementor-element elementor-element-48a9436 elementor-invisible elementor-widget elementor-widget-text-editor\" data-id=\"48a9436\" data-element_type=\"widget\" data-e-type=\"widget\" data-settings=\"{&quot;_animation&quot;:&quot;fadeInUp&quot;}\" data-widget_type=\"text-editor.default\">\n\t\t\t\t<div class=\"elementor-widget-container\">\n\t\t\t\t\t\t\t\t\t<h1>Kontakt<br \/>Kurmi Software<\/h1>\n<p>M\u00f6chten Sie weitere Informationen? Oder m\u00f6chten Sie einen Termin f\u00fcr eine pers\u00f6nliche Demo vereinbaren? Lassen Sie es uns wissen, und wir werden uns in K\u00fcrze bei Ihnen melden.<\/p>\n\t\t\t\t\t\t\t\t<\/div>\n\t\t\t\t<\/div>\n\t\t\t\t<div class=\"elementor-element elementor-element-fcbf168 contact-phone-numbers elementor-invisible elementor-widget elementor-widget-text-editor\" data-id=\"fcbf168\" data-element_type=\"widget\" data-e-type=\"widget\" data-settings=\"{&quot;_animation&quot;:&quot;fadeInUp&quot;}\" data-widget_type=\"text-editor.default\">\n\t\t\t\t<div class=\"elementor-widget-container\">\n\t\t\t\t\t\t\t\t\t<h3>Paris, Frankreich &#8211; Globaler Hauptsitz<\/h3>\n<p><a href=\"tel:33158883072\">+33 1 58 88 30 72<\/a><\/p>\n<h3>New York, USA-Amerikas Hauptsitz<\/h3>\n<p><a href=\"tel:13322368120\">+1 332 236 8120<\/a><\/p>\n\t\t\t\t\t\t\t\t<\/div>\n\t\t\t\t<\/div>\n\t\t\t\t<div class=\"elementor-element elementor-element-1cd1d99 contact-phone-numbers elementor-invisible elementor-widget elementor-widget-text-editor\" data-id=\"1cd1d99\" data-element_type=\"widget\" data-e-type=\"widget\" data-settings=\"{&quot;_animation&quot;:&quot;fadeInUp&quot;}\" data-widget_type=\"text-editor.default\">\n\t\t\t\t<div class=\"elementor-widget-container\">\n\t\t\t\t\t\t\t\t\t<p>Sie sind bereits Kunde? Besuchen Sie unser <a href=\"https:\/\/auth.kurmi-software.com\/auth\/realms\/master\/protocol\/saml?RelayState=https%3A%2F%2Fsupport.kurmi-software.com%2Fhc%2Fen-us&amp;brand_id=360000725293&amp;SAMLRequest=hZHNT8JAEMXv%2FBXN3rftlo%2FaDS1pICYkaAyoB2%2Fb7RAa9gN3tqD%2B9ZYqCR7U%0A68z75b15M529aRUcwWFjTU5YGJNZMZii0OrAy9bvzBpeW0AfdDqDvF%2FkpHWG%0AW4ENciM0IPeSb8q7FU%2FCmB%2Bc9VZaRa6QvwmBCM53AUiwXOTkDDgqJ%2BNxndYp%0AzURW0RGrJrSqIKVVJrO4uhEjGEKnR2xhadAL43OSxMmQxgll40eW8iTmI%2FZC%0AgufLdZ0XCcqL2dwabDW4DbhjI%2BFpvcrJzvsD8ijat043FO3Wn4SD8ANMDbgP%0ApdWRkBIQo3NIUvRF8T6EK%2F6Hp9G1%2Frvl%2B66P5eLBqka%2BB6VS9jR3IDzkxLu2%0AO%2FHWOi387w2ykPWTpqbbXspBi0aVde26oCQqvlx%2FvrMYfAI%3D%0A\" target=\"_blank\" rel=\"noopener\">Support-Portal<\/a>.<\/p>\n\t\t\t\t\t\t\t\t<\/div>\n\t\t\t\t<\/div>\n\t\t\t\t<div class=\"elementor-element elementor-element-b7e1472 contact-phone-numbers elementor-invisible elementor-widget elementor-widget-text-editor\" data-id=\"b7e1472\" data-element_type=\"widget\" data-e-type=\"widget\" data-settings=\"{&quot;_animation&quot;:&quot;fadeInUp&quot;}\" data-widget_type=\"text-editor.default\">\n\t\t\t\t<div class=\"elementor-widget-container\">\n\t\t\t\t\t\t\t\t\t<p>F\u00fcr weitere Kontaktinformationen scrollen Sie nach unten  <i class=\"fa-regular fa-arrow-down\"><\/i> <\/p>\n\t\t\t\t\t\t\t\t<\/div>\n\t\t\t\t<\/div>\n\t\t\t\t\t<\/div>\n\t\t<\/div>\n\t\t\t\t<div class=\"elementor-column elementor-col-50 elementor-top-column elementor-element elementor-element-62e5b1a card gray-card form-card elementor-invisible\" data-id=\"62e5b1a\" data-element_type=\"column\" data-e-type=\"column\" data-settings=\"{&quot;animation&quot;:&quot;fadeIn&quot;,&quot;animation_delay&quot;:150}\">\n\t\t\t<div class=\"elementor-widget-wrap elementor-element-populated\">\n\t\t\t\t\t\t<div class=\"elementor-element elementor-element-0572e5d elementor-widget elementor-widget-html\" data-id=\"0572e5d\" data-element_type=\"widget\" data-e-type=\"widget\" data-widget_type=\"html.default\">\n\t\t\t\t<div class=\"elementor-widget-container\">\n\t\t\t\t\t<h3>Kontakt<\/h3>\n<script charset=\"utf-8\" type=\"text\/javascript\" src=\"\/\/js-eu1.hsforms.net\/forms\/embed\/v2.js\"><\/script>\n<script>\n  hbspt.forms.create({\n    region: \"eu1\",\n    portalId: \"27229547\",\n    formId: \"9df3cb1a-c7b4-45e6-92a9-539adfce9165\"\n  });\n<\/script>\t\t\t\t<\/div>\n\t\t\t\t<\/div>\n\t\t\t\t\t<\/div>\n\t\t<\/div>\n\t\t\t\t\t<\/div>\n\t\t<\/section>\n\t\t\t\t<section class=\"elementor-section elementor-top-section elementor-element elementor-element-2af5406 elementor-section-boxed elementor-section-height-default elementor-section-height-default\" data-id=\"2af5406\" data-element_type=\"section\" data-e-type=\"section\">\n\t\t\t\t\t\t<div class=\"elementor-container elementor-column-gap-default\">\n\t\t\t\t\t<div class=\"elementor-column elementor-col-100 elementor-top-column elementor-element elementor-element-946431b\" data-id=\"946431b\" data-element_type=\"column\" data-e-type=\"column\">\n\t\t\t<div class=\"elementor-widget-wrap elementor-element-populated\">\n\t\t\t\t\t\t<div class=\"elementor-element elementor-element-7bf3ef3 elementor-invisible elementor-widget elementor-widget-text-editor\" data-id=\"7bf3ef3\" data-element_type=\"widget\" data-e-type=\"widget\" data-settings=\"{&quot;_animation&quot;:&quot;fadeInUp&quot;}\" data-widget_type=\"text-editor.default\">\n\t\t\t\t<div class=\"elementor-widget-container\">\n\t\t\t\t\t\t\t\t\t<h2>B\u00fcrostandorte<\/h2>\n\t\t\t\t\t\t\t\t<\/div>\n\t\t\t\t<\/div>\n\t\t\t\t<div class=\"elementor-element elementor-element-fe859d8 office-locations-tabs elementor-tabs-view-horizontal elementor-invisible elementor-widget elementor-widget-tabs\" data-id=\"fe859d8\" data-element_type=\"widget\" data-e-type=\"widget\" data-settings=\"{&quot;_animation&quot;:&quot;fadeIn&quot;,&quot;_animation_delay&quot;:150}\" data-widget_type=\"tabs.default\">\n\t\t\t\t<div class=\"elementor-widget-container\">\n\t\t\t\t\t\t\t<div class=\"elementor-tabs\">\n\t\t\t<div class=\"elementor-tabs-wrapper\" role=\"tablist\" >\n\t\t\t\t\t\t\t\t\t<div id=\"elementor-tab-title-2661\" class=\"elementor-tab-title elementor-tab-desktop-title\" aria-selected=\"true\" data-tab=\"1\" role=\"tab\" tabindex=\"0\" aria-controls=\"elementor-tab-content-2661\" aria-expanded=\"false\">EMEA<\/div>\n\t\t\t\t\t\t\t\t\t<div id=\"elementor-tab-title-2662\" class=\"elementor-tab-title elementor-tab-desktop-title\" aria-selected=\"false\" data-tab=\"2\" role=\"tab\" tabindex=\"-1\" aria-controls=\"elementor-tab-content-2662\" aria-expanded=\"false\">Nord-Amerika<\/div>\n\t\t\t\t\t\t\t\t\t<div id=\"elementor-tab-title-2663\" class=\"elementor-tab-title elementor-tab-desktop-title\" aria-selected=\"false\" data-tab=\"3\" role=\"tab\" tabindex=\"-1\" aria-controls=\"elementor-tab-content-2663\" aria-expanded=\"false\">APAC<\/div>\n\t\t\t\t\t\t\t<\/div>\n\t\t\t<div class=\"elementor-tabs-content-wrapper\" role=\"tablist\" aria-orientation=\"vertical\">\n\t\t\t\t\t\t\t\t\t<div class=\"elementor-tab-title elementor-tab-mobile-title\" aria-selected=\"true\" data-tab=\"1\" role=\"tab\" tabindex=\"0\" aria-controls=\"elementor-tab-content-2661\" aria-expanded=\"false\">EMEA<\/div>\n\t\t\t\t\t<div id=\"elementor-tab-content-2661\" class=\"elementor-tab-content elementor-clearfix\" data-tab=\"1\" role=\"tabpanel\" aria-labelledby=\"elementor-tab-title-2661\" tabindex=\"0\" hidden=\"false\"><h3>Paris, Frankreich &#8211; Globaler Hauptsitz<\/h3>\n<div style=\"font-family: Figtree, sans-serif; font-size: 18px;\">11 rue Heinrich &#8211; 92100 Boulogne-Billancourt<\/div>\n<p style=\"font-family: Figtree, sans-serif; font-size: 18px;\"><a href=\"tel:33158883072\">+33 1 58 88 30 72<\/a><\/p>\n<h3>Rennes, Frankreich<\/h3>\n<div style=\"font-family: Figtree, sans-serif; font-size: 18px;\">9 rue de Ch\u00e2tillon &#8211; 35000 Rennes<\/div>\n<p style=\"font-family: Figtree, sans-serif; font-size: 18px;\"><a href=\"tel:33158883072\">+33 1 58 88 30 72<\/a><\/p>\n<h3>Berlin, Deutschland<\/h3>\n<div style=\"font-family: Figtree, sans-serif; font-size: 18px;\">Mollstr.32 &#8211; 10249 Berlin<\/div>\n<p style=\"font-family: Figtree, sans-serif; font-size: 18px;\"><a href=\"tel:4932221093360\">+49 30166350031<\/a><\/p>\n<h3>Duba\u00ef, Vereinigte Arabische Emirate<\/h3>\n<p style=\"break-before: avoid; font-family: Figtree, sans-serif; font-size: 18px;\"><a href=\"tel:9710543540555\">+971 (0) 54 354 0555<\/a><\/p>\n<\/div>\n\t\t\t\t\t\t\t\t\t<div class=\"elementor-tab-title elementor-tab-mobile-title\" aria-selected=\"false\" data-tab=\"2\" role=\"tab\" tabindex=\"-1\" aria-controls=\"elementor-tab-content-2662\" aria-expanded=\"false\">Nord-Amerika<\/div>\n\t\t\t\t\t<div id=\"elementor-tab-content-2662\" class=\"elementor-tab-content elementor-clearfix\" data-tab=\"2\" role=\"tabpanel\" aria-labelledby=\"elementor-tab-title-2662\" tabindex=\"0\" hidden=\"hidden\"><h3>New York, USA<\/h3>\n<h3>\n<div style=\"font-family: Figtree, sans-serif; font-size: 18px;\">60 Broad Street, Suite 3502 &#8211; New York, NY 10004<\/div>\n<\/h3>\n<p style=\"font-family: Figtree, sans-serif; font-size: 18px;\"><a href=\"tel:13322368120\">+1 332 236 8120<\/a><\/p>\n<h3>Montr\u00e9al, Kanada<\/h3>\n<h3><\/h3>\n<p style=\"break-before: avoid; font-family: Figtree, sans-serif; font-size: 18px;\">1980 rue Sherbrooke Ouest &#8211; Montr\u00e9al QC H3H 1E8&nbsp;<br \/><a href=\"tel:13322368120\" style=\"background-color: rgb(255, 255, 255);\">+1 332 236 8120<\/a><\/p>\n<h3>&nbsp; &nbsp; &nbsp; &nbsp; &nbsp; &nbsp; &nbsp; &nbsp; &nbsp; &nbsp; &nbsp; &nbsp; &nbsp; &nbsp; &nbsp; &nbsp; &nbsp; &nbsp; &nbsp; &nbsp; &nbsp; &nbsp; &nbsp; &nbsp; &nbsp; &nbsp; &nbsp; &nbsp; &nbsp; &nbsp; &nbsp; &nbsp; &nbsp; &nbsp; &nbsp; &nbsp; &nbsp; &nbsp;&nbsp;<\/h3>\n<\/div>\n\t\t\t\t\t\t\t\t\t<div class=\"elementor-tab-title elementor-tab-mobile-title\" aria-selected=\"false\" data-tab=\"3\" role=\"tab\" tabindex=\"-1\" aria-controls=\"elementor-tab-content-2663\" aria-expanded=\"false\">APAC<\/div>\n\t\t\t\t\t<div id=\"elementor-tab-content-2663\" class=\"elementor-tab-content elementor-clearfix\" data-tab=\"3\" role=\"tabpanel\" aria-labelledby=\"elementor-tab-title-2663\" tabindex=\"0\" hidden=\"hidden\"><h3>Sydney, Australien<\/h3>\n<p><a href=\"tel:61408463839\">+61 408463839  <\/a><\/p>\n<\/div>\n\t\t\t\t\t\t\t<\/div>\n\t\t<\/div>\n\t\t\t\t\t\t<\/div>\n\t\t\t\t<\/div>\n\t\t\t\t\t<\/div>\n\t\t<\/div>\n\t\t\t\t\t<\/div>\n\t\t<\/section>\n\t\t\t\t<section class=\"elementor-section elementor-top-section elementor-element elementor-element-4a0ffff elementor-section-stretched dark-blue-row tagline-row elementor-section-boxed elementor-section-height-default elementor-section-height-default\" data-id=\"4a0ffff\" data-element_type=\"section\" data-e-type=\"section\" data-settings=\"{&quot;stretch_section&quot;:&quot;section-stretched&quot;}\">\n\t\t\t\t\t\t<div class=\"elementor-container elementor-column-gap-default\">\n\t\t\t\t\t<div class=\"elementor-column elementor-col-100 elementor-top-column elementor-element elementor-element-13454a5\" data-id=\"13454a5\" data-element_type=\"column\" data-e-type=\"column\">\n\t\t\t<div class=\"elementor-widget-wrap elementor-element-populated\">\n\t\t\t\t\t\t<div class=\"elementor-element elementor-element-f50f275 elementor-widget elementor-widget-text-editor\" data-id=\"f50f275\" data-element_type=\"widget\" data-e-type=\"widget\" data-widget_type=\"text-editor.default\">\n\t\t\t\t<div class=\"elementor-widget-container\">\n\t\t\t\t\t\t\t\t\t<h2 style=\"text-align: center;\">Wir konfigurieren es gemeinsam.<\/h2>\n\t\t\t\t\t\t\t\t<\/div>\n\t\t\t\t<\/div>\n\t\t\t\t\t<\/div>\n\t\t<\/div>\n\t\t\t\t\t<\/div>\n\t\t<\/section>\n\t\t\t\t<\/div>\n\t\t","protected":false},"excerpt":{"rendered":"<p>KontaktKurmi Software M\u00f6chten Sie weitere Informationen? Oder m\u00f6chten Sie einen Termin f\u00fcr eine pers\u00f6nliche Demo vereinbaren? Lassen Sie es uns wissen, und wir werden uns in K\u00fcrze bei Ihnen melden. [&hellip;]<\/p>\n","protected":false},"author":1,"featured_media":0,"parent":0,"menu_order":850,"comment_status":"closed","ping_status":"closed","template":"","meta":{"_acf_changed":false,"content-type":"","_genesis_hide_title":false,"_genesis_hide_breadcrumbs":false,"_genesis_hide_singular_image":false,"_genesis_hide_footer_widgets":false,"_genesis_custom_body_class":"","_genesis_custom_post_class":"","_genesis_layout":"","_EventAllDay":false,"_EventTimezone":"","_EventStartDate":"","_EventEndDate":"","_EventStartDateUTC":"","_EventEndDateUTC":"","_EventShowMap":false,"_EventShowMapLink":false,"_EventURL":"","_EventCost":"","_EventCostDescription":"","_EventCurrencySymbol":"","_EventCurrencyCode":"","_EventCurrencyPosition":"","_EventDateTimeSeparator":"","_EventTimeRangeSeparator":"","_EventOrganizerID":[],"_EventVenueID":[],"_OrganizerEmail":"","_OrganizerPhone":"","_OrganizerWebsite":"","_VenueAddress":"","_VenueCity":"","_VenueCountry":"","_VenueProvince":"","_VenueState":"","_VenueZip":"","_VenuePhone":"","_VenueURL":"","_VenueStateProvince":"","_VenueLat":"","_VenueLng":"","_VenueShowMap":false,"_VenueShowMapLink":false,"footnotes":""},"class_list":["post-3741","page","type-page","status-publish","entry"],"acf":[],"yoast_head":"<!-- This site is optimized with the Yoast SEO plugin v27.0 - https:\/\/yoast.com\/product\/yoast-seo-wordpress\/ -->\n<title>Kontakt - Kurmi Software<\/title>\n<meta name=\"robots\" content=\"index, follow, max-snippet:-1, max-image-preview:large, max-video-preview:-1\" \/>\n<link rel=\"canonical\" href=\"https:\/\/kurmi-software.com\/de\/kontakt\/\" \/>\n<meta property=\"og:locale\" content=\"de_DE\" \/>\n<meta property=\"og:type\" content=\"article\" \/>\n<meta property=\"og:title\" content=\"Kontakt - Kurmi Software\" \/>\n<meta property=\"og:description\" content=\"KontaktKurmi Software M\u00f6chten Sie weitere Informationen? Oder m\u00f6chten Sie einen Termin f\u00fcr eine pers\u00f6nliche Demo vereinbaren? Lassen Sie es uns wissen, und wir werden uns in K\u00fcrze bei Ihnen melden. [&hellip;]\" \/>\n<meta property=\"og:url\" content=\"https:\/\/kurmi-software.com\/de\/kontakt\/\" \/>\n<meta property=\"og:site_name\" content=\"Kurmi Software\" \/>\n<meta property=\"article:modified_time\" content=\"2024-01-03T14:18:28+00:00\" \/>\n<meta property=\"og:image\" content=\"https:\/\/kurmi-software.com\/wp-content\/uploads\/2023\/05\/share-img.jpg\" \/>\n\t<meta property=\"og:image:width\" content=\"2400\" \/>\n\t<meta property=\"og:image:height\" content=\"1256\" \/>\n\t<meta property=\"og:image:type\" content=\"image\/jpeg\" \/>\n<meta name=\"twitter:card\" content=\"summary_large_image\" \/>\n<meta name=\"twitter:site\" content=\"@kurmisoftware\" \/>\n<meta name=\"twitter:label1\" content=\"Gesch\u00e4tzte Lesezeit\" \/>\n\t<meta name=\"twitter:data1\" content=\"1 Minute\" \/>\n<script type=\"application\/ld+json\" class=\"yoast-schema-graph\">{\"@context\":\"https:\/\/schema.org\",\"@graph\":[{\"@type\":\"WebPage\",\"@id\":\"https:\/\/kurmi-software.com\/de\/kontakt\/\",\"url\":\"https:\/\/kurmi-software.com\/de\/kontakt\/\",\"name\":\"Kontakt - Kurmi Software\",\"isPartOf\":{\"@id\":\"https:\/\/kurmi-software.com\/de\/#website\"},\"datePublished\":\"2023-04-25T19:08:44+00:00\",\"dateModified\":\"2024-01-03T14:18:28+00:00\",\"breadcrumb\":{\"@id\":\"https:\/\/kurmi-software.com\/de\/kontakt\/#breadcrumb\"},\"inLanguage\":\"de-DE\",\"potentialAction\":[{\"@type\":\"ReadAction\",\"target\":[\"https:\/\/kurmi-software.com\/de\/kontakt\/\"]}]},{\"@type\":\"BreadcrumbList\",\"@id\":\"https:\/\/kurmi-software.com\/de\/kontakt\/#breadcrumb\",\"itemListElement\":[{\"@type\":\"ListItem\",\"position\":1,\"name\":\"Home\",\"item\":\"https:\/\/kurmi-software.com\/de\/startseite\/\"},{\"@type\":\"ListItem\",\"position\":2,\"name\":\"Kontakt\"}]},{\"@type\":\"WebSite\",\"@id\":\"https:\/\/kurmi-software.com\/de\/#website\",\"url\":\"https:\/\/kurmi-software.com\/de\/\",\"name\":\"Kurmi Software\",\"description\":\"Unified Communication - Automate &amp; Simplify the management\",\"publisher\":{\"@id\":\"https:\/\/kurmi-software.com\/de\/#organization\"},\"potentialAction\":[{\"@type\":\"SearchAction\",\"target\":{\"@type\":\"EntryPoint\",\"urlTemplate\":\"https:\/\/kurmi-software.com\/de\/?s={search_term_string}\"},\"query-input\":{\"@type\":\"PropertyValueSpecification\",\"valueRequired\":true,\"valueName\":\"search_term_string\"}}],\"inLanguage\":\"de-DE\"},{\"@type\":\"Organization\",\"@id\":\"https:\/\/kurmi-software.com\/de\/#organization\",\"name\":\"Kurmi Software\",\"url\":\"https:\/\/kurmi-software.com\/de\/\",\"logo\":{\"@type\":\"ImageObject\",\"inLanguage\":\"de-DE\",\"@id\":\"https:\/\/kurmi-software.com\/de\/#\/schema\/logo\/image\/\",\"url\":\"https:\/\/kurmi-software.com\/wp-content\/uploads\/2023\/04\/Logo.svg\",\"contentUrl\":\"https:\/\/kurmi-software.com\/wp-content\/uploads\/2023\/04\/Logo.svg\",\"width\":200,\"height\":92,\"caption\":\"Kurmi Software\"},\"image\":{\"@id\":\"https:\/\/kurmi-software.com\/de\/#\/schema\/logo\/image\/\"},\"sameAs\":[\"https:\/\/x.com\/kurmisoftware\",\"https:\/\/www.linkedin.com\/company\/kurmi-software\/\",\"https:\/\/www.youtube.com\/user\/KurmiSoftware\"]}]}<\/script>\n<!-- \/ Yoast SEO plugin. -->","yoast_head_json":{"title":"Kontakt - Kurmi Software","robots":{"index":"index","follow":"follow","max-snippet":"max-snippet:-1","max-image-preview":"max-image-preview:large","max-video-preview":"max-video-preview:-1"},"canonical":"https:\/\/kurmi-software.com\/de\/kontakt\/","og_locale":"de_DE","og_type":"article","og_title":"Kontakt - Kurmi Software","og_description":"KontaktKurmi Software M\u00f6chten Sie weitere Informationen? Oder m\u00f6chten Sie einen Termin f\u00fcr eine pers\u00f6nliche Demo vereinbaren? Lassen Sie es uns wissen, und wir werden uns in K\u00fcrze bei Ihnen melden. [&hellip;]","og_url":"https:\/\/kurmi-software.com\/de\/kontakt\/","og_site_name":"Kurmi Software","article_modified_time":"2024-01-03T14:18:28+00:00","og_image":[{"width":2400,"height":1256,"url":"https:\/\/kurmi-software.com\/wp-content\/uploads\/2023\/05\/share-img.jpg","type":"image\/jpeg"}],"twitter_card":"summary_large_image","twitter_site":"@kurmisoftware","twitter_misc":{"Gesch\u00e4tzte Lesezeit":"1 Minute"},"schema":{"@context":"https:\/\/schema.org","@graph":[{"@type":"WebPage","@id":"https:\/\/kurmi-software.com\/de\/kontakt\/","url":"https:\/\/kurmi-software.com\/de\/kontakt\/","name":"Kontakt - Kurmi Software","isPartOf":{"@id":"https:\/\/kurmi-software.com\/de\/#website"},"datePublished":"2023-04-25T19:08:44+00:00","dateModified":"2024-01-03T14:18:28+00:00","breadcrumb":{"@id":"https:\/\/kurmi-software.com\/de\/kontakt\/#breadcrumb"},"inLanguage":"de-DE","potentialAction":[{"@type":"ReadAction","target":["https:\/\/kurmi-software.com\/de\/kontakt\/"]}]},{"@type":"BreadcrumbList","@id":"https:\/\/kurmi-software.com\/de\/kontakt\/#breadcrumb","itemListElement":[{"@type":"ListItem","position":1,"name":"Home","item":"https:\/\/kurmi-software.com\/de\/startseite\/"},{"@type":"ListItem","position":2,"name":"Kontakt"}]},{"@type":"WebSite","@id":"https:\/\/kurmi-software.com\/de\/#website","url":"https:\/\/kurmi-software.com\/de\/","name":"Kurmi Software","description":"Unified Communication - Automate &amp; Simplify the management","publisher":{"@id":"https:\/\/kurmi-software.com\/de\/#organization"},"potentialAction":[{"@type":"SearchAction","target":{"@type":"EntryPoint","urlTemplate":"https:\/\/kurmi-software.com\/de\/?s={search_term_string}"},"query-input":{"@type":"PropertyValueSpecification","valueRequired":true,"valueName":"search_term_string"}}],"inLanguage":"de-DE"},{"@type":"Organization","@id":"https:\/\/kurmi-software.com\/de\/#organization","name":"Kurmi Software","url":"https:\/\/kurmi-software.com\/de\/","logo":{"@type":"ImageObject","inLanguage":"de-DE","@id":"https:\/\/kurmi-software.com\/de\/#\/schema\/logo\/image\/","url":"https:\/\/kurmi-software.com\/wp-content\/uploads\/2023\/04\/Logo.svg","contentUrl":"https:\/\/kurmi-software.com\/wp-content\/uploads\/2023\/04\/Logo.svg","width":200,"height":92,"caption":"Kurmi Software"},"image":{"@id":"https:\/\/kurmi-software.com\/de\/#\/schema\/logo\/image\/"},"sameAs":["https:\/\/x.com\/kurmisoftware","https:\/\/www.linkedin.com\/company\/kurmi-software\/","https:\/\/www.youtube.com\/user\/KurmiSoftware"]}]}},"_links":{"self":[{"href":"https:\/\/kurmi-software.com\/de\/wp-json\/wp\/v2\/pages\/3741","targetHints":{"allow":["GET"]}}],"collection":[{"href":"https:\/\/kurmi-software.com\/de\/wp-json\/wp\/v2\/pages"}],"about":[{"href":"https:\/\/kurmi-software.com\/de\/wp-json\/wp\/v2\/types\/page"}],"author":[{"embeddable":true,"href":"https:\/\/kurmi-software.com\/de\/wp-json\/wp\/v2\/users\/1"}],"replies":[{"embeddable":true,"href":"https:\/\/kurmi-software.com\/de\/wp-json\/wp\/v2\/comments?post=3741"}],"version-history":[{"count":0,"href":"https:\/\/kurmi-software.com\/de\/wp-json\/wp\/v2\/pages\/3741\/revisions"}],"wp:attachment":[{"href":"https:\/\/kurmi-software.com\/de\/wp-json\/wp\/v2\/media?parent=3741"}],"curies":[{"name":"wp","href":"https:\/\/api.w.org\/{rel}","templated":true}]}}