{"id":3751,"date":"2023-04-25T15:08:44","date_gmt":"2023-04-25T19:08:44","guid":{"rendered":"https:\/\/kurmi.wpengine.com\/impressum\/"},"modified":"2023-05-30T14:38:52","modified_gmt":"2023-05-30T18:38:52","slug":"impressum","status":"publish","type":"page","link":"https:\/\/kurmi-software.com\/de\/impressum\/","title":{"rendered":"Impressum"},"content":{"rendered":"\t\t<div data-elementor-type=\"wp-page\" data-elementor-id=\"3751\" class=\"elementor elementor-3751 elementor-187\" data-elementor-post-type=\"page\">\n\t\t\t\t\t\t<section class=\"elementor-section elementor-top-section elementor-element elementor-element-93daafb elementor-section-stretched subpage-hero-row orange-row has-burst elementor-section-boxed elementor-section-height-default elementor-section-height-default\" data-id=\"93daafb\" data-element_type=\"section\" data-e-type=\"section\" data-settings=\"{&quot;stretch_section&quot;:&quot;section-stretched&quot;}\">\n\t\t\t\t\t\t<div class=\"elementor-container elementor-column-gap-default\">\n\t\t\t\t\t<div class=\"elementor-column elementor-col-66 elementor-top-column elementor-element elementor-element-4e5e2a4\" data-id=\"4e5e2a4\" data-element_type=\"column\" data-e-type=\"column\">\n\t\t\t<div class=\"elementor-widget-wrap elementor-element-populated\">\n\t\t\t\t\t\t<div class=\"elementor-element elementor-element-5b81e90 elementor-invisible elementor-widget elementor-widget-text-editor\" data-id=\"5b81e90\" data-element_type=\"widget\" data-e-type=\"widget\" data-settings=\"{&quot;_animation&quot;:&quot;fadeInUp&quot;}\" data-widget_type=\"text-editor.default\">\n\t\t\t\t<div class=\"elementor-widget-container\">\n\t\t\t\t\t\t\t\t\t<h1>Impressum<\/h1>\n\t\t\t\t\t\t\t\t<\/div>\n\t\t\t\t<\/div>\n\t\t\t\t\t<\/div>\n\t\t<\/div>\n\t\t\t\t<div class=\"elementor-column elementor-col-33 elementor-top-column elementor-element elementor-element-4d507eb\" data-id=\"4d507eb\" data-element_type=\"column\" data-e-type=\"column\">\n\t\t\t<div class=\"elementor-widget-wrap\">\n\t\t\t\t\t\t\t<\/div>\n\t\t<\/div>\n\t\t\t\t\t<\/div>\n\t\t<\/section>\n\t\t\t\t<section class=\"elementor-section elementor-top-section elementor-element elementor-element-a9f389c elementor-section-boxed elementor-section-height-default elementor-section-height-default\" data-id=\"a9f389c\" data-element_type=\"section\" data-e-type=\"section\">\n\t\t\t\t\t\t<div class=\"elementor-container elementor-column-gap-default\">\n\t\t\t\t\t<div class=\"elementor-column elementor-col-100 elementor-top-column elementor-element elementor-element-37f7288\" data-id=\"37f7288\" data-element_type=\"column\" data-e-type=\"column\">\n\t\t\t<div class=\"elementor-widget-wrap elementor-element-populated\">\n\t\t\t\t\t\t<div class=\"elementor-element elementor-element-6968fe1 elementor-widget elementor-widget-text-editor\" data-id=\"6968fe1\" data-element_type=\"widget\" data-e-type=\"widget\" data-widget_type=\"text-editor.default\">\n\t\t\t\t<div class=\"elementor-widget-container\">\n\t\t\t\t\t\t\t\t\t<h2>Pr\u00e4sentation der Website<\/h2>\n<p>Der Herausgeber dieser Website (im Folgenden als &#8222;Site&#8220; bezeichnet) ist  <strong>Kurmi Software<\/strong>, eine franz\u00f6sische Aktiengesellschaft (&#8222;SAS&#8220;) mit einem Stammkapital von 49 483 Euro, eingetragen im Handelsregister von Rennes (&#8222;Registre du commerce et des soci\u00e9t\u00e9s de Rennes&#8220;) unter der Nummer 529 230 773, mit Sitz in<\/p>\n<p>9D Rue de Ch\u00e2tillon<br \/>\u00celot Paul Feval &#8211; Eurorennes<br \/>35000 Rennes &#8211; Frankreich<br \/>T\u00e9l. : + 33 (0)2 99 32 02 84<br \/>Fax : + 33 (0)2 22 44 88 75<br \/>MEHRWERTSTEUER FR 17 529 230 773 &#8211; APE 5829C.<\/p>\n\t\t\t\t\t\t\t\t<\/div>\n\t\t\t\t<\/div>\n\t\t\t\t<div class=\"elementor-element elementor-element-6ac6196 elementor-widget elementor-widget-text-editor\" data-id=\"6ac6196\" data-element_type=\"widget\" data-e-type=\"widget\" data-widget_type=\"text-editor.default\">\n\t\t\t\t<div class=\"elementor-widget-container\">\n\t\t\t\t\t\t\t\t\t<h2>Verantwortlicher Herausgeber<\/h2>\n<p>Der verantwortliche Redakteur ist Herr Hugues Meili, Pr\u00e4sident der Kurmi Software SAS, in seiner Funktion als Pr\u00e4sident der Gesellschaft. Die amtliche Ver\u00f6ffentlichung erfolgt durch eine nat\u00fcrliche oder juristische Person.<\/p>\n\t\t\t\t\t\t\t\t<\/div>\n\t\t\t\t<\/div>\n\t\t\t\t<div class=\"elementor-element elementor-element-7e9f7d1 elementor-widget elementor-widget-text-editor\" data-id=\"7e9f7d1\" data-element_type=\"widget\" data-e-type=\"widget\" data-widget_type=\"text-editor.default\">\n\t\t\t\t<div class=\"elementor-widget-container\">\n\t\t\t\t\t\t\t\t\t<h2>Anbieter<\/h2>\n<p>Der Anbieter der Hosting-Dienste ist: OVH, 2 rue Kellermann, 59100 Roubaix, Frankreich.<\/p>\n\t\t\t\t\t\t\t\t<\/div>\n\t\t\t\t<\/div>\n\t\t\t\t<div class=\"elementor-element elementor-element-3b6dd82 elementor-widget elementor-widget-text-editor\" data-id=\"3b6dd82\" data-element_type=\"widget\" data-e-type=\"widget\" data-widget_type=\"text-editor.default\">\n\t\t\t\t<div class=\"elementor-widget-container\">\n\t\t\t\t\t\t\t\t\t<h2>Layout<\/h2>\n<p>Das grafische Layout und die Ergonomie dieser Website wurden von <a href=\"https:\/\/secondmelody.com\/\" target=\"_blank\" rel=\"noopener\">Second Melody<\/a> entworfen<\/p>\n\t\t\t\t\t\t\t\t<\/div>\n\t\t\t\t<\/div>\n\t\t\t\t<div class=\"elementor-element elementor-element-db6aa77 elementor-widget elementor-widget-text-editor\" data-id=\"db6aa77\" data-element_type=\"widget\" data-e-type=\"widget\" data-widget_type=\"text-editor.default\">\n\t\t\t\t<div class=\"elementor-widget-container\">\n\t\t\t\t\t\t\t\t\t<h2>Struktur<\/h2>\n<p>Die Struktur der Website und alle ihre Elemente, unabh\u00e4ngig davon, ob sie urheberrechtlich oder anderweitig durch alle anwendbaren Gesetze gesch\u00fctzt sind, bleiben das alleinige und exklusive Eigentum von Kurmi Software.<\/p>\n<p>Jegliche Vervielf\u00e4ltigung, Extraktion, Darstellung, \u00c4nderung, Modifikation, Anpassung oder Nutzung der Website oder eines ihrer Elemente, ganz oder teilweise, unabh\u00e4ngig von den Mitteln und Zwecken, und ganz allgemein jede Handlung, die nicht ausdr\u00fccklich von Kurmi Software genehmigt wurde, ist strengstens untersagt und strafbar.<\/p>\n<p>Die Marken, Handelsnamen, Dienstleistungsmarken, Logos und andere Unterscheidungsmerkmale von Kurmi Software, die auf der Website angezeigt werden, sind durch die franz\u00f6sische, europ\u00e4ische und andere geltende Gesetzgebung gesch\u00fctzt. Jede unerlaubte Nutzung oder Reproduktion ist strengstens untersagt.<\/p>\n<p>Kurmi Software wird alle wirtschaftlich vertretbaren Anstrengungen unternehmen, um die auf der Website ver\u00f6ffentlichten Informationen zu aktualisieren. Kurmi Software \u00fcbernimmt jedoch keine Gew\u00e4hr f\u00fcr die Richtigkeit, Aktualit\u00e4t und\/oder Vollst\u00e4ndigkeit der auf der Website ver\u00f6ffentlichten Informationen.<\/p>\n<p>Infolgedessen haftet Kurmi Software nicht f\u00fcr Sch\u00e4den, die sich aus der Nutzung der Website ergeben oder damit zusammenh\u00e4ngen, insbesondere im Falle von Fehlern bei der Nutzung der Website, geringer Verf\u00fcgbarkeit der Website, insbesondere aufgrund von Problemen bei der Internetverbindung, oder des Vorhandenseins von Viren auf der Website.<\/p>\n<p>Informationen, die per E-Mail oder \u00fcber Formulare auf der Website \u00fcbermittelt werden, werden ausschlie\u00dflich zur Verwendung durch Kurmi Software gespeichert und nicht an Dritte weitergegeben. Gem\u00e4\u00df dem franz\u00f6sischen Gesetz (Loi &#8222;Informatique et Libert\u00e9&#8220; n\u00b0 78-17 vom 6. Januar 1978) haben Sie das Recht auf Zugang, Berichtigung oder L\u00f6schung aller Sie betreffenden pers\u00f6nlichen Daten. Dieses Recht kann durch Senden einer E-Mail an <a href=\"mailto:contact-us@kurmi-software.com\" target=\"_blank\" rel=\"noopener\">contact-us@kurmi-software.com<\/a> ausge\u00fcbt werden <a href=\"mailto:contact-us@kurmi-software.com\" target=\"_blank\" rel=\"noopener\">.<\/a><\/p>\n\t\t\t\t\t\t\t\t<\/div>\n\t\t\t\t<\/div>\n\t\t\t\t<div class=\"elementor-element elementor-element-be2a63e elementor-widget elementor-widget-text-editor\" data-id=\"be2a63e\" data-element_type=\"widget\" data-e-type=\"widget\" data-widget_type=\"text-editor.default\">\n\t\t\t\t<div class=\"elementor-widget-container\">\n\t\t\t\t\t\t\t\t\t<h2>Urheberrecht<\/h2>\n<p>\u00a9 Kurmi Software<\/p>\n\t\t\t\t\t\t\t\t<\/div>\n\t\t\t\t<\/div>\n\t\t\t\t\t<\/div>\n\t\t<\/div>\n\t\t\t\t\t<\/div>\n\t\t<\/section>\n\t\t\t\t<section class=\"elementor-section elementor-top-section elementor-element elementor-element-3de79d6 elementor-section-stretched dark-blue-row tagline-row elementor-section-boxed elementor-section-height-default elementor-section-height-default\" data-id=\"3de79d6\" data-element_type=\"section\" data-e-type=\"section\" data-settings=\"{&quot;stretch_section&quot;:&quot;section-stretched&quot;}\">\n\t\t\t\t\t\t<div class=\"elementor-container elementor-column-gap-default\">\n\t\t\t\t\t<div class=\"elementor-column elementor-col-100 elementor-top-column elementor-element elementor-element-b13ad41\" data-id=\"b13ad41\" data-element_type=\"column\" data-e-type=\"column\">\n\t\t\t<div class=\"elementor-widget-wrap elementor-element-populated\">\n\t\t\t\t\t\t<div class=\"elementor-element elementor-element-22ef075 elementor-widget elementor-widget-text-editor\" data-id=\"22ef075\" data-element_type=\"widget\" data-e-type=\"widget\" data-widget_type=\"text-editor.default\">\n\t\t\t\t<div class=\"elementor-widget-container\">\n\t\t\t\t\t\t\t\t\t<h2 style=\"text-align: center;\">Wir konfigurieren es gemeinsam.<\/h2>\n\t\t\t\t\t\t\t\t<\/div>\n\t\t\t\t<\/div>\n\t\t\t\t\t<\/div>\n\t\t<\/div>\n\t\t\t\t\t<\/div>\n\t\t<\/section>\n\t\t\t\t<\/div>\n\t\t","protected":false},"excerpt":{"rendered":"<p>Impressum Pr\u00e4sentation der Website Der Herausgeber dieser Website (im Folgenden als &#8222;Site&#8220; bezeichnet) ist Kurmi Software, eine franz\u00f6sische Aktiengesellschaft (&#8222;SAS&#8220;) mit einem Stammkapital von 49 483 Euro, eingetragen im Handelsregister [&hellip;]<\/p>\n","protected":false},"author":1,"featured_media":0,"parent":0,"menu_order":880,"comment_status":"closed","ping_status":"closed","template":"","meta":{"_acf_changed":false,"content-type":"","_genesis_hide_title":false,"_genesis_hide_breadcrumbs":false,"_genesis_hide_singular_image":false,"_genesis_hide_footer_widgets":false,"_genesis_custom_body_class":"","_genesis_custom_post_class":"","_genesis_layout":"","_EventAllDay":false,"_EventTimezone":"","_EventStartDate":"","_EventEndDate":"","_EventStartDateUTC":"","_EventEndDateUTC":"","_EventShowMap":false,"_EventShowMapLink":false,"_EventURL":"","_EventCost":"","_EventCostDescription":"","_EventCurrencySymbol":"","_EventCurrencyCode":"","_EventCurrencyPosition":"","_EventDateTimeSeparator":"","_EventTimeRangeSeparator":"","_EventOrganizerID":[],"_EventVenueID":[],"_OrganizerEmail":"","_OrganizerPhone":"","_OrganizerWebsite":"","_VenueAddress":"","_VenueCity":"","_VenueCountry":"","_VenueProvince":"","_VenueState":"","_VenueZip":"","_VenuePhone":"","_VenueURL":"","_VenueStateProvince":"","_VenueLat":"","_VenueLng":"","_VenueShowMap":false,"_VenueShowMapLink":false,"footnotes":""},"class_list":["post-3751","page","type-page","status-publish","entry"],"acf":[],"yoast_head":"<!-- This site is optimized with the Yoast SEO plugin v27.0 - https:\/\/yoast.com\/product\/yoast-seo-wordpress\/ -->\n<title>Impressum - Kurmi Software<\/title>\n<meta name=\"robots\" content=\"index, follow, max-snippet:-1, max-image-preview:large, max-video-preview:-1\" \/>\n<link rel=\"canonical\" href=\"https:\/\/kurmi-software.com\/de\/impressum\/\" \/>\n<meta property=\"og:locale\" content=\"de_DE\" \/>\n<meta property=\"og:type\" content=\"article\" \/>\n<meta property=\"og:title\" content=\"Impressum - Kurmi Software\" \/>\n<meta property=\"og:description\" content=\"Impressum Pr\u00e4sentation der Website Der Herausgeber dieser Website (im Folgenden als &#8222;Site&#8220; bezeichnet) ist Kurmi Software, eine franz\u00f6sische Aktiengesellschaft (&#8222;SAS&#8220;) mit einem Stammkapital von 49 483 Euro, eingetragen im Handelsregister [&hellip;]\" \/>\n<meta property=\"og:url\" content=\"https:\/\/kurmi-software.com\/de\/impressum\/\" \/>\n<meta property=\"og:site_name\" content=\"Kurmi Software\" \/>\n<meta property=\"article:modified_time\" content=\"2023-05-30T18:38:52+00:00\" \/>\n<meta property=\"og:image\" content=\"https:\/\/kurmi-software.com\/wp-content\/uploads\/2023\/05\/share-img.jpg\" \/>\n\t<meta property=\"og:image:width\" content=\"2400\" \/>\n\t<meta property=\"og:image:height\" content=\"1256\" \/>\n\t<meta property=\"og:image:type\" content=\"image\/jpeg\" \/>\n<meta name=\"twitter:card\" content=\"summary_large_image\" \/>\n<meta name=\"twitter:site\" content=\"@kurmisoftware\" \/>\n<meta name=\"twitter:label1\" content=\"Gesch\u00e4tzte Lesezeit\" \/>\n\t<meta name=\"twitter:data1\" content=\"2 Minuten\" \/>\n<script type=\"application\/ld+json\" class=\"yoast-schema-graph\">{\"@context\":\"https:\/\/schema.org\",\"@graph\":[{\"@type\":\"WebPage\",\"@id\":\"https:\/\/kurmi-software.com\/de\/impressum\/\",\"url\":\"https:\/\/kurmi-software.com\/de\/impressum\/\",\"name\":\"Impressum - Kurmi Software\",\"isPartOf\":{\"@id\":\"https:\/\/kurmi-software.com\/de\/#website\"},\"datePublished\":\"2023-04-25T19:08:44+00:00\",\"dateModified\":\"2023-05-30T18:38:52+00:00\",\"breadcrumb\":{\"@id\":\"https:\/\/kurmi-software.com\/de\/impressum\/#breadcrumb\"},\"inLanguage\":\"de-DE\",\"potentialAction\":[{\"@type\":\"ReadAction\",\"target\":[\"https:\/\/kurmi-software.com\/de\/impressum\/\"]}]},{\"@type\":\"BreadcrumbList\",\"@id\":\"https:\/\/kurmi-software.com\/de\/impressum\/#breadcrumb\",\"itemListElement\":[{\"@type\":\"ListItem\",\"position\":1,\"name\":\"Home\",\"item\":\"https:\/\/kurmi-software.com\/de\/startseite\/\"},{\"@type\":\"ListItem\",\"position\":2,\"name\":\"Impressum\"}]},{\"@type\":\"WebSite\",\"@id\":\"https:\/\/kurmi-software.com\/de\/#website\",\"url\":\"https:\/\/kurmi-software.com\/de\/\",\"name\":\"Kurmi Software\",\"description\":\"Unified Communication - Automate &amp; Simplify the management\",\"publisher\":{\"@id\":\"https:\/\/kurmi-software.com\/de\/#organization\"},\"potentialAction\":[{\"@type\":\"SearchAction\",\"target\":{\"@type\":\"EntryPoint\",\"urlTemplate\":\"https:\/\/kurmi-software.com\/de\/?s={search_term_string}\"},\"query-input\":{\"@type\":\"PropertyValueSpecification\",\"valueRequired\":true,\"valueName\":\"search_term_string\"}}],\"inLanguage\":\"de-DE\"},{\"@type\":\"Organization\",\"@id\":\"https:\/\/kurmi-software.com\/de\/#organization\",\"name\":\"Kurmi Software\",\"url\":\"https:\/\/kurmi-software.com\/de\/\",\"logo\":{\"@type\":\"ImageObject\",\"inLanguage\":\"de-DE\",\"@id\":\"https:\/\/kurmi-software.com\/de\/#\/schema\/logo\/image\/\",\"url\":\"https:\/\/kurmi-software.com\/wp-content\/uploads\/2023\/04\/Logo.svg\",\"contentUrl\":\"https:\/\/kurmi-software.com\/wp-content\/uploads\/2023\/04\/Logo.svg\",\"width\":200,\"height\":92,\"caption\":\"Kurmi Software\"},\"image\":{\"@id\":\"https:\/\/kurmi-software.com\/de\/#\/schema\/logo\/image\/\"},\"sameAs\":[\"https:\/\/x.com\/kurmisoftware\",\"https:\/\/www.linkedin.com\/company\/kurmi-software\/\",\"https:\/\/www.youtube.com\/user\/KurmiSoftware\"]}]}<\/script>\n<!-- \/ Yoast SEO plugin. -->","yoast_head_json":{"title":"Impressum - Kurmi Software","robots":{"index":"index","follow":"follow","max-snippet":"max-snippet:-1","max-image-preview":"max-image-preview:large","max-video-preview":"max-video-preview:-1"},"canonical":"https:\/\/kurmi-software.com\/de\/impressum\/","og_locale":"de_DE","og_type":"article","og_title":"Impressum - Kurmi Software","og_description":"Impressum Pr\u00e4sentation der Website Der Herausgeber dieser Website (im Folgenden als &#8222;Site&#8220; bezeichnet) ist Kurmi Software, eine franz\u00f6sische Aktiengesellschaft (&#8222;SAS&#8220;) mit einem Stammkapital von 49 483 Euro, eingetragen im Handelsregister [&hellip;]","og_url":"https:\/\/kurmi-software.com\/de\/impressum\/","og_site_name":"Kurmi Software","article_modified_time":"2023-05-30T18:38:52+00:00","og_image":[{"width":2400,"height":1256,"url":"https:\/\/kurmi-software.com\/wp-content\/uploads\/2023\/05\/share-img.jpg","type":"image\/jpeg"}],"twitter_card":"summary_large_image","twitter_site":"@kurmisoftware","twitter_misc":{"Gesch\u00e4tzte Lesezeit":"2 Minuten"},"schema":{"@context":"https:\/\/schema.org","@graph":[{"@type":"WebPage","@id":"https:\/\/kurmi-software.com\/de\/impressum\/","url":"https:\/\/kurmi-software.com\/de\/impressum\/","name":"Impressum - Kurmi Software","isPartOf":{"@id":"https:\/\/kurmi-software.com\/de\/#website"},"datePublished":"2023-04-25T19:08:44+00:00","dateModified":"2023-05-30T18:38:52+00:00","breadcrumb":{"@id":"https:\/\/kurmi-software.com\/de\/impressum\/#breadcrumb"},"inLanguage":"de-DE","potentialAction":[{"@type":"ReadAction","target":["https:\/\/kurmi-software.com\/de\/impressum\/"]}]},{"@type":"BreadcrumbList","@id":"https:\/\/kurmi-software.com\/de\/impressum\/#breadcrumb","itemListElement":[{"@type":"ListItem","position":1,"name":"Home","item":"https:\/\/kurmi-software.com\/de\/startseite\/"},{"@type":"ListItem","position":2,"name":"Impressum"}]},{"@type":"WebSite","@id":"https:\/\/kurmi-software.com\/de\/#website","url":"https:\/\/kurmi-software.com\/de\/","name":"Kurmi Software","description":"Unified Communication - Automate &amp; Simplify the management","publisher":{"@id":"https:\/\/kurmi-software.com\/de\/#organization"},"potentialAction":[{"@type":"SearchAction","target":{"@type":"EntryPoint","urlTemplate":"https:\/\/kurmi-software.com\/de\/?s={search_term_string}"},"query-input":{"@type":"PropertyValueSpecification","valueRequired":true,"valueName":"search_term_string"}}],"inLanguage":"de-DE"},{"@type":"Organization","@id":"https:\/\/kurmi-software.com\/de\/#organization","name":"Kurmi Software","url":"https:\/\/kurmi-software.com\/de\/","logo":{"@type":"ImageObject","inLanguage":"de-DE","@id":"https:\/\/kurmi-software.com\/de\/#\/schema\/logo\/image\/","url":"https:\/\/kurmi-software.com\/wp-content\/uploads\/2023\/04\/Logo.svg","contentUrl":"https:\/\/kurmi-software.com\/wp-content\/uploads\/2023\/04\/Logo.svg","width":200,"height":92,"caption":"Kurmi Software"},"image":{"@id":"https:\/\/kurmi-software.com\/de\/#\/schema\/logo\/image\/"},"sameAs":["https:\/\/x.com\/kurmisoftware","https:\/\/www.linkedin.com\/company\/kurmi-software\/","https:\/\/www.youtube.com\/user\/KurmiSoftware"]}]}},"_links":{"self":[{"href":"https:\/\/kurmi-software.com\/de\/wp-json\/wp\/v2\/pages\/3751","targetHints":{"allow":["GET"]}}],"collection":[{"href":"https:\/\/kurmi-software.com\/de\/wp-json\/wp\/v2\/pages"}],"about":[{"href":"https:\/\/kurmi-software.com\/de\/wp-json\/wp\/v2\/types\/page"}],"author":[{"embeddable":true,"href":"https:\/\/kurmi-software.com\/de\/wp-json\/wp\/v2\/users\/1"}],"replies":[{"embeddable":true,"href":"https:\/\/kurmi-software.com\/de\/wp-json\/wp\/v2\/comments?post=3751"}],"version-history":[{"count":0,"href":"https:\/\/kurmi-software.com\/de\/wp-json\/wp\/v2\/pages\/3751\/revisions"}],"wp:attachment":[{"href":"https:\/\/kurmi-software.com\/de\/wp-json\/wp\/v2\/media?parent=3751"}],"curies":[{"name":"wp","href":"https:\/\/api.w.org\/{rel}","templated":true}]}}