{"id":3691,"date":"2023-04-25T15:08:42","date_gmt":"2023-04-25T19:08:42","guid":{"rendered":"https:\/\/kurmi.wpengine.com\/aplicacion\/"},"modified":"2025-11-13T09:48:49","modified_gmt":"2025-11-13T14:48:49","slug":"aplicacion","status":"publish","type":"page","link":"https:\/\/kurmi-software.com\/es\/productos\/servicios-profesionales\/aplicacion\/","title":{"rendered":"Aplicaci\u00f3n"},"content":{"rendered":"\t\t<div data-elementor-type=\"wp-page\" data-elementor-id=\"3691\" class=\"elementor elementor-3691 elementor-69\" data-elementor-post-type=\"page\">\n\t\t\t\t\t\t<section class=\"elementor-section elementor-top-section elementor-element elementor-element-372d00e elementor-section-stretched subpage-hero-row orange-row has-burst elementor-section-boxed elementor-section-height-default elementor-section-height-default\" data-id=\"372d00e\" data-element_type=\"section\" data-e-type=\"section\" data-settings=\"{&quot;stretch_section&quot;:&quot;section-stretched&quot;}\">\n\t\t\t\t\t\t<div class=\"elementor-container elementor-column-gap-default\">\n\t\t\t\t\t<div class=\"elementor-column elementor-col-66 elementor-top-column elementor-element elementor-element-21abefa\" data-id=\"21abefa\" data-element_type=\"column\" data-e-type=\"column\">\n\t\t\t<div class=\"elementor-widget-wrap elementor-element-populated\">\n\t\t\t\t\t\t<div class=\"elementor-element elementor-element-3503ee4 elementor-invisible elementor-widget elementor-widget-text-editor\" data-id=\"3503ee4\" data-element_type=\"widget\" data-e-type=\"widget\" data-settings=\"{&quot;_animation&quot;:&quot;fadeInUp&quot;}\" data-widget_type=\"text-editor.default\">\n\t\t\t\t<div class=\"elementor-widget-container\">\n\t\t\t\t\t\t\t\t\t<h1>Servicios de implantaci\u00f3n<\/h1><p>Asegure el \u00e9xito de su proyecto de CU con el equipo de expertos de Kurmi a su lado.<\/p>\t\t\t\t\t\t\t\t<\/div>\n\t\t\t\t<\/div>\n\t\t\t\t\t<\/div>\n\t\t<\/div>\n\t\t\t\t<div class=\"elementor-column elementor-col-33 elementor-top-column elementor-element elementor-element-62ea54e\" data-id=\"62ea54e\" data-element_type=\"column\" data-e-type=\"column\">\n\t\t\t<div class=\"elementor-widget-wrap\">\n\t\t\t\t\t\t\t<\/div>\n\t\t<\/div>\n\t\t\t\t\t<\/div>\n\t\t<\/section>\n\t\t\t\t<section class=\"elementor-section elementor-top-section elementor-element elementor-element-cacc5f3 elementor-section-boxed elementor-section-height-default elementor-section-height-default\" data-id=\"cacc5f3\" data-element_type=\"section\" data-e-type=\"section\">\n\t\t\t\t\t\t<div class=\"elementor-container elementor-column-gap-default\">\n\t\t\t\t\t<div class=\"elementor-column elementor-col-100 elementor-top-column elementor-element elementor-element-d89bb8e\" data-id=\"d89bb8e\" data-element_type=\"column\" data-e-type=\"column\">\n\t\t\t<div class=\"elementor-widget-wrap elementor-element-populated\">\n\t\t\t\t\t\t<section class=\"elementor-section elementor-inner-section elementor-element elementor-element-ad23824 elementor-section-boxed elementor-section-height-default elementor-section-height-default elementor-invisible\" data-id=\"ad23824\" data-element_type=\"section\" data-e-type=\"section\" data-settings=\"{&quot;animation&quot;:&quot;fadeInUp&quot;}\">\n\t\t\t\t\t\t<div class=\"elementor-container elementor-column-gap-default\">\n\t\t\t\t\t<div class=\"elementor-column elementor-col-66 elementor-inner-column elementor-element elementor-element-92778db\" data-id=\"92778db\" data-element_type=\"column\" data-e-type=\"column\">\n\t\t\t<div class=\"elementor-widget-wrap elementor-element-populated\">\n\t\t\t\t\t\t<div class=\"elementor-element elementor-element-e49c4cf elementor-widget elementor-widget-text-editor\" data-id=\"e49c4cf\" data-element_type=\"widget\" data-e-type=\"widget\" data-widget_type=\"text-editor.default\">\n\t\t\t\t<div class=\"elementor-widget-container\">\n\t\t\t\t\t\t\t\t\t<h2 style=\"text-align: left;\">El compromiso de Kurmi<\/h2><p style=\"text-align: left;\">Desde la consulta inicial hasta la implantaci\u00f3n final, trabajamos con usted para adaptar su plataforma de comunicaciones unificadas a sus necesidades, sin codificaciones complejas que requieran mucho tiempo.<\/p><p style=\"text-align: left;\">Nuestro planteamiento de despliegue se basa en una metodolog\u00eda de tres fases:<\/p>\t\t\t\t\t\t\t\t<\/div>\n\t\t\t\t<\/div>\n\t\t\t\t\t<\/div>\n\t\t<\/div>\n\t\t\t\t<div class=\"elementor-column elementor-col-33 elementor-inner-column elementor-element elementor-element-39aedca\" data-id=\"39aedca\" data-element_type=\"column\" data-e-type=\"column\">\n\t\t\t<div class=\"elementor-widget-wrap\">\n\t\t\t\t\t\t\t<\/div>\n\t\t<\/div>\n\t\t\t\t\t<\/div>\n\t\t<\/section>\n\t\t\t\t<div class=\"elementor-element elementor-element-8e40050 elementor-invisible elementor-widget elementor-widget-image\" data-id=\"8e40050\" data-element_type=\"widget\" data-e-type=\"widget\" data-settings=\"{&quot;_animation&quot;:&quot;fadeInUp&quot;}\" data-widget_type=\"image.default\">\n\t\t\t\t<div class=\"elementor-widget-container\">\n\t\t\t\t\t\t\t\t\t\t\t\t\t\t\t<img fetchpriority=\"high\" decoding=\"async\" width=\"910\" height=\"440\" src=\"https:\/\/kurmi-software.com\/wp-content\/uploads\/2023\/05\/Artboard-7.svg\" class=\"attachment-full size-full wp-image-3086\" alt=\"\" \/>\t\t\t\t\t\t\t\t\t\t\t\t\t\t\t<\/div>\n\t\t\t\t<\/div>\n\t\t\t\t<section class=\"elementor-section elementor-inner-section elementor-element elementor-element-8acdb4e cards-row elementor-section-content-top elementor-section-boxed elementor-section-height-default elementor-section-height-default\" data-id=\"8acdb4e\" data-element_type=\"section\" data-e-type=\"section\">\n\t\t\t\t\t\t<div class=\"elementor-container elementor-column-gap-default\">\n\t\t\t\t\t<div class=\"elementor-column elementor-col-33 elementor-inner-column elementor-element elementor-element-927d243 card elementor-invisible\" data-id=\"927d243\" data-element_type=\"column\" data-e-type=\"column\" data-settings=\"{&quot;animation&quot;:&quot;fadeInUp&quot;}\">\n\t\t\t<div class=\"elementor-widget-wrap elementor-element-populated\">\n\t\t\t\t\t\t<div class=\"elementor-element elementor-element-0d4908c elementor-widget elementor-widget-text-editor\" data-id=\"0d4908c\" data-element_type=\"widget\" data-e-type=\"widget\" data-widget_type=\"text-editor.default\">\n\t\t\t\t<div class=\"elementor-widget-container\">\n\t\t\t\t\t\t\t\t\t<h3>Fase 1: Dise\u00f1o<\/h3><p>Eval\u00fae los procesos empresariales actuales en su sistema para definir los flujos de trabajo y el nivel de configuraci\u00f3n.<\/p>\t\t\t\t\t\t\t\t<\/div>\n\t\t\t\t<\/div>\n\t\t\t\t\t<\/div>\n\t\t<\/div>\n\t\t\t\t<div class=\"elementor-column elementor-col-33 elementor-inner-column elementor-element elementor-element-f5ce559 card elementor-invisible\" data-id=\"f5ce559\" data-element_type=\"column\" data-e-type=\"column\" data-settings=\"{&quot;animation&quot;:&quot;fadeInUp&quot;,&quot;animation_delay&quot;:150}\">\n\t\t\t<div class=\"elementor-widget-wrap elementor-element-populated\">\n\t\t\t\t\t\t<div class=\"elementor-element elementor-element-6021bb0 elementor-widget elementor-widget-text-editor\" data-id=\"6021bb0\" data-element_type=\"widget\" data-e-type=\"widget\" data-widget_type=\"text-editor.default\">\n\t\t\t\t<div class=\"elementor-widget-container\">\n\t\t\t\t\t\t\t\t\t<h3>Fase 2: Configurar<\/h3><p>Preparar el entorno de preproducci\u00f3n para configurar, probar y validar la nueva plataforma.<\/p>\t\t\t\t\t\t\t\t<\/div>\n\t\t\t\t<\/div>\n\t\t\t\t\t<\/div>\n\t\t<\/div>\n\t\t\t\t<div class=\"elementor-column elementor-col-33 elementor-inner-column elementor-element elementor-element-776d958 card elementor-invisible\" data-id=\"776d958\" data-element_type=\"column\" data-e-type=\"column\" data-settings=\"{&quot;animation&quot;:&quot;fadeInUp&quot;,&quot;animation_delay&quot;:300}\">\n\t\t\t<div class=\"elementor-widget-wrap elementor-element-populated\">\n\t\t\t\t\t\t<div class=\"elementor-element elementor-element-0860ee4 elementor-widget elementor-widget-text-editor\" data-id=\"0860ee4\" data-element_type=\"widget\" data-e-type=\"widget\" data-widget_type=\"text-editor.default\">\n\t\t\t\t<div class=\"elementor-widget-container\">\n\t\t\t\t\t\t\t\t\t<h3>Fase 3: Entrega<\/h3><p>Prueba y finaliza la implantaci\u00f3n de Kurmi Flow en tu entorno de producci\u00f3n y forma a tus administradores.<\/p>\t\t\t\t\t\t\t\t<\/div>\n\t\t\t\t<\/div>\n\t\t\t\t\t<\/div>\n\t\t<\/div>\n\t\t\t\t\t<\/div>\n\t\t<\/section>\n\t\t\t\t\t<\/div>\n\t\t<\/div>\n\t\t\t\t\t<\/div>\n\t\t<\/section>\n\t\t\t\t<section class=\"elementor-section elementor-top-section elementor-element elementor-element-d003fc4 elementor-section-stretched orange-row deployment-environment-row elementor-section-boxed elementor-section-height-default elementor-section-height-default\" data-id=\"d003fc4\" data-element_type=\"section\" data-e-type=\"section\" data-settings=\"{&quot;stretch_section&quot;:&quot;section-stretched&quot;}\">\n\t\t\t\t\t\t<div class=\"elementor-container elementor-column-gap-default\">\n\t\t\t\t\t<div class=\"elementor-column elementor-col-33 elementor-top-column elementor-element elementor-element-b589c79 elementor-invisible\" data-id=\"b589c79\" data-element_type=\"column\" data-e-type=\"column\" data-settings=\"{&quot;animation&quot;:&quot;fadeInUp&quot;}\">\n\t\t\t<div class=\"elementor-widget-wrap elementor-element-populated\">\n\t\t\t\t\t\t<div class=\"elementor-element elementor-element-d6ce336 elementor-widget elementor-widget-text-editor\" data-id=\"d6ce336\" data-element_type=\"widget\" data-e-type=\"widget\" data-widget_type=\"text-editor.default\">\n\t\t\t\t<div class=\"elementor-widget-container\">\n\t\t\t\t\t\t\t\t\t<h2>Otros servicios de Kurmi<\/h2>\t\t\t\t\t\t\t\t<\/div>\n\t\t\t\t<\/div>\n\t\t\t\t\t<\/div>\n\t\t<\/div>\n\t\t\t\t<div class=\"elementor-column elementor-col-33 elementor-top-column elementor-element elementor-element-18732cf elementor-invisible\" data-id=\"18732cf\" data-element_type=\"column\" data-e-type=\"column\" data-settings=\"{&quot;animation&quot;:&quot;fadeInUp&quot;,&quot;animation_delay&quot;:150}\">\n\t\t\t<div class=\"elementor-widget-wrap elementor-element-populated\">\n\t\t\t\t\t\t<div class=\"elementor-element elementor-element-8a95fc8 card elementor-widget elementor-widget-text-editor\" data-id=\"8a95fc8\" data-element_type=\"widget\" data-e-type=\"widget\" data-widget_type=\"text-editor.default\">\n\t\t\t\t<div class=\"elementor-widget-container\">\n\t\t\t\t\t\t\t\t\t<h3>Formaci\u00f3n y certificaci\u00f3n<\/h3><p>Desarrolle sus conocimientos y habilidades sobre la tecnolog\u00eda Kurmi con nuestro amplio programa de formaci\u00f3n.<\/p><p><a class=\"button\" href=\"https:\/\/kurmi-software.com\/es\/productos\/servicios-profesionales\/formacion-y-certificacion\/\">M\u00e1s informaci\u00f3n<\/a><\/p>\t\t\t\t\t\t\t\t<\/div>\n\t\t\t\t<\/div>\n\t\t\t\t\t<\/div>\n\t\t<\/div>\n\t\t\t\t<div class=\"elementor-column elementor-col-33 elementor-top-column elementor-element elementor-element-d804c09 elementor-invisible\" data-id=\"d804c09\" data-element_type=\"column\" data-e-type=\"column\" data-settings=\"{&quot;animation&quot;:&quot;fadeInUp&quot;,&quot;animation_delay&quot;:300}\">\n\t\t\t<div class=\"elementor-widget-wrap elementor-element-populated\">\n\t\t\t\t\t\t<div class=\"elementor-element elementor-element-7487c84 card elementor-widget elementor-widget-text-editor\" data-id=\"7487c84\" data-element_type=\"widget\" data-e-type=\"widget\" data-widget_type=\"text-editor.default\">\n\t\t\t\t<div class=\"elementor-widget-container\">\n\t\t\t\t\t\t\t\t\t<h3>Asistencia al cliente<\/h3><p>Acceda a los especialistas de Kurmi, abra tickets de soporte y busque documentaci\u00f3n a trav\u00e9s de un portal web al que puede acceder en cualquier momento.<\/p><p><a class=\"button\" href=\"https:\/\/kurmi-software.com\/es\/productos\/servicios-profesionales\/soporte\/\">M\u00e1s informaci\u00f3n<\/a><\/p>\t\t\t\t\t\t\t\t<\/div>\n\t\t\t\t<\/div>\n\t\t\t\t\t<\/div>\n\t\t<\/div>\n\t\t\t\t\t<\/div>\n\t\t<\/section>\n\t\t\t\t<section class=\"elementor-section elementor-top-section elementor-element elementor-element-7799a24 elementor-section-stretched dark-blue-row tagline-row elementor-section-boxed elementor-section-height-default elementor-section-height-default\" data-id=\"7799a24\" data-element_type=\"section\" data-e-type=\"section\" data-settings=\"{&quot;stretch_section&quot;:&quot;section-stretched&quot;}\">\n\t\t\t\t\t\t<div class=\"elementor-container elementor-column-gap-default\">\n\t\t\t\t\t<div class=\"elementor-column elementor-col-100 elementor-top-column elementor-element elementor-element-3d1bd19\" data-id=\"3d1bd19\" data-element_type=\"column\" data-e-type=\"column\">\n\t\t\t<div class=\"elementor-widget-wrap elementor-element-populated\">\n\t\t\t\t\t\t<div class=\"elementor-element elementor-element-75f93c7 elementor-widget elementor-widget-text-editor\" data-id=\"75f93c7\" data-element_type=\"widget\" data-e-type=\"widget\" data-widget_type=\"text-editor.default\">\n\t\t\t\t<div class=\"elementor-widget-container\">\n\t\t\t\t\t\t\t\t\t<h2 style=\"text-align: center;\">Juntos lo configuramos.<\/h2><p style=\"text-align: center;\">Haga clic a continuaci\u00f3n para programar una formaci\u00f3n o para informarse sobre los servicios profesionales y de apoyo de Kurmi.<\/p><p style=\"text-align: center;\"><a class=\"button\" href=\"https:\/\/kurmi-software.com\/es\/contacte-con\/\">Contacto<\/a><\/p>\t\t\t\t\t\t\t\t<\/div>\n\t\t\t\t<\/div>\n\t\t\t\t\t<\/div>\n\t\t<\/div>\n\t\t\t\t\t<\/div>\n\t\t<\/section>\n\t\t\t\t<\/div>\n\t\t","protected":false},"excerpt":{"rendered":"<p>Servicios de implantaci\u00f3n Asegure el \u00e9xito de su proyecto de CU con el equipo de expertos de Kurmi a su lado. El compromiso de Kurmi Desde la consulta inicial hasta [&hellip;]<\/p>\n","protected":false},"author":1,"featured_media":0,"parent":3706,"menu_order":290,"comment_status":"closed","ping_status":"closed","template":"","meta":{"_acf_changed":false,"content-type":"","_genesis_hide_title":false,"_genesis_hide_breadcrumbs":false,"_genesis_hide_singular_image":false,"_genesis_hide_footer_widgets":false,"_genesis_custom_body_class":"","_genesis_custom_post_class":"","_genesis_layout":"","_EventAllDay":false,"_EventTimezone":"","_EventStartDate":"","_EventEndDate":"","_EventStartDateUTC":"","_EventEndDateUTC":"","_EventShowMap":false,"_EventShowMapLink":false,"_EventURL":"","_EventCost":"","_EventCostDescription":"","_EventCurrencySymbol":"","_EventCurrencyCode":"","_EventCurrencyPosition":"","_EventDateTimeSeparator":"","_EventTimeRangeSeparator":"","_EventOrganizerID":[],"_EventVenueID":[],"_OrganizerEmail":"","_OrganizerPhone":"","_OrganizerWebsite":"","_VenueAddress":"","_VenueCity":"","_VenueCountry":"","_VenueProvince":"","_VenueState":"","_VenueZip":"","_VenuePhone":"","_VenueURL":"","_VenueStateProvince":"","_VenueLat":"","_VenueLng":"","_VenueShowMap":false,"_VenueShowMapLink":false,"footnotes":""},"class_list":["post-3691","page","type-page","status-publish","entry"],"acf":[],"yoast_head":"<!-- This site is optimized with the Yoast SEO plugin v27.5 - https:\/\/yoast.com\/product\/yoast-seo-wordpress\/ -->\n<title>Kurmi Software - Aplicaci\u00f3n<\/title>\n<meta name=\"description\" content=\"Desde la consulta inicial hasta la implementaci\u00f3n final, trabajamos con usted para configurar su instancia de Kurmi seg\u00fan sus necesidades espec\u00edficas.\" \/>\n<meta name=\"robots\" content=\"index, follow, max-snippet:-1, max-image-preview:large, max-video-preview:-1\" \/>\n<link rel=\"canonical\" href=\"https:\/\/kurmi-software.com\/es\/productos\/servicios-profesionales\/aplicacion\/\" \/>\n<meta property=\"og:locale\" content=\"es_ES\" \/>\n<meta property=\"og:type\" content=\"article\" \/>\n<meta property=\"og:title\" content=\"Kurmi Software - Aplicaci\u00f3n\" \/>\n<meta property=\"og:description\" content=\"Desde la consulta inicial hasta la implementaci\u00f3n final, trabajamos con usted para configurar su instancia de Kurmi seg\u00fan sus necesidades espec\u00edficas.\" \/>\n<meta property=\"og:url\" content=\"https:\/\/kurmi-software.com\/es\/productos\/servicios-profesionales\/aplicacion\/\" \/>\n<meta property=\"og:site_name\" content=\"Kurmi Software\" \/>\n<meta property=\"article:modified_time\" content=\"2025-11-13T14:48:49+00:00\" \/>\n<meta property=\"og:image\" content=\"https:\/\/kurmi-software.com\/wp-content\/uploads\/2023\/05\/share-img.jpg\" \/>\n\t<meta property=\"og:image:width\" content=\"2400\" \/>\n\t<meta property=\"og:image:height\" content=\"1256\" \/>\n\t<meta property=\"og:image:type\" content=\"image\/jpeg\" \/>\n<meta name=\"twitter:card\" content=\"summary_large_image\" \/>\n<meta name=\"twitter:site\" content=\"@kurmisoftware\" \/>\n<meta name=\"twitter:label1\" content=\"Tiempo de lectura\" \/>\n\t<meta name=\"twitter:data1\" content=\"1 minuto\" \/>\n<script type=\"application\/ld+json\" class=\"yoast-schema-graph\">{\"@context\":\"https:\\\/\\\/schema.org\",\"@graph\":[{\"@type\":\"WebPage\",\"@id\":\"https:\\\/\\\/kurmi-software.com\\\/es\\\/productos\\\/servicios-profesionales\\\/aplicacion\\\/\",\"url\":\"https:\\\/\\\/kurmi-software.com\\\/es\\\/productos\\\/servicios-profesionales\\\/aplicacion\\\/\",\"name\":\"Kurmi Software - Aplicaci\u00f3n\",\"isPartOf\":{\"@id\":\"https:\\\/\\\/kurmi-software.com\\\/es\\\/#website\"},\"primaryImageOfPage\":{\"@id\":\"https:\\\/\\\/kurmi-software.com\\\/es\\\/productos\\\/servicios-profesionales\\\/aplicacion\\\/#primaryimage\"},\"image\":{\"@id\":\"https:\\\/\\\/kurmi-software.com\\\/es\\\/productos\\\/servicios-profesionales\\\/aplicacion\\\/#primaryimage\"},\"thumbnailUrl\":\"https:\\\/\\\/kurmi-software.com\\\/wp-content\\\/uploads\\\/2023\\\/05\\\/Artboard-7.svg\",\"datePublished\":\"2023-04-25T19:08:42+00:00\",\"dateModified\":\"2025-11-13T14:48:49+00:00\",\"description\":\"Desde la consulta inicial hasta la implementaci\u00f3n final, trabajamos con usted para configurar su instancia de Kurmi seg\u00fan sus necesidades espec\u00edficas.\",\"breadcrumb\":{\"@id\":\"https:\\\/\\\/kurmi-software.com\\\/es\\\/productos\\\/servicios-profesionales\\\/aplicacion\\\/#breadcrumb\"},\"inLanguage\":\"es\",\"potentialAction\":[{\"@type\":\"ReadAction\",\"target\":[\"https:\\\/\\\/kurmi-software.com\\\/es\\\/productos\\\/servicios-profesionales\\\/aplicacion\\\/\"]}]},{\"@type\":\"ImageObject\",\"inLanguage\":\"es\",\"@id\":\"https:\\\/\\\/kurmi-software.com\\\/es\\\/productos\\\/servicios-profesionales\\\/aplicacion\\\/#primaryimage\",\"url\":\"https:\\\/\\\/kurmi-software.com\\\/wp-content\\\/uploads\\\/2023\\\/05\\\/Artboard-7.svg\",\"contentUrl\":\"https:\\\/\\\/kurmi-software.com\\\/wp-content\\\/uploads\\\/2023\\\/05\\\/Artboard-7.svg\"},{\"@type\":\"BreadcrumbList\",\"@id\":\"https:\\\/\\\/kurmi-software.com\\\/es\\\/productos\\\/servicios-profesionales\\\/aplicacion\\\/#breadcrumb\",\"itemListElement\":[{\"@type\":\"ListItem\",\"position\":1,\"name\":\"Home\",\"item\":\"https:\\\/\\\/kurmi-software.com\\\/es\\\/inicio\\\/\"},{\"@type\":\"ListItem\",\"position\":2,\"name\":\"Productos\",\"item\":\"https:\\\/\\\/kurmi-software.com\\\/es\\\/productos\\\/\"},{\"@type\":\"ListItem\",\"position\":3,\"name\":\"Servicios profesionales\",\"item\":\"https:\\\/\\\/kurmi-software.com\\\/es\\\/productos\\\/servicios-profesionales\\\/\"},{\"@type\":\"ListItem\",\"position\":4,\"name\":\"Aplicaci\u00f3n\"}]},{\"@type\":\"WebSite\",\"@id\":\"https:\\\/\\\/kurmi-software.com\\\/es\\\/#website\",\"url\":\"https:\\\/\\\/kurmi-software.com\\\/es\\\/\",\"name\":\"Kurmi Software\",\"description\":\"Unified Communication - Automate &amp; Simplify the management\",\"publisher\":{\"@id\":\"https:\\\/\\\/kurmi-software.com\\\/es\\\/#organization\"},\"potentialAction\":[{\"@type\":\"SearchAction\",\"target\":{\"@type\":\"EntryPoint\",\"urlTemplate\":\"https:\\\/\\\/kurmi-software.com\\\/es\\\/?s={search_term_string}\"},\"query-input\":{\"@type\":\"PropertyValueSpecification\",\"valueRequired\":true,\"valueName\":\"search_term_string\"}}],\"inLanguage\":\"es\"},{\"@type\":\"Organization\",\"@id\":\"https:\\\/\\\/kurmi-software.com\\\/es\\\/#organization\",\"name\":\"Kurmi Software\",\"url\":\"https:\\\/\\\/kurmi-software.com\\\/es\\\/\",\"logo\":{\"@type\":\"ImageObject\",\"inLanguage\":\"es\",\"@id\":\"https:\\\/\\\/kurmi-software.com\\\/es\\\/#\\\/schema\\\/logo\\\/image\\\/\",\"url\":\"https:\\\/\\\/kurmi-software.com\\\/wp-content\\\/uploads\\\/2023\\\/04\\\/Logo.svg\",\"contentUrl\":\"https:\\\/\\\/kurmi-software.com\\\/wp-content\\\/uploads\\\/2023\\\/04\\\/Logo.svg\",\"width\":200,\"height\":92,\"caption\":\"Kurmi Software\"},\"image\":{\"@id\":\"https:\\\/\\\/kurmi-software.com\\\/es\\\/#\\\/schema\\\/logo\\\/image\\\/\"},\"sameAs\":[\"https:\\\/\\\/x.com\\\/kurmisoftware\",\"https:\\\/\\\/www.linkedin.com\\\/company\\\/kurmi-software\\\/\",\"https:\\\/\\\/www.youtube.com\\\/user\\\/KurmiSoftware\"]}]}<\/script>\n<!-- \/ Yoast SEO plugin. -->","yoast_head_json":{"title":"Kurmi Software - Aplicaci\u00f3n","description":"Desde la consulta inicial hasta la implementaci\u00f3n final, trabajamos con usted para configurar su instancia de Kurmi seg\u00fan sus necesidades espec\u00edficas.","robots":{"index":"index","follow":"follow","max-snippet":"max-snippet:-1","max-image-preview":"max-image-preview:large","max-video-preview":"max-video-preview:-1"},"canonical":"https:\/\/kurmi-software.com\/es\/productos\/servicios-profesionales\/aplicacion\/","og_locale":"es_ES","og_type":"article","og_title":"Kurmi Software - Aplicaci\u00f3n","og_description":"Desde la consulta inicial hasta la implementaci\u00f3n final, trabajamos con usted para configurar su instancia de Kurmi seg\u00fan sus necesidades espec\u00edficas.","og_url":"https:\/\/kurmi-software.com\/es\/productos\/servicios-profesionales\/aplicacion\/","og_site_name":"Kurmi Software","article_modified_time":"2025-11-13T14:48:49+00:00","og_image":[{"width":2400,"height":1256,"url":"https:\/\/kurmi-software.com\/wp-content\/uploads\/2023\/05\/share-img.jpg","type":"image\/jpeg"}],"twitter_card":"summary_large_image","twitter_site":"@kurmisoftware","twitter_misc":{"Tiempo de lectura":"1 minuto"},"schema":{"@context":"https:\/\/schema.org","@graph":[{"@type":"WebPage","@id":"https:\/\/kurmi-software.com\/es\/productos\/servicios-profesionales\/aplicacion\/","url":"https:\/\/kurmi-software.com\/es\/productos\/servicios-profesionales\/aplicacion\/","name":"Kurmi Software - Aplicaci\u00f3n","isPartOf":{"@id":"https:\/\/kurmi-software.com\/es\/#website"},"primaryImageOfPage":{"@id":"https:\/\/kurmi-software.com\/es\/productos\/servicios-profesionales\/aplicacion\/#primaryimage"},"image":{"@id":"https:\/\/kurmi-software.com\/es\/productos\/servicios-profesionales\/aplicacion\/#primaryimage"},"thumbnailUrl":"https:\/\/kurmi-software.com\/wp-content\/uploads\/2023\/05\/Artboard-7.svg","datePublished":"2023-04-25T19:08:42+00:00","dateModified":"2025-11-13T14:48:49+00:00","description":"Desde la consulta inicial hasta la implementaci\u00f3n final, trabajamos con usted para configurar su instancia de Kurmi seg\u00fan sus necesidades espec\u00edficas.","breadcrumb":{"@id":"https:\/\/kurmi-software.com\/es\/productos\/servicios-profesionales\/aplicacion\/#breadcrumb"},"inLanguage":"es","potentialAction":[{"@type":"ReadAction","target":["https:\/\/kurmi-software.com\/es\/productos\/servicios-profesionales\/aplicacion\/"]}]},{"@type":"ImageObject","inLanguage":"es","@id":"https:\/\/kurmi-software.com\/es\/productos\/servicios-profesionales\/aplicacion\/#primaryimage","url":"https:\/\/kurmi-software.com\/wp-content\/uploads\/2023\/05\/Artboard-7.svg","contentUrl":"https:\/\/kurmi-software.com\/wp-content\/uploads\/2023\/05\/Artboard-7.svg"},{"@type":"BreadcrumbList","@id":"https:\/\/kurmi-software.com\/es\/productos\/servicios-profesionales\/aplicacion\/#breadcrumb","itemListElement":[{"@type":"ListItem","position":1,"name":"Home","item":"https:\/\/kurmi-software.com\/es\/inicio\/"},{"@type":"ListItem","position":2,"name":"Productos","item":"https:\/\/kurmi-software.com\/es\/productos\/"},{"@type":"ListItem","position":3,"name":"Servicios profesionales","item":"https:\/\/kurmi-software.com\/es\/productos\/servicios-profesionales\/"},{"@type":"ListItem","position":4,"name":"Aplicaci\u00f3n"}]},{"@type":"WebSite","@id":"https:\/\/kurmi-software.com\/es\/#website","url":"https:\/\/kurmi-software.com\/es\/","name":"Kurmi Software","description":"Unified Communication - Automate &amp; Simplify the management","publisher":{"@id":"https:\/\/kurmi-software.com\/es\/#organization"},"potentialAction":[{"@type":"SearchAction","target":{"@type":"EntryPoint","urlTemplate":"https:\/\/kurmi-software.com\/es\/?s={search_term_string}"},"query-input":{"@type":"PropertyValueSpecification","valueRequired":true,"valueName":"search_term_string"}}],"inLanguage":"es"},{"@type":"Organization","@id":"https:\/\/kurmi-software.com\/es\/#organization","name":"Kurmi Software","url":"https:\/\/kurmi-software.com\/es\/","logo":{"@type":"ImageObject","inLanguage":"es","@id":"https:\/\/kurmi-software.com\/es\/#\/schema\/logo\/image\/","url":"https:\/\/kurmi-software.com\/wp-content\/uploads\/2023\/04\/Logo.svg","contentUrl":"https:\/\/kurmi-software.com\/wp-content\/uploads\/2023\/04\/Logo.svg","width":200,"height":92,"caption":"Kurmi Software"},"image":{"@id":"https:\/\/kurmi-software.com\/es\/#\/schema\/logo\/image\/"},"sameAs":["https:\/\/x.com\/kurmisoftware","https:\/\/www.linkedin.com\/company\/kurmi-software\/","https:\/\/www.youtube.com\/user\/KurmiSoftware"]}]}},"_links":{"self":[{"href":"https:\/\/kurmi-software.com\/es\/wp-json\/wp\/v2\/pages\/3691","targetHints":{"allow":["GET"]}}],"collection":[{"href":"https:\/\/kurmi-software.com\/es\/wp-json\/wp\/v2\/pages"}],"about":[{"href":"https:\/\/kurmi-software.com\/es\/wp-json\/wp\/v2\/types\/page"}],"author":[{"embeddable":true,"href":"https:\/\/kurmi-software.com\/es\/wp-json\/wp\/v2\/users\/1"}],"replies":[{"embeddable":true,"href":"https:\/\/kurmi-software.com\/es\/wp-json\/wp\/v2\/comments?post=3691"}],"version-history":[{"count":0,"href":"https:\/\/kurmi-software.com\/es\/wp-json\/wp\/v2\/pages\/3691\/revisions"}],"up":[{"embeddable":true,"href":"https:\/\/kurmi-software.com\/es\/wp-json\/wp\/v2\/pages\/3706"}],"wp:attachment":[{"href":"https:\/\/kurmi-software.com\/es\/wp-json\/wp\/v2\/media?parent=3691"}],"curies":[{"name":"wp","href":"https:\/\/api.w.org\/{rel}","templated":true}]}}