{"id":3697,"date":"2023-04-25T15:08:42","date_gmt":"2023-04-25T19:08:42","guid":{"rendered":"https:\/\/kurmi.wpengine.com\/mise-en-oeuvre\/"},"modified":"2025-11-13T09:48:33","modified_gmt":"2025-11-13T14:48:33","slug":"mise-en-oeuvre","status":"publish","type":"page","link":"https:\/\/kurmi-software.com\/fr\/produits\/services-professionnels\/mise-en-oeuvre\/","title":{"rendered":"Mise en \u0153uvre"},"content":{"rendered":"\t\t<div data-elementor-type=\"wp-page\" data-elementor-id=\"3697\" class=\"elementor elementor-3697 elementor-69\" data-elementor-post-type=\"page\">\n\t\t\t\t\t\t<section class=\"elementor-section elementor-top-section elementor-element elementor-element-372d00e elementor-section-stretched subpage-hero-row orange-row has-burst elementor-section-boxed elementor-section-height-default elementor-section-height-default\" data-id=\"372d00e\" data-element_type=\"section\" data-e-type=\"section\" data-settings=\"{&quot;stretch_section&quot;:&quot;section-stretched&quot;}\">\n\t\t\t\t\t\t<div class=\"elementor-container elementor-column-gap-default\">\n\t\t\t\t\t<div class=\"elementor-column elementor-col-66 elementor-top-column elementor-element elementor-element-21abefa\" data-id=\"21abefa\" data-element_type=\"column\" data-e-type=\"column\">\n\t\t\t<div class=\"elementor-widget-wrap elementor-element-populated\">\n\t\t\t\t\t\t<div class=\"elementor-element elementor-element-3503ee4 elementor-invisible elementor-widget elementor-widget-text-editor\" data-id=\"3503ee4\" data-element_type=\"widget\" data-e-type=\"widget\" data-settings=\"{&quot;_animation&quot;:&quot;fadeInUp&quot;}\" data-widget_type=\"text-editor.default\">\n\t\t\t\t<div class=\"elementor-widget-container\">\n\t\t\t\t\t\t\t\t\t<h1>Services de mise en \u0153uvre<\/h1><p>Assurez la r\u00e9ussite de votre projet de communications unifi\u00e9es avec l&rsquo;\u00e9quipe d&rsquo;experts de Kurmi \u00e0 vos c\u00f4t\u00e9s.<\/p>\t\t\t\t\t\t\t\t<\/div>\n\t\t\t\t<\/div>\n\t\t\t\t\t<\/div>\n\t\t<\/div>\n\t\t\t\t<div class=\"elementor-column elementor-col-33 elementor-top-column elementor-element elementor-element-62ea54e\" data-id=\"62ea54e\" data-element_type=\"column\" data-e-type=\"column\">\n\t\t\t<div class=\"elementor-widget-wrap\">\n\t\t\t\t\t\t\t<\/div>\n\t\t<\/div>\n\t\t\t\t\t<\/div>\n\t\t<\/section>\n\t\t\t\t<section class=\"elementor-section elementor-top-section elementor-element elementor-element-cacc5f3 elementor-section-boxed elementor-section-height-default elementor-section-height-default\" data-id=\"cacc5f3\" data-element_type=\"section\" data-e-type=\"section\">\n\t\t\t\t\t\t<div class=\"elementor-container elementor-column-gap-default\">\n\t\t\t\t\t<div class=\"elementor-column elementor-col-100 elementor-top-column elementor-element elementor-element-d89bb8e\" data-id=\"d89bb8e\" data-element_type=\"column\" data-e-type=\"column\">\n\t\t\t<div class=\"elementor-widget-wrap elementor-element-populated\">\n\t\t\t\t\t\t<section class=\"elementor-section elementor-inner-section elementor-element elementor-element-ad23824 elementor-section-boxed elementor-section-height-default elementor-section-height-default elementor-invisible\" data-id=\"ad23824\" data-element_type=\"section\" data-e-type=\"section\" data-settings=\"{&quot;animation&quot;:&quot;fadeInUp&quot;}\">\n\t\t\t\t\t\t<div class=\"elementor-container elementor-column-gap-default\">\n\t\t\t\t\t<div class=\"elementor-column elementor-col-66 elementor-inner-column elementor-element elementor-element-92778db\" data-id=\"92778db\" data-element_type=\"column\" data-e-type=\"column\">\n\t\t\t<div class=\"elementor-widget-wrap elementor-element-populated\">\n\t\t\t\t\t\t<div class=\"elementor-element elementor-element-e49c4cf elementor-widget elementor-widget-text-editor\" data-id=\"e49c4cf\" data-element_type=\"widget\" data-e-type=\"widget\" data-widget_type=\"text-editor.default\">\n\t\t\t\t<div class=\"elementor-widget-container\">\n\t\t\t\t\t\t\t\t\t<h2 style=\"text-align: left;\">L&rsquo;engagement de Kurmi<\/h2><p style=\"text-align: left;\">De la consultation initiale \u00e0 la mise en \u0153uvre finale, nous travaillons avec vous pour adapter votre plateforme de communications unifi\u00e9es \u00e0 vos besoins, sans codage complexe et fastidieux.<\/p><p style=\"text-align: left;\">Notre approche du d\u00e9ploiement est bas\u00e9e sur une m\u00e9thodologie en trois phases :<\/p>\t\t\t\t\t\t\t\t<\/div>\n\t\t\t\t<\/div>\n\t\t\t\t\t<\/div>\n\t\t<\/div>\n\t\t\t\t<div class=\"elementor-column elementor-col-33 elementor-inner-column elementor-element elementor-element-39aedca\" data-id=\"39aedca\" data-element_type=\"column\" data-e-type=\"column\">\n\t\t\t<div class=\"elementor-widget-wrap\">\n\t\t\t\t\t\t\t<\/div>\n\t\t<\/div>\n\t\t\t\t\t<\/div>\n\t\t<\/section>\n\t\t\t\t<div class=\"elementor-element elementor-element-8e40050 elementor-invisible elementor-widget elementor-widget-image\" data-id=\"8e40050\" data-element_type=\"widget\" data-e-type=\"widget\" data-settings=\"{&quot;_animation&quot;:&quot;fadeInUp&quot;}\" data-widget_type=\"image.default\">\n\t\t\t\t<div class=\"elementor-widget-container\">\n\t\t\t\t\t\t\t\t\t\t\t\t\t\t\t<img fetchpriority=\"high\" decoding=\"async\" width=\"910\" height=\"440\" src=\"https:\/\/kurmi-software.com\/wp-content\/uploads\/2023\/05\/Artboard-7.svg\" class=\"attachment-full size-full wp-image-3084\" alt=\"\" \/>\t\t\t\t\t\t\t\t\t\t\t\t\t\t\t<\/div>\n\t\t\t\t<\/div>\n\t\t\t\t<section class=\"elementor-section elementor-inner-section elementor-element elementor-element-8acdb4e cards-row elementor-section-content-top elementor-section-boxed elementor-section-height-default elementor-section-height-default\" data-id=\"8acdb4e\" data-element_type=\"section\" data-e-type=\"section\">\n\t\t\t\t\t\t<div class=\"elementor-container elementor-column-gap-default\">\n\t\t\t\t\t<div class=\"elementor-column elementor-col-33 elementor-inner-column elementor-element elementor-element-927d243 card elementor-invisible\" data-id=\"927d243\" data-element_type=\"column\" data-e-type=\"column\" data-settings=\"{&quot;animation&quot;:&quot;fadeInUp&quot;}\">\n\t\t\t<div class=\"elementor-widget-wrap elementor-element-populated\">\n\t\t\t\t\t\t<div class=\"elementor-element elementor-element-0d4908c elementor-widget elementor-widget-text-editor\" data-id=\"0d4908c\" data-element_type=\"widget\" data-e-type=\"widget\" data-widget_type=\"text-editor.default\">\n\t\t\t\t<div class=\"elementor-widget-container\">\n\t\t\t\t\t\t\t\t\t<h3>Phase 1 : Conception<\/h3><p>\u00c9valuer les processus op\u00e9rationnels actuels sur votre syst\u00e8me afin de d\u00e9finir les flux de travail et le niveau de configuration.<\/p>\t\t\t\t\t\t\t\t<\/div>\n\t\t\t\t<\/div>\n\t\t\t\t\t<\/div>\n\t\t<\/div>\n\t\t\t\t<div class=\"elementor-column elementor-col-33 elementor-inner-column elementor-element elementor-element-f5ce559 card elementor-invisible\" data-id=\"f5ce559\" data-element_type=\"column\" data-e-type=\"column\" data-settings=\"{&quot;animation&quot;:&quot;fadeInUp&quot;,&quot;animation_delay&quot;:150}\">\n\t\t\t<div class=\"elementor-widget-wrap elementor-element-populated\">\n\t\t\t\t\t\t<div class=\"elementor-element elementor-element-6021bb0 elementor-widget elementor-widget-text-editor\" data-id=\"6021bb0\" data-element_type=\"widget\" data-e-type=\"widget\" data-widget_type=\"text-editor.default\">\n\t\t\t\t<div class=\"elementor-widget-container\">\n\t\t\t\t\t\t\t\t\t<h3>Phase 2 : Configuration<\/h3><p>Pr\u00e9parer un environnement de pr\u00e9-production pour configurer, tester et valider la nouvelle plateforme.<\/p>\t\t\t\t\t\t\t\t<\/div>\n\t\t\t\t<\/div>\n\t\t\t\t\t<\/div>\n\t\t<\/div>\n\t\t\t\t<div class=\"elementor-column elementor-col-33 elementor-inner-column elementor-element elementor-element-776d958 card elementor-invisible\" data-id=\"776d958\" data-element_type=\"column\" data-e-type=\"column\" data-settings=\"{&quot;animation&quot;:&quot;fadeInUp&quot;,&quot;animation_delay&quot;:300}\">\n\t\t\t<div class=\"elementor-widget-wrap elementor-element-populated\">\n\t\t\t\t\t\t<div class=\"elementor-element elementor-element-0860ee4 elementor-widget elementor-widget-text-editor\" data-id=\"0860ee4\" data-element_type=\"widget\" data-e-type=\"widget\" data-widget_type=\"text-editor.default\">\n\t\t\t\t<div class=\"elementor-widget-container\">\n\t\t\t\t\t\t\t\t\t<h3>Phase 3 : Livraison<\/h3><p>Testez et finalisez l&rsquo;impl\u00e9mentation de Kurmi Flow dans votre environnement de production et formez vos administrateurs.<\/p>\t\t\t\t\t\t\t\t<\/div>\n\t\t\t\t<\/div>\n\t\t\t\t\t<\/div>\n\t\t<\/div>\n\t\t\t\t\t<\/div>\n\t\t<\/section>\n\t\t\t\t\t<\/div>\n\t\t<\/div>\n\t\t\t\t\t<\/div>\n\t\t<\/section>\n\t\t\t\t<section class=\"elementor-section elementor-top-section elementor-element elementor-element-d003fc4 elementor-section-stretched orange-row deployment-environment-row elementor-section-boxed elementor-section-height-default elementor-section-height-default\" data-id=\"d003fc4\" data-element_type=\"section\" data-e-type=\"section\" data-settings=\"{&quot;stretch_section&quot;:&quot;section-stretched&quot;}\">\n\t\t\t\t\t\t<div class=\"elementor-container elementor-column-gap-default\">\n\t\t\t\t\t<div class=\"elementor-column elementor-col-33 elementor-top-column elementor-element elementor-element-b589c79 elementor-invisible\" data-id=\"b589c79\" data-element_type=\"column\" data-e-type=\"column\" data-settings=\"{&quot;animation&quot;:&quot;fadeInUp&quot;}\">\n\t\t\t<div class=\"elementor-widget-wrap elementor-element-populated\">\n\t\t\t\t\t\t<div class=\"elementor-element elementor-element-d6ce336 elementor-widget elementor-widget-text-editor\" data-id=\"d6ce336\" data-element_type=\"widget\" data-e-type=\"widget\" data-widget_type=\"text-editor.default\">\n\t\t\t\t<div class=\"elementor-widget-container\">\n\t\t\t\t\t\t\t\t\t<h2>Autres services Kurmi<\/h2>\t\t\t\t\t\t\t\t<\/div>\n\t\t\t\t<\/div>\n\t\t\t\t\t<\/div>\n\t\t<\/div>\n\t\t\t\t<div class=\"elementor-column elementor-col-33 elementor-top-column elementor-element elementor-element-18732cf elementor-invisible\" data-id=\"18732cf\" data-element_type=\"column\" data-e-type=\"column\" data-settings=\"{&quot;animation&quot;:&quot;fadeInUp&quot;,&quot;animation_delay&quot;:150}\">\n\t\t\t<div class=\"elementor-widget-wrap elementor-element-populated\">\n\t\t\t\t\t\t<div class=\"elementor-element elementor-element-8a95fc8 card elementor-widget elementor-widget-text-editor\" data-id=\"8a95fc8\" data-element_type=\"widget\" data-e-type=\"widget\" data-widget_type=\"text-editor.default\">\n\t\t\t\t<div class=\"elementor-widget-container\">\n\t\t\t\t\t\t\t\t\t<h3>Formation et certification<\/h3><p>D\u00e9veloppez vos connaissances et vos comp\u00e9tences sur la technologie Kurmi gr\u00e2ce \u00e0 notre vaste programme de formation.<\/p><p><a class=\"button\" href=\"https:\/\/kurmi-software.com\/fr\/produits\/services-professionnels\/formation-et-certification\/\">En savoir plus<\/a><\/p>\t\t\t\t\t\t\t\t<\/div>\n\t\t\t\t<\/div>\n\t\t\t\t\t<\/div>\n\t\t<\/div>\n\t\t\t\t<div class=\"elementor-column elementor-col-33 elementor-top-column elementor-element elementor-element-d804c09 elementor-invisible\" data-id=\"d804c09\" data-element_type=\"column\" data-e-type=\"column\" data-settings=\"{&quot;animation&quot;:&quot;fadeInUp&quot;,&quot;animation_delay&quot;:300}\">\n\t\t\t<div class=\"elementor-widget-wrap elementor-element-populated\">\n\t\t\t\t\t\t<div class=\"elementor-element elementor-element-7487c84 card elementor-widget elementor-widget-text-editor\" data-id=\"7487c84\" data-element_type=\"widget\" data-e-type=\"widget\" data-widget_type=\"text-editor.default\">\n\t\t\t\t<div class=\"elementor-widget-container\">\n\t\t\t\t\t\t\t\t\t<h3>Support client<\/h3><p>Acc\u00e9dez aux sp\u00e9cialistes de Kurmi, ouvrez des tickets de support et recherchez de la documentation \u00e0 travers un portail web auquel vous pouvez acc\u00e9der \u00e0 tout moment.<\/p><p><a class=\"button\" href=\"https:\/\/kurmi-software.com\/fr\/produits\/services-professionnels\/soutien\/\">En savoir plus<\/a><\/p>\t\t\t\t\t\t\t\t<\/div>\n\t\t\t\t<\/div>\n\t\t\t\t\t<\/div>\n\t\t<\/div>\n\t\t\t\t\t<\/div>\n\t\t<\/section>\n\t\t\t\t<section class=\"elementor-section elementor-top-section elementor-element elementor-element-7799a24 elementor-section-stretched dark-blue-row tagline-row elementor-section-boxed elementor-section-height-default elementor-section-height-default\" data-id=\"7799a24\" data-element_type=\"section\" data-e-type=\"section\" data-settings=\"{&quot;stretch_section&quot;:&quot;section-stretched&quot;}\">\n\t\t\t\t\t\t<div class=\"elementor-container elementor-column-gap-default\">\n\t\t\t\t\t<div class=\"elementor-column elementor-col-100 elementor-top-column elementor-element elementor-element-3d1bd19\" data-id=\"3d1bd19\" data-element_type=\"column\" data-e-type=\"column\">\n\t\t\t<div class=\"elementor-widget-wrap elementor-element-populated\">\n\t\t\t\t\t\t<div class=\"elementor-element elementor-element-75f93c7 elementor-widget elementor-widget-text-editor\" data-id=\"75f93c7\" data-element_type=\"widget\" data-e-type=\"widget\" data-widget_type=\"text-editor.default\">\n\t\t\t\t<div class=\"elementor-widget-container\">\n\t\t\t\t\t\t\t\t\t<h2 style=\"text-align: center;\">Des entreprises de 1 000 \u00e0 plus de 100 000 utilisateurs font confiance \u00e0 Kurmi Flow.<\/h2><p style=\"text-align: center;\">Cliquez ci-dessous pour planifier une formation ou pour vous renseigner sur les services professionnels et de soutien de Kurmi.<\/p><p style=\"text-align: center;\"><a class=\"button\" href=\"https:\/\/kurmi-software.com\/fr\/contact\/\">Nous contacter<\/a><\/p>\t\t\t\t\t\t\t\t<\/div>\n\t\t\t\t<\/div>\n\t\t\t\t\t<\/div>\n\t\t<\/div>\n\t\t\t\t\t<\/div>\n\t\t<\/section>\n\t\t\t\t<\/div>\n\t\t","protected":false},"excerpt":{"rendered":"<p>Services de mise en \u0153uvre Assurez la r\u00e9ussite de votre projet de communications unifi\u00e9es avec l&rsquo;\u00e9quipe d&rsquo;experts de Kurmi \u00e0 vos c\u00f4t\u00e9s. L&rsquo;engagement de Kurmi De la consultation initiale \u00e0 [&hellip;]<\/p>\n","protected":false},"author":1,"featured_media":0,"parent":3713,"menu_order":290,"comment_status":"closed","ping_status":"closed","template":"","meta":{"_acf_changed":false,"content-type":"","_genesis_hide_title":false,"_genesis_hide_breadcrumbs":false,"_genesis_hide_singular_image":false,"_genesis_hide_footer_widgets":false,"_genesis_custom_body_class":"","_genesis_custom_post_class":"","_genesis_layout":"","_EventAllDay":false,"_EventTimezone":"","_EventStartDate":"","_EventEndDate":"","_EventStartDateUTC":"","_EventEndDateUTC":"","_EventShowMap":false,"_EventShowMapLink":false,"_EventURL":"","_EventCost":"","_EventCostDescription":"","_EventCurrencySymbol":"","_EventCurrencyCode":"","_EventCurrencyPosition":"","_EventDateTimeSeparator":"","_EventTimeRangeSeparator":"","_EventOrganizerID":[],"_EventVenueID":[],"_OrganizerEmail":"","_OrganizerPhone":"","_OrganizerWebsite":"","_VenueAddress":"","_VenueCity":"","_VenueCountry":"","_VenueProvince":"","_VenueState":"","_VenueZip":"","_VenuePhone":"","_VenueURL":"","_VenueStateProvince":"","_VenueLat":"","_VenueLng":"","_VenueShowMap":false,"_VenueShowMapLink":false,"footnotes":""},"class_list":["post-3697","page","type-page","status-publish","entry"],"acf":[],"yoast_head":"<!-- This site is optimized with the Yoast SEO plugin v27.0 - https:\/\/yoast.com\/product\/yoast-seo-wordpress\/ -->\n<title>Kurmi Software - Mise en \u0153uvre<\/title>\n<meta name=\"description\" content=\"De la consultation initiale \u00e0 la mise en \u0153uvre finale, nous travaillons avec vous pour configurer votre instance de Kurmi en fonction de vos besoins sp\u00e9cifiques.\" \/>\n<meta name=\"robots\" content=\"index, follow, max-snippet:-1, max-image-preview:large, max-video-preview:-1\" \/>\n<link rel=\"canonical\" href=\"https:\/\/kurmi-software.com\/fr\/produits\/services-professionnels\/mise-en-oeuvre\/\" \/>\n<meta property=\"og:locale\" content=\"fr_FR\" \/>\n<meta property=\"og:type\" content=\"article\" \/>\n<meta property=\"og:title\" content=\"Kurmi Software - Mise en \u0153uvre\" \/>\n<meta property=\"og:description\" content=\"De la consultation initiale \u00e0 la mise en \u0153uvre finale, nous travaillons avec vous pour configurer votre instance de Kurmi en fonction de vos besoins sp\u00e9cifiques.\" \/>\n<meta property=\"og:url\" content=\"https:\/\/kurmi-software.com\/fr\/produits\/services-professionnels\/mise-en-oeuvre\/\" \/>\n<meta property=\"og:site_name\" content=\"Kurmi Software\" \/>\n<meta property=\"article:modified_time\" content=\"2025-11-13T14:48:33+00:00\" \/>\n<meta property=\"og:image\" content=\"https:\/\/kurmi-software.com\/wp-content\/uploads\/2023\/05\/share-img.jpg\" \/>\n\t<meta property=\"og:image:width\" content=\"2400\" \/>\n\t<meta property=\"og:image:height\" content=\"1256\" \/>\n\t<meta property=\"og:image:type\" content=\"image\/jpeg\" \/>\n<meta name=\"twitter:card\" content=\"summary_large_image\" \/>\n<meta name=\"twitter:site\" content=\"@kurmisoftware\" \/>\n<meta name=\"twitter:label1\" content=\"Dur\u00e9e de lecture estim\u00e9e\" \/>\n\t<meta name=\"twitter:data1\" content=\"1 minute\" \/>\n<script type=\"application\/ld+json\" class=\"yoast-schema-graph\">{\"@context\":\"https:\/\/schema.org\",\"@graph\":[{\"@type\":\"WebPage\",\"@id\":\"https:\/\/kurmi-software.com\/fr\/produits\/services-professionnels\/mise-en-oeuvre\/\",\"url\":\"https:\/\/kurmi-software.com\/fr\/produits\/services-professionnels\/mise-en-oeuvre\/\",\"name\":\"Kurmi Software - Mise en \u0153uvre\",\"isPartOf\":{\"@id\":\"https:\/\/kurmi-software.com\/fr\/#website\"},\"primaryImageOfPage\":{\"@id\":\"https:\/\/kurmi-software.com\/fr\/produits\/services-professionnels\/mise-en-oeuvre\/#primaryimage\"},\"image\":{\"@id\":\"https:\/\/kurmi-software.com\/fr\/produits\/services-professionnels\/mise-en-oeuvre\/#primaryimage\"},\"thumbnailUrl\":\"https:\/\/kurmi-software.com\/wp-content\/uploads\/2023\/05\/Artboard-7.svg\",\"datePublished\":\"2023-04-25T19:08:42+00:00\",\"dateModified\":\"2025-11-13T14:48:33+00:00\",\"description\":\"De la consultation initiale \u00e0 la mise en \u0153uvre finale, nous travaillons avec vous pour configurer votre instance de Kurmi en fonction de vos besoins sp\u00e9cifiques.\",\"breadcrumb\":{\"@id\":\"https:\/\/kurmi-software.com\/fr\/produits\/services-professionnels\/mise-en-oeuvre\/#breadcrumb\"},\"inLanguage\":\"fr-FR\",\"potentialAction\":[{\"@type\":\"ReadAction\",\"target\":[\"https:\/\/kurmi-software.com\/fr\/produits\/services-professionnels\/mise-en-oeuvre\/\"]}]},{\"@type\":\"ImageObject\",\"inLanguage\":\"fr-FR\",\"@id\":\"https:\/\/kurmi-software.com\/fr\/produits\/services-professionnels\/mise-en-oeuvre\/#primaryimage\",\"url\":\"https:\/\/kurmi-software.com\/wp-content\/uploads\/2023\/05\/Artboard-7.svg\",\"contentUrl\":\"https:\/\/kurmi-software.com\/wp-content\/uploads\/2023\/05\/Artboard-7.svg\"},{\"@type\":\"BreadcrumbList\",\"@id\":\"https:\/\/kurmi-software.com\/fr\/produits\/services-professionnels\/mise-en-oeuvre\/#breadcrumb\",\"itemListElement\":[{\"@type\":\"ListItem\",\"position\":1,\"name\":\"Home\",\"item\":\"https:\/\/kurmi-software.com\/fr\/accueil\/\"},{\"@type\":\"ListItem\",\"position\":2,\"name\":\"Produits\",\"item\":\"https:\/\/kurmi-software.com\/fr\/produits\/\"},{\"@type\":\"ListItem\",\"position\":3,\"name\":\"Services professionnels\",\"item\":\"https:\/\/kurmi-software.com\/fr\/produits\/services-professionnels\/\"},{\"@type\":\"ListItem\",\"position\":4,\"name\":\"Mise en \u0153uvre\"}]},{\"@type\":\"WebSite\",\"@id\":\"https:\/\/kurmi-software.com\/fr\/#website\",\"url\":\"https:\/\/kurmi-software.com\/fr\/\",\"name\":\"Kurmi Software\",\"description\":\"Unified Communication - Automate &amp; Simplify the management\",\"publisher\":{\"@id\":\"https:\/\/kurmi-software.com\/fr\/#organization\"},\"potentialAction\":[{\"@type\":\"SearchAction\",\"target\":{\"@type\":\"EntryPoint\",\"urlTemplate\":\"https:\/\/kurmi-software.com\/fr\/?s={search_term_string}\"},\"query-input\":{\"@type\":\"PropertyValueSpecification\",\"valueRequired\":true,\"valueName\":\"search_term_string\"}}],\"inLanguage\":\"fr-FR\"},{\"@type\":\"Organization\",\"@id\":\"https:\/\/kurmi-software.com\/fr\/#organization\",\"name\":\"Kurmi Software\",\"url\":\"https:\/\/kurmi-software.com\/fr\/\",\"logo\":{\"@type\":\"ImageObject\",\"inLanguage\":\"fr-FR\",\"@id\":\"https:\/\/kurmi-software.com\/fr\/#\/schema\/logo\/image\/\",\"url\":\"https:\/\/kurmi-software.com\/wp-content\/uploads\/2023\/04\/Logo.svg\",\"contentUrl\":\"https:\/\/kurmi-software.com\/wp-content\/uploads\/2023\/04\/Logo.svg\",\"width\":200,\"height\":92,\"caption\":\"Kurmi Software\"},\"image\":{\"@id\":\"https:\/\/kurmi-software.com\/fr\/#\/schema\/logo\/image\/\"},\"sameAs\":[\"https:\/\/x.com\/kurmisoftware\",\"https:\/\/www.linkedin.com\/company\/kurmi-software\/\",\"https:\/\/www.youtube.com\/user\/KurmiSoftware\"]}]}<\/script>\n<!-- \/ Yoast SEO plugin. -->","yoast_head_json":{"title":"Kurmi Software - Mise en \u0153uvre","description":"De la consultation initiale \u00e0 la mise en \u0153uvre finale, nous travaillons avec vous pour configurer votre instance de Kurmi en fonction de vos besoins sp\u00e9cifiques.","robots":{"index":"index","follow":"follow","max-snippet":"max-snippet:-1","max-image-preview":"max-image-preview:large","max-video-preview":"max-video-preview:-1"},"canonical":"https:\/\/kurmi-software.com\/fr\/produits\/services-professionnels\/mise-en-oeuvre\/","og_locale":"fr_FR","og_type":"article","og_title":"Kurmi Software - Mise en \u0153uvre","og_description":"De la consultation initiale \u00e0 la mise en \u0153uvre finale, nous travaillons avec vous pour configurer votre instance de Kurmi en fonction de vos besoins sp\u00e9cifiques.","og_url":"https:\/\/kurmi-software.com\/fr\/produits\/services-professionnels\/mise-en-oeuvre\/","og_site_name":"Kurmi Software","article_modified_time":"2025-11-13T14:48:33+00:00","og_image":[{"width":2400,"height":1256,"url":"https:\/\/kurmi-software.com\/wp-content\/uploads\/2023\/05\/share-img.jpg","type":"image\/jpeg"}],"twitter_card":"summary_large_image","twitter_site":"@kurmisoftware","twitter_misc":{"Dur\u00e9e de lecture estim\u00e9e":"1 minute"},"schema":{"@context":"https:\/\/schema.org","@graph":[{"@type":"WebPage","@id":"https:\/\/kurmi-software.com\/fr\/produits\/services-professionnels\/mise-en-oeuvre\/","url":"https:\/\/kurmi-software.com\/fr\/produits\/services-professionnels\/mise-en-oeuvre\/","name":"Kurmi Software - Mise en \u0153uvre","isPartOf":{"@id":"https:\/\/kurmi-software.com\/fr\/#website"},"primaryImageOfPage":{"@id":"https:\/\/kurmi-software.com\/fr\/produits\/services-professionnels\/mise-en-oeuvre\/#primaryimage"},"image":{"@id":"https:\/\/kurmi-software.com\/fr\/produits\/services-professionnels\/mise-en-oeuvre\/#primaryimage"},"thumbnailUrl":"https:\/\/kurmi-software.com\/wp-content\/uploads\/2023\/05\/Artboard-7.svg","datePublished":"2023-04-25T19:08:42+00:00","dateModified":"2025-11-13T14:48:33+00:00","description":"De la consultation initiale \u00e0 la mise en \u0153uvre finale, nous travaillons avec vous pour configurer votre instance de Kurmi en fonction de vos besoins sp\u00e9cifiques.","breadcrumb":{"@id":"https:\/\/kurmi-software.com\/fr\/produits\/services-professionnels\/mise-en-oeuvre\/#breadcrumb"},"inLanguage":"fr-FR","potentialAction":[{"@type":"ReadAction","target":["https:\/\/kurmi-software.com\/fr\/produits\/services-professionnels\/mise-en-oeuvre\/"]}]},{"@type":"ImageObject","inLanguage":"fr-FR","@id":"https:\/\/kurmi-software.com\/fr\/produits\/services-professionnels\/mise-en-oeuvre\/#primaryimage","url":"https:\/\/kurmi-software.com\/wp-content\/uploads\/2023\/05\/Artboard-7.svg","contentUrl":"https:\/\/kurmi-software.com\/wp-content\/uploads\/2023\/05\/Artboard-7.svg"},{"@type":"BreadcrumbList","@id":"https:\/\/kurmi-software.com\/fr\/produits\/services-professionnels\/mise-en-oeuvre\/#breadcrumb","itemListElement":[{"@type":"ListItem","position":1,"name":"Home","item":"https:\/\/kurmi-software.com\/fr\/accueil\/"},{"@type":"ListItem","position":2,"name":"Produits","item":"https:\/\/kurmi-software.com\/fr\/produits\/"},{"@type":"ListItem","position":3,"name":"Services professionnels","item":"https:\/\/kurmi-software.com\/fr\/produits\/services-professionnels\/"},{"@type":"ListItem","position":4,"name":"Mise en \u0153uvre"}]},{"@type":"WebSite","@id":"https:\/\/kurmi-software.com\/fr\/#website","url":"https:\/\/kurmi-software.com\/fr\/","name":"Kurmi Software","description":"Unified Communication - Automate &amp; Simplify the management","publisher":{"@id":"https:\/\/kurmi-software.com\/fr\/#organization"},"potentialAction":[{"@type":"SearchAction","target":{"@type":"EntryPoint","urlTemplate":"https:\/\/kurmi-software.com\/fr\/?s={search_term_string}"},"query-input":{"@type":"PropertyValueSpecification","valueRequired":true,"valueName":"search_term_string"}}],"inLanguage":"fr-FR"},{"@type":"Organization","@id":"https:\/\/kurmi-software.com\/fr\/#organization","name":"Kurmi Software","url":"https:\/\/kurmi-software.com\/fr\/","logo":{"@type":"ImageObject","inLanguage":"fr-FR","@id":"https:\/\/kurmi-software.com\/fr\/#\/schema\/logo\/image\/","url":"https:\/\/kurmi-software.com\/wp-content\/uploads\/2023\/04\/Logo.svg","contentUrl":"https:\/\/kurmi-software.com\/wp-content\/uploads\/2023\/04\/Logo.svg","width":200,"height":92,"caption":"Kurmi Software"},"image":{"@id":"https:\/\/kurmi-software.com\/fr\/#\/schema\/logo\/image\/"},"sameAs":["https:\/\/x.com\/kurmisoftware","https:\/\/www.linkedin.com\/company\/kurmi-software\/","https:\/\/www.youtube.com\/user\/KurmiSoftware"]}]}},"_links":{"self":[{"href":"https:\/\/kurmi-software.com\/fr\/wp-json\/wp\/v2\/pages\/3697","targetHints":{"allow":["GET"]}}],"collection":[{"href":"https:\/\/kurmi-software.com\/fr\/wp-json\/wp\/v2\/pages"}],"about":[{"href":"https:\/\/kurmi-software.com\/fr\/wp-json\/wp\/v2\/types\/page"}],"author":[{"embeddable":true,"href":"https:\/\/kurmi-software.com\/fr\/wp-json\/wp\/v2\/users\/1"}],"replies":[{"embeddable":true,"href":"https:\/\/kurmi-software.com\/fr\/wp-json\/wp\/v2\/comments?post=3697"}],"version-history":[{"count":0,"href":"https:\/\/kurmi-software.com\/fr\/wp-json\/wp\/v2\/pages\/3697\/revisions"}],"up":[{"embeddable":true,"href":"https:\/\/kurmi-software.com\/fr\/wp-json\/wp\/v2\/pages\/3713"}],"wp:attachment":[{"href":"https:\/\/kurmi-software.com\/fr\/wp-json\/wp\/v2\/media?parent=3697"}],"curies":[{"name":"wp","href":"https:\/\/api.w.org\/{rel}","templated":true}]}}