{"id":3763,"date":"2023-04-25T15:08:44","date_gmt":"2023-04-25T19:08:44","guid":{"rendered":"https:\/\/kurmi.wpengine.com\/impression\/"},"modified":"2025-12-08T10:43:17","modified_gmt":"2025-12-08T15:43:17","slug":"mentions-legales","status":"publish","type":"page","link":"https:\/\/kurmi-software.com\/fr\/mentions-legales\/","title":{"rendered":"Mentions l\u00e9gales"},"content":{"rendered":"\t\t<div data-elementor-type=\"wp-page\" data-elementor-id=\"3763\" class=\"elementor elementor-3763 elementor-187\" data-elementor-post-type=\"page\">\n\t\t\t\t\t\t<section class=\"elementor-section elementor-top-section elementor-element elementor-element-93daafb elementor-section-stretched subpage-hero-row orange-row has-burst elementor-section-boxed elementor-section-height-default elementor-section-height-default\" data-id=\"93daafb\" data-element_type=\"section\" data-e-type=\"section\" data-settings=\"{&quot;stretch_section&quot;:&quot;section-stretched&quot;}\">\n\t\t\t\t\t\t<div class=\"elementor-container elementor-column-gap-default\">\n\t\t\t\t\t<div class=\"elementor-column elementor-col-66 elementor-top-column elementor-element elementor-element-4e5e2a4\" data-id=\"4e5e2a4\" data-element_type=\"column\" data-e-type=\"column\">\n\t\t\t<div class=\"elementor-widget-wrap elementor-element-populated\">\n\t\t\t\t\t\t<div class=\"elementor-element elementor-element-5b81e90 elementor-invisible elementor-widget elementor-widget-text-editor\" data-id=\"5b81e90\" data-element_type=\"widget\" data-e-type=\"widget\" data-settings=\"{&quot;_animation&quot;:&quot;fadeInUp&quot;}\" data-widget_type=\"text-editor.default\">\n\t\t\t\t<div class=\"elementor-widget-container\">\n\t\t\t\t\t\t\t\t\t<h1>Mentions l\u00e9gales<\/h1>\t\t\t\t\t\t\t\t<\/div>\n\t\t\t\t<\/div>\n\t\t\t\t\t<\/div>\n\t\t<\/div>\n\t\t\t\t<div class=\"elementor-column elementor-col-33 elementor-top-column elementor-element elementor-element-4d507eb\" data-id=\"4d507eb\" data-element_type=\"column\" data-e-type=\"column\">\n\t\t\t<div class=\"elementor-widget-wrap\">\n\t\t\t\t\t\t\t<\/div>\n\t\t<\/div>\n\t\t\t\t\t<\/div>\n\t\t<\/section>\n\t\t\t\t<section class=\"elementor-section elementor-top-section elementor-element elementor-element-a9f389c elementor-section-boxed elementor-section-height-default elementor-section-height-default\" data-id=\"a9f389c\" data-element_type=\"section\" data-e-type=\"section\">\n\t\t\t\t\t\t<div class=\"elementor-container elementor-column-gap-default\">\n\t\t\t\t\t<div class=\"elementor-column elementor-col-100 elementor-top-column elementor-element elementor-element-37f7288\" data-id=\"37f7288\" data-element_type=\"column\" data-e-type=\"column\">\n\t\t\t<div class=\"elementor-widget-wrap elementor-element-populated\">\n\t\t\t\t\t\t<div class=\"elementor-element elementor-element-6968fe1 elementor-widget elementor-widget-text-editor\" data-id=\"6968fe1\" data-element_type=\"widget\" data-e-type=\"widget\" data-widget_type=\"text-editor.default\">\n\t\t\t\t<div class=\"elementor-widget-container\">\n\t\t\t\t\t\t\t\t\t<h2>1. \u00c9diteur de site<\/h2><p>Nom de l&rsquo;entreprise : Kurmi Software<br>Forme juridique : SAS<br>Capital social : 89 749,00 Euros<br>Adresse du si\u00e8ge social : Urban Quartz, 22 rue de l&rsquo;Alma, 35000 Rennes<br>Immatricul\u00e9e au RCS de Rennes sous le num\u00e9ro : 529 230 773<br>Num\u00e9ro de TVA intracommunautaire : FR17529230773<br>Adresse email du contact : <a href=\"mailto:contact-us@kurmi-software.com\">contact-us@kurmi-software.com<\/a><br>Num\u00e9ro de t\u00e9l\u00e9phone : <a href=\"tel:33158883072\">+33 2 99 05 60 60<\/a><\/p>\t\t\t\t\t\t\t\t<\/div>\n\t\t\t\t<\/div>\n\t\t\t\t<div class=\"elementor-element elementor-element-6ac6196 elementor-widget elementor-widget-text-editor\" data-id=\"6ac6196\" data-element_type=\"widget\" data-e-type=\"widget\" data-widget_type=\"text-editor.default\">\n\t\t\t\t<div class=\"elementor-widget-container\">\n\t\t\t\t\t\t\t\t\t<h2>2. Directeur de la publication<\/h2><p>Le directeur de la publication du site est Monsieur Pascal Moindrot en sa qualit\u00e9 de Directeur G\u00e9n\u00e9ral.<\/p>\t\t\t\t\t\t\t\t<\/div>\n\t\t\t\t<\/div>\n\t\t\t\t<div class=\"elementor-element elementor-element-7e9f7d1 elementor-widget elementor-widget-text-editor\" data-id=\"7e9f7d1\" data-element_type=\"widget\" data-e-type=\"widget\" data-widget_type=\"text-editor.default\">\n\t\t\t\t<div class=\"elementor-widget-container\">\n\t\t\t\t\t\t\t\t\t<h2>3. H\u00e9bergeur de site<\/h2><p>Le site est h\u00e9berg\u00e9 par : WP Engine<br>Adresse : 504 Lavaca St. Suite 1000 Austin, Texas 78701 \u00c9tats-Unis d&rsquo;Am\u00e9rique<br>Num\u00e9ro de t\u00e9l\u00e9phone : +1 (877) 973-6446<\/p>\t\t\t\t\t\t\t\t<\/div>\n\t\t\t\t<\/div>\n\t\t\t\t<div class=\"elementor-element elementor-element-3b6dd82 elementor-widget elementor-widget-text-editor\" data-id=\"3b6dd82\" data-element_type=\"widget\" data-e-type=\"widget\" data-widget_type=\"text-editor.default\">\n\t\t\t\t<div class=\"elementor-widget-container\">\n\t\t\t\t\t\t\t\t\t<h2>4. Propri\u00e9t\u00e9 intellectuelle<\/h2><p>L\u2019ensemble des contenus pr\u00e9sents sur ce site (textes, images, graphismes, logos, vid\u00e9os, sons, ic\u00f4nes, marques, etc.) est la propri\u00e9t\u00e9 exclusive de Kurmi Software ou de ses partenaires et est prot\u00e9g\u00e9 par le droit de la propri\u00e9t\u00e9 intellectuelle. Toute reproduction, modification, distribution ou r\u00e9utilisation, en tout ou partie, de ces contenus sans l\u2019autorisation expresse de Kurmi Software est interdite. <\/p>\t\t\t\t\t\t\t\t<\/div>\n\t\t\t\t<\/div>\n\t\t\t\t<div class=\"elementor-element elementor-element-db6aa77 elementor-widget elementor-widget-text-editor\" data-id=\"db6aa77\" data-element_type=\"widget\" data-e-type=\"widget\" data-widget_type=\"text-editor.default\">\n\t\t\t\t<div class=\"elementor-widget-container\">\n\t\t\t\t\t\t\t\t\t<h2>5. Responsabilit\u00e9<\/h2><p>Les informations diffus\u00e9es sur ce site sont fournies \u00e0 titre indicatif. Kurmi Software met tout en \u0153uvre pour assurer l\u2019exactitude et la mise \u00e0 jour des informations, mais ne peut garantir leur exhaustivit\u00e9, leur fiabilit\u00e9 ou leur ad\u00e9quation \u00e0 un usage particulier. En cons\u00e9quence, Kurmi Software d\u00e9cline toute responsabilit\u00e9 pour tout dommage r\u00e9sultant de l\u2019acc\u00e8s \u00e0 ce site ou de l\u2019utilisation des informations qu\u2019il contient.  <\/p>\t\t\t\t\t\t\t\t<\/div>\n\t\t\t\t<\/div>\n\t\t\t\t<div class=\"elementor-element elementor-element-9d0d8b0 elementor-widget elementor-widget-text-editor\" data-id=\"9d0d8b0\" data-element_type=\"widget\" data-e-type=\"widget\" data-widget_type=\"text-editor.default\">\n\t\t\t\t<div class=\"elementor-widget-container\">\n\t\t\t\t\t\t\t\t\t<h2>6. Liens hypertextes<\/h2><p>Le site peut proposer des liens hypertextes vers d\u2019autres sites. Kurmi Software ne peut \u00eatre tenue pour responsable du contenu de ces sites externes. <\/p>\t\t\t\t\t\t\t\t<\/div>\n\t\t\t\t<\/div>\n\t\t\t\t<div class=\"elementor-element elementor-element-54eadda elementor-widget elementor-widget-text-editor\" data-id=\"54eadda\" data-element_type=\"widget\" data-e-type=\"widget\" data-widget_type=\"text-editor.default\">\n\t\t\t\t<div class=\"elementor-widget-container\">\n\t\t\t\t\t\t\t\t\t<h2>7. Droit applicable<\/h2><p>Le pr\u00e9sent site et les pr\u00e9sentes mentions l\u00e9gales sont soumis au droit fran\u00e7ais. En cas de litige, comp\u00e9tence exclusive est attribu\u00e9e aux tribunaux de Paris. <\/p>\t\t\t\t\t\t\t\t<\/div>\n\t\t\t\t<\/div>\n\t\t\t\t<div class=\"elementor-element elementor-element-be2a63e elementor-widget elementor-widget-text-editor\" data-id=\"be2a63e\" data-element_type=\"widget\" data-e-type=\"widget\" data-widget_type=\"text-editor.default\">\n\t\t\t\t<div class=\"elementor-widget-container\">\n\t\t\t\t\t\t\t\t\t<h2>8. Mises \u00e0 jour des mentions l\u00e9gales<\/h2><p>Kurmi Software se r\u00e9serve le droit de modifier ou compl\u00e9ter ces mentions l\u00e9gales \u00e0 tout moment.<\/p>\t\t\t\t\t\t\t\t<\/div>\n\t\t\t\t<\/div>\n\t\t\t\t\t<\/div>\n\t\t<\/div>\n\t\t\t\t\t<\/div>\n\t\t<\/section>\n\t\t\t\t<section class=\"elementor-section elementor-top-section elementor-element elementor-element-3de79d6 elementor-section-stretched dark-blue-row tagline-row elementor-section-boxed elementor-section-height-default elementor-section-height-default\" data-id=\"3de79d6\" data-element_type=\"section\" data-e-type=\"section\" data-settings=\"{&quot;stretch_section&quot;:&quot;section-stretched&quot;}\">\n\t\t\t\t\t\t<div class=\"elementor-container elementor-column-gap-default\">\n\t\t\t\t\t<div class=\"elementor-column elementor-col-100 elementor-top-column elementor-element elementor-element-b13ad41\" data-id=\"b13ad41\" data-element_type=\"column\" data-e-type=\"column\">\n\t\t\t<div class=\"elementor-widget-wrap elementor-element-populated\">\n\t\t\t\t\t\t<div class=\"elementor-element elementor-element-22ef075 elementor-widget elementor-widget-text-editor\" data-id=\"22ef075\" data-element_type=\"widget\" data-e-type=\"widget\" data-widget_type=\"text-editor.default\">\n\t\t\t\t<div class=\"elementor-widget-container\">\n\t\t\t\t\t\t\t\t\t<h2 style=\"text-align: center;\">Together we configure it out.<\/h2>\t\t\t\t\t\t\t\t<\/div>\n\t\t\t\t<\/div>\n\t\t\t\t\t<\/div>\n\t\t<\/div>\n\t\t\t\t\t<\/div>\n\t\t<\/section>\n\t\t\t\t<\/div>\n\t\t","protected":false},"excerpt":{"rendered":"<p>Mentions l\u00e9gales 1. \u00c9diteur de site Nom de l&rsquo;entreprise : Kurmi SoftwareForme juridique : SASCapital social : 89 749,00 EurosAdresse du si\u00e8ge social : Urban Quartz, 22 rue de l&rsquo;Alma, [&hellip;]<\/p>\n","protected":false},"author":1,"featured_media":0,"parent":0,"menu_order":880,"comment_status":"closed","ping_status":"closed","template":"","meta":{"_acf_changed":false,"content-type":"","_genesis_hide_title":false,"_genesis_hide_breadcrumbs":false,"_genesis_hide_singular_image":false,"_genesis_hide_footer_widgets":false,"_genesis_custom_body_class":"","_genesis_custom_post_class":"","_genesis_layout":"","_EventAllDay":false,"_EventTimezone":"","_EventStartDate":"","_EventEndDate":"","_EventStartDateUTC":"","_EventEndDateUTC":"","_EventShowMap":false,"_EventShowMapLink":false,"_EventURL":"","_EventCost":"","_EventCostDescription":"","_EventCurrencySymbol":"","_EventCurrencyCode":"","_EventCurrencyPosition":"","_EventDateTimeSeparator":"","_EventTimeRangeSeparator":"","_EventOrganizerID":[],"_EventVenueID":[],"_OrganizerEmail":"","_OrganizerPhone":"","_OrganizerWebsite":"","_VenueAddress":"","_VenueCity":"","_VenueCountry":"","_VenueProvince":"","_VenueState":"","_VenueZip":"","_VenuePhone":"","_VenueURL":"","_VenueStateProvince":"","_VenueLat":"","_VenueLng":"","_VenueShowMap":false,"_VenueShowMapLink":false,"footnotes":""},"class_list":["post-3763","page","type-page","status-publish","entry"],"acf":[],"yoast_head":"<!-- This site is optimized with the Yoast SEO plugin v27.0 - https:\/\/yoast.com\/product\/yoast-seo-wordpress\/ -->\n<title>Mentions l\u00e9gales - Kurmi Software<\/title>\n<meta name=\"robots\" content=\"index, follow, max-snippet:-1, max-image-preview:large, max-video-preview:-1\" \/>\n<link rel=\"canonical\" href=\"https:\/\/kurmi-software.com\/fr\/mentions-legales\/\" \/>\n<meta property=\"og:locale\" content=\"fr_FR\" \/>\n<meta property=\"og:type\" content=\"article\" \/>\n<meta property=\"og:title\" content=\"Mentions l\u00e9gales - Kurmi Software\" \/>\n<meta property=\"og:description\" content=\"Mentions l\u00e9gales 1. \u00c9diteur de site Nom de l&rsquo;entreprise : Kurmi SoftwareForme juridique : SASCapital social : 89 749,00 EurosAdresse du si\u00e8ge social : Urban Quartz, 22 rue de l&rsquo;Alma, [&hellip;]\" \/>\n<meta property=\"og:url\" content=\"https:\/\/kurmi-software.com\/fr\/mentions-legales\/\" \/>\n<meta property=\"og:site_name\" content=\"Kurmi Software\" \/>\n<meta property=\"article:modified_time\" content=\"2025-12-08T15:43:17+00:00\" \/>\n<meta property=\"og:image\" content=\"https:\/\/kurmi-software.com\/wp-content\/uploads\/2023\/05\/share-img.jpg\" \/>\n\t<meta property=\"og:image:width\" content=\"2400\" \/>\n\t<meta property=\"og:image:height\" content=\"1256\" \/>\n\t<meta property=\"og:image:type\" content=\"image\/jpeg\" \/>\n<meta name=\"twitter:card\" content=\"summary_large_image\" \/>\n<meta name=\"twitter:site\" content=\"@kurmisoftware\" \/>\n<meta name=\"twitter:label1\" content=\"Dur\u00e9e de lecture estim\u00e9e\" \/>\n\t<meta name=\"twitter:data1\" content=\"2 minutes\" \/>\n<script type=\"application\/ld+json\" class=\"yoast-schema-graph\">{\"@context\":\"https:\/\/schema.org\",\"@graph\":[{\"@type\":\"WebPage\",\"@id\":\"https:\/\/kurmi-software.com\/fr\/mentions-legales\/\",\"url\":\"https:\/\/kurmi-software.com\/fr\/mentions-legales\/\",\"name\":\"Mentions l\u00e9gales - Kurmi Software\",\"isPartOf\":{\"@id\":\"https:\/\/kurmi-software.com\/fr\/#website\"},\"datePublished\":\"2023-04-25T19:08:44+00:00\",\"dateModified\":\"2025-12-08T15:43:17+00:00\",\"breadcrumb\":{\"@id\":\"https:\/\/kurmi-software.com\/fr\/mentions-legales\/#breadcrumb\"},\"inLanguage\":\"fr-FR\",\"potentialAction\":[{\"@type\":\"ReadAction\",\"target\":[\"https:\/\/kurmi-software.com\/fr\/mentions-legales\/\"]}]},{\"@type\":\"BreadcrumbList\",\"@id\":\"https:\/\/kurmi-software.com\/fr\/mentions-legales\/#breadcrumb\",\"itemListElement\":[{\"@type\":\"ListItem\",\"position\":1,\"name\":\"Home\",\"item\":\"https:\/\/kurmi-software.com\/fr\/accueil\/\"},{\"@type\":\"ListItem\",\"position\":2,\"name\":\"Mentions l\u00e9gales\"}]},{\"@type\":\"WebSite\",\"@id\":\"https:\/\/kurmi-software.com\/fr\/#website\",\"url\":\"https:\/\/kurmi-software.com\/fr\/\",\"name\":\"Kurmi Software\",\"description\":\"Unified Communication - Automate &amp; Simplify the management\",\"publisher\":{\"@id\":\"https:\/\/kurmi-software.com\/fr\/#organization\"},\"potentialAction\":[{\"@type\":\"SearchAction\",\"target\":{\"@type\":\"EntryPoint\",\"urlTemplate\":\"https:\/\/kurmi-software.com\/fr\/?s={search_term_string}\"},\"query-input\":{\"@type\":\"PropertyValueSpecification\",\"valueRequired\":true,\"valueName\":\"search_term_string\"}}],\"inLanguage\":\"fr-FR\"},{\"@type\":\"Organization\",\"@id\":\"https:\/\/kurmi-software.com\/fr\/#organization\",\"name\":\"Kurmi Software\",\"url\":\"https:\/\/kurmi-software.com\/fr\/\",\"logo\":{\"@type\":\"ImageObject\",\"inLanguage\":\"fr-FR\",\"@id\":\"https:\/\/kurmi-software.com\/fr\/#\/schema\/logo\/image\/\",\"url\":\"https:\/\/kurmi-software.com\/wp-content\/uploads\/2023\/04\/Logo.svg\",\"contentUrl\":\"https:\/\/kurmi-software.com\/wp-content\/uploads\/2023\/04\/Logo.svg\",\"width\":200,\"height\":92,\"caption\":\"Kurmi Software\"},\"image\":{\"@id\":\"https:\/\/kurmi-software.com\/fr\/#\/schema\/logo\/image\/\"},\"sameAs\":[\"https:\/\/x.com\/kurmisoftware\",\"https:\/\/www.linkedin.com\/company\/kurmi-software\/\",\"https:\/\/www.youtube.com\/user\/KurmiSoftware\"]}]}<\/script>\n<!-- \/ Yoast SEO plugin. -->","yoast_head_json":{"title":"Mentions l\u00e9gales - Kurmi Software","robots":{"index":"index","follow":"follow","max-snippet":"max-snippet:-1","max-image-preview":"max-image-preview:large","max-video-preview":"max-video-preview:-1"},"canonical":"https:\/\/kurmi-software.com\/fr\/mentions-legales\/","og_locale":"fr_FR","og_type":"article","og_title":"Mentions l\u00e9gales - Kurmi Software","og_description":"Mentions l\u00e9gales 1. \u00c9diteur de site Nom de l&rsquo;entreprise : Kurmi SoftwareForme juridique : SASCapital social : 89 749,00 EurosAdresse du si\u00e8ge social : Urban Quartz, 22 rue de l&rsquo;Alma, [&hellip;]","og_url":"https:\/\/kurmi-software.com\/fr\/mentions-legales\/","og_site_name":"Kurmi Software","article_modified_time":"2025-12-08T15:43:17+00:00","og_image":[{"width":2400,"height":1256,"url":"https:\/\/kurmi-software.com\/wp-content\/uploads\/2023\/05\/share-img.jpg","type":"image\/jpeg"}],"twitter_card":"summary_large_image","twitter_site":"@kurmisoftware","twitter_misc":{"Dur\u00e9e de lecture estim\u00e9e":"2 minutes"},"schema":{"@context":"https:\/\/schema.org","@graph":[{"@type":"WebPage","@id":"https:\/\/kurmi-software.com\/fr\/mentions-legales\/","url":"https:\/\/kurmi-software.com\/fr\/mentions-legales\/","name":"Mentions l\u00e9gales - Kurmi Software","isPartOf":{"@id":"https:\/\/kurmi-software.com\/fr\/#website"},"datePublished":"2023-04-25T19:08:44+00:00","dateModified":"2025-12-08T15:43:17+00:00","breadcrumb":{"@id":"https:\/\/kurmi-software.com\/fr\/mentions-legales\/#breadcrumb"},"inLanguage":"fr-FR","potentialAction":[{"@type":"ReadAction","target":["https:\/\/kurmi-software.com\/fr\/mentions-legales\/"]}]},{"@type":"BreadcrumbList","@id":"https:\/\/kurmi-software.com\/fr\/mentions-legales\/#breadcrumb","itemListElement":[{"@type":"ListItem","position":1,"name":"Home","item":"https:\/\/kurmi-software.com\/fr\/accueil\/"},{"@type":"ListItem","position":2,"name":"Mentions l\u00e9gales"}]},{"@type":"WebSite","@id":"https:\/\/kurmi-software.com\/fr\/#website","url":"https:\/\/kurmi-software.com\/fr\/","name":"Kurmi Software","description":"Unified Communication - Automate &amp; Simplify the management","publisher":{"@id":"https:\/\/kurmi-software.com\/fr\/#organization"},"potentialAction":[{"@type":"SearchAction","target":{"@type":"EntryPoint","urlTemplate":"https:\/\/kurmi-software.com\/fr\/?s={search_term_string}"},"query-input":{"@type":"PropertyValueSpecification","valueRequired":true,"valueName":"search_term_string"}}],"inLanguage":"fr-FR"},{"@type":"Organization","@id":"https:\/\/kurmi-software.com\/fr\/#organization","name":"Kurmi Software","url":"https:\/\/kurmi-software.com\/fr\/","logo":{"@type":"ImageObject","inLanguage":"fr-FR","@id":"https:\/\/kurmi-software.com\/fr\/#\/schema\/logo\/image\/","url":"https:\/\/kurmi-software.com\/wp-content\/uploads\/2023\/04\/Logo.svg","contentUrl":"https:\/\/kurmi-software.com\/wp-content\/uploads\/2023\/04\/Logo.svg","width":200,"height":92,"caption":"Kurmi Software"},"image":{"@id":"https:\/\/kurmi-software.com\/fr\/#\/schema\/logo\/image\/"},"sameAs":["https:\/\/x.com\/kurmisoftware","https:\/\/www.linkedin.com\/company\/kurmi-software\/","https:\/\/www.youtube.com\/user\/KurmiSoftware"]}]}},"_links":{"self":[{"href":"https:\/\/kurmi-software.com\/fr\/wp-json\/wp\/v2\/pages\/3763","targetHints":{"allow":["GET"]}}],"collection":[{"href":"https:\/\/kurmi-software.com\/fr\/wp-json\/wp\/v2\/pages"}],"about":[{"href":"https:\/\/kurmi-software.com\/fr\/wp-json\/wp\/v2\/types\/page"}],"author":[{"embeddable":true,"href":"https:\/\/kurmi-software.com\/fr\/wp-json\/wp\/v2\/users\/1"}],"replies":[{"embeddable":true,"href":"https:\/\/kurmi-software.com\/fr\/wp-json\/wp\/v2\/comments?post=3763"}],"version-history":[{"count":0,"href":"https:\/\/kurmi-software.com\/fr\/wp-json\/wp\/v2\/pages\/3763\/revisions"}],"wp:attachment":[{"href":"https:\/\/kurmi-software.com\/fr\/wp-json\/wp\/v2\/media?parent=3763"}],"curies":[{"name":"wp","href":"https:\/\/api.w.org\/{rel}","templated":true}]}}