{"id":3782,"date":"2023-05-23T21:16:40","date_gmt":"2023-05-24T01:16:40","guid":{"rendered":"https:\/\/kurmi.wpengine.com\/parler-a-un-expert\/"},"modified":"2023-05-30T14:37:31","modified_gmt":"2023-05-30T18:37:31","slug":"parler-a-un-expert","status":"publish","type":"page","link":"https:\/\/kurmi-software.com\/fr\/parler-a-un-expert\/","title":{"rendered":"Parler \u00e0 un expert"},"content":{"rendered":"\t\t<div data-elementor-type=\"wp-page\" data-elementor-id=\"3782\" class=\"elementor elementor-3782 elementor-2167\" data-elementor-post-type=\"page\">\n\t\t\t\t\t\t<section class=\"elementor-section elementor-top-section elementor-element elementor-element-9430ac8 elementor-section-stretched subpage-hero-row orange-row has-burst has-form elementor-section-boxed elementor-section-height-default elementor-section-height-default\" data-id=\"9430ac8\" data-element_type=\"section\" data-e-type=\"section\" data-settings=\"{&quot;stretch_section&quot;:&quot;section-stretched&quot;}\">\n\t\t\t\t\t\t<div class=\"elementor-container elementor-column-gap-default\">\n\t\t\t\t\t<div class=\"elementor-column elementor-col-50 elementor-top-column elementor-element elementor-element-1d92c21\" data-id=\"1d92c21\" data-element_type=\"column\" data-e-type=\"column\">\n\t\t\t<div class=\"elementor-widget-wrap elementor-element-populated\">\n\t\t\t\t\t\t<div class=\"elementor-element elementor-element-6d0049c elementor-invisible elementor-widget elementor-widget-text-editor\" data-id=\"6d0049c\" data-element_type=\"widget\" data-e-type=\"widget\" data-settings=\"{&quot;_animation&quot;:&quot;fadeInUp&quot;}\" data-widget_type=\"text-editor.default\">\n\t\t\t\t<div class=\"elementor-widget-container\">\n\t\t\t\t\t\t\t\t\t<h1>Gestion plus intelligente des communications unifi\u00e9es et automatisation du provisionnement<\/h1>\n<p>Con\u00e7u pour les grandes entreprises et les fournisseurs de services g\u00e9r\u00e9s<\/p>\n\t\t\t\t\t\t\t\t<\/div>\n\t\t\t\t<\/div>\n\t\t\t\t<div class=\"elementor-element elementor-element-6965683 inline-dashboard-img elementor-widget elementor-widget-image\" data-id=\"6965683\" data-element_type=\"widget\" data-e-type=\"widget\" data-widget_type=\"image.default\">\n\t\t\t\t<div class=\"elementor-widget-container\">\n\t\t\t\t\t\t\t\t\t\t\t\t\t\t\t<img fetchpriority=\"high\" decoding=\"async\" width=\"1912\" height=\"1072\" src=\"https:\/\/kurmi-software.com\/wp-content\/uploads\/2023\/05\/04-HomePage-SP-Multi-Tech-1.jpg\" class=\"attachment-full size-full wp-image-3228\" alt=\"\" srcset=\"https:\/\/kurmi-software.com\/wp-content\/uploads\/2023\/05\/04-HomePage-SP-Multi-Tech-1.jpg 1912w, https:\/\/kurmi-software.com\/wp-content\/uploads\/2023\/05\/04-HomePage-SP-Multi-Tech-1-300x168.jpg 300w, https:\/\/kurmi-software.com\/wp-content\/uploads\/2023\/05\/04-HomePage-SP-Multi-Tech-1-1024x574.jpg 1024w, https:\/\/kurmi-software.com\/wp-content\/uploads\/2023\/05\/04-HomePage-SP-Multi-Tech-1-768x431.jpg 768w, https:\/\/kurmi-software.com\/wp-content\/uploads\/2023\/05\/04-HomePage-SP-Multi-Tech-1-1536x861.jpg 1536w\" sizes=\"(max-width: 1912px) 100vw, 1912px\" \/>\t\t\t\t\t\t\t\t\t\t\t\t\t\t\t<\/div>\n\t\t\t\t<\/div>\n\t\t\t\t<div class=\"elementor-element elementor-element-3fb6027 elementor-widget elementor-widget-text-editor\" data-id=\"3fb6027\" data-element_type=\"widget\" data-e-type=\"widget\" data-widget_type=\"text-editor.default\">\n\t\t\t\t<div class=\"elementor-widget-container\">\n\t\t\t\t\t\t\t\t\t<ul>\n<li>Gestion multi-fournisseurs : Avaya, Cisco, Microsof, Zoom<\/li>\n<li>Hautement configurable pour se conformer aux r\u00e8gles de l&rsquo;entreprise<\/li>\n<li>Supporte jusqu&rsquo;\u00e0 1 million d&rsquo;utilisateurs<\/li>\n<li>Disponible en tant qu&rsquo;instance d\u00e9di\u00e9e ou multi-locataire<\/li>\n<li>Capacit\u00e9s de migration efficace vers l&rsquo;informatique d\u00e9mat\u00e9rialis\u00e9e<\/li>\n<\/ul>\n\t\t\t\t\t\t\t\t<\/div>\n\t\t\t\t<\/div>\n\t\t\t\t\t<\/div>\n\t\t<\/div>\n\t\t\t\t<div class=\"elementor-column elementor-col-50 elementor-top-column elementor-element elementor-element-ab8b33f card gray-card form-card elementor-invisible\" data-id=\"ab8b33f\" data-element_type=\"column\" data-e-type=\"column\" data-settings=\"{&quot;animation&quot;:&quot;fadeIn&quot;,&quot;animation_delay&quot;:150}\">\n\t\t\t<div class=\"elementor-widget-wrap elementor-element-populated\">\n\t\t\t\t\t\t<div class=\"elementor-element elementor-element-e0bca0e elementor-widget elementor-widget-html\" data-id=\"e0bca0e\" data-element_type=\"widget\" data-e-type=\"widget\" data-widget_type=\"html.default\">\n\t\t\t\t<div class=\"elementor-widget-container\">\n\t\t\t\t\t<!--<h2>Talk to an Expert<\/h2>-->\n<!--<p>Please leave us your contact information and an expert will get back to you shortly.<\/p>-->\n<script charset=\"utf-8\" type=\"text\/javascript\" src=\"\/\/js-eu1.hsforms.net\/forms\/embed\/v2.js\"><\/script>\n<script>\n  hbspt.forms.create({\n    region: \"eu1\",\n    portalId: \"27229547\",\n    formId: \"643fe551-ac8b-403f-a3ec-579a2b848ecf\"\n  });\n<\/script>\t\t\t\t<\/div>\n\t\t\t\t<\/div>\n\t\t\t\t\t<\/div>\n\t\t<\/div>\n\t\t\t\t\t<\/div>\n\t\t<\/section>\n\t\t\t\t<section class=\"elementor-section elementor-top-section elementor-element elementor-element-abffb73 elementor-section-boxed elementor-section-height-default elementor-section-height-default\" data-id=\"abffb73\" data-element_type=\"section\" data-e-type=\"section\">\n\t\t\t\t\t\t<div class=\"elementor-container elementor-column-gap-default\">\n\t\t\t\t\t<div class=\"elementor-column elementor-col-100 elementor-top-column elementor-element elementor-element-2cb734a\" data-id=\"2cb734a\" data-element_type=\"column\" data-e-type=\"column\">\n\t\t\t<div class=\"elementor-widget-wrap elementor-element-populated\">\n\t\t\t\t\t\t<div class=\"elementor-element elementor-element-c03f5a8 elementor-invisible elementor-widget elementor-widget-text-editor\" data-id=\"c03f5a8\" data-element_type=\"widget\" data-e-type=\"widget\" data-settings=\"{&quot;_animation&quot;:&quot;fadeInUp&quot;}\" data-widget_type=\"text-editor.default\">\n\t\t\t\t<div class=\"elementor-widget-container\">\n\t\t\t\t\t\t\t\t\t<h2 style=\"text-align: center;\">Les entreprises de 1 000 \u00e0 100 000 utilisateurs et plus font confiance \u00e0 Kurmi<\/h2>\n\t\t\t\t\t\t\t\t<\/div>\n\t\t\t\t<\/div>\n\t\t\t\t<section class=\"elementor-section elementor-inner-section elementor-element elementor-element-009525d elementor-section-content-middle elementor-section-boxed elementor-section-height-default elementor-section-height-default\" data-id=\"009525d\" data-element_type=\"section\" data-e-type=\"section\">\n\t\t\t\t\t\t<div class=\"elementor-container elementor-column-gap-wider\">\n\t\t\t\t\t<div class=\"elementor-column elementor-col-16 elementor-inner-column elementor-element elementor-element-f8c0dc7 elementor-invisible\" data-id=\"f8c0dc7\" data-element_type=\"column\" data-e-type=\"column\" data-settings=\"{&quot;animation&quot;:&quot;fadeInUp&quot;}\">\n\t\t\t<div class=\"elementor-widget-wrap elementor-element-populated\">\n\t\t\t\t\t\t<div class=\"elementor-element elementor-element-1c5d4fc elementor-widget elementor-widget-image\" data-id=\"1c5d4fc\" data-element_type=\"widget\" data-e-type=\"widget\" data-widget_type=\"image.default\">\n\t\t\t\t<div class=\"elementor-widget-container\">\n\t\t\t\t\t\t\t\t\t\t\t\t\t\t\t<img decoding=\"async\" width=\"522\" height=\"96\" src=\"https:\/\/kurmi-software.com\/wp-content\/uploads\/2023\/04\/airbus.png\" class=\"attachment-full size-full wp-image-2259\" alt=\"\" srcset=\"https:\/\/kurmi-software.com\/wp-content\/uploads\/2023\/04\/airbus.png 522w, https:\/\/kurmi-software.com\/wp-content\/uploads\/2023\/04\/airbus-300x55.png 300w\" sizes=\"(max-width: 522px) 100vw, 522px\" \/>\t\t\t\t\t\t\t\t\t\t\t\t\t\t\t<\/div>\n\t\t\t\t<\/div>\n\t\t\t\t\t<\/div>\n\t\t<\/div>\n\t\t\t\t<div class=\"elementor-column elementor-col-16 elementor-inner-column elementor-element elementor-element-47697d4 elementor-invisible\" data-id=\"47697d4\" data-element_type=\"column\" data-e-type=\"column\" data-settings=\"{&quot;animation&quot;:&quot;fadeInUp&quot;,&quot;animation_delay&quot;:150}\">\n\t\t\t<div class=\"elementor-widget-wrap elementor-element-populated\">\n\t\t\t\t\t\t<div class=\"elementor-element elementor-element-e991276 elementor-widget elementor-widget-image\" data-id=\"e991276\" data-element_type=\"widget\" data-e-type=\"widget\" data-widget_type=\"image.default\">\n\t\t\t\t<div class=\"elementor-widget-container\">\n\t\t\t\t\t\t\t\t\t\t\t\t\t\t\t<img decoding=\"async\" width=\"2560\" height=\"1440\" src=\"https:\/\/kurmi-software.com\/wp-content\/uploads\/2023\/04\/BASF-Logo-scaled.jpg\" class=\"attachment-full size-full wp-image-2262\" alt=\"\" srcset=\"https:\/\/kurmi-software.com\/wp-content\/uploads\/2023\/04\/BASF-Logo-scaled.jpg 2560w, https:\/\/kurmi-software.com\/wp-content\/uploads\/2023\/04\/BASF-Logo-300x169.jpg 300w, https:\/\/kurmi-software.com\/wp-content\/uploads\/2023\/04\/BASF-Logo-1024x576.jpg 1024w, https:\/\/kurmi-software.com\/wp-content\/uploads\/2023\/04\/BASF-Logo-768x432.jpg 768w, https:\/\/kurmi-software.com\/wp-content\/uploads\/2023\/04\/BASF-Logo-1536x864.jpg 1536w, https:\/\/kurmi-software.com\/wp-content\/uploads\/2023\/04\/BASF-Logo-2048x1152.jpg 2048w\" sizes=\"(max-width: 2560px) 100vw, 2560px\" \/>\t\t\t\t\t\t\t\t\t\t\t\t\t\t\t<\/div>\n\t\t\t\t<\/div>\n\t\t\t\t\t<\/div>\n\t\t<\/div>\n\t\t\t\t<div class=\"elementor-column elementor-col-16 elementor-inner-column elementor-element elementor-element-992cd46 elementor-invisible\" data-id=\"992cd46\" data-element_type=\"column\" data-e-type=\"column\" data-settings=\"{&quot;animation&quot;:&quot;fadeInUp&quot;,&quot;animation_delay&quot;:300}\">\n\t\t\t<div class=\"elementor-widget-wrap elementor-element-populated\">\n\t\t\t\t\t\t<div class=\"elementor-element elementor-element-73cfac0 elementor-widget elementor-widget-image\" data-id=\"73cfac0\" data-element_type=\"widget\" data-e-type=\"widget\" data-widget_type=\"image.default\">\n\t\t\t\t<div class=\"elementor-widget-container\">\n\t\t\t\t\t\t\t\t\t\t\t\t\t\t\t<img loading=\"lazy\" decoding=\"async\" width=\"318\" height=\"159\" src=\"https:\/\/kurmi-software.com\/wp-content\/uploads\/2023\/04\/BNPP.png\" class=\"attachment-full size-full wp-image-2265\" alt=\"\" srcset=\"https:\/\/kurmi-software.com\/wp-content\/uploads\/2023\/04\/BNPP.png 318w, https:\/\/kurmi-software.com\/wp-content\/uploads\/2023\/04\/BNPP-300x150.png 300w\" sizes=\"(max-width: 318px) 100vw, 318px\" \/>\t\t\t\t\t\t\t\t\t\t\t\t\t\t\t<\/div>\n\t\t\t\t<\/div>\n\t\t\t\t\t<\/div>\n\t\t<\/div>\n\t\t\t\t<div class=\"elementor-column elementor-col-16 elementor-inner-column elementor-element elementor-element-107307f elementor-invisible\" data-id=\"107307f\" data-element_type=\"column\" data-e-type=\"column\" data-settings=\"{&quot;animation&quot;:&quot;fadeInUp&quot;,&quot;animation_delay&quot;:450}\">\n\t\t\t<div class=\"elementor-widget-wrap elementor-element-populated\">\n\t\t\t\t\t\t<div class=\"elementor-element elementor-element-f85d1d3 elementor-widget elementor-widget-image\" data-id=\"f85d1d3\" data-element_type=\"widget\" data-e-type=\"widget\" data-widget_type=\"image.default\">\n\t\t\t\t<div class=\"elementor-widget-container\">\n\t\t\t\t\t\t\t\t\t\t\t\t\t\t\t<img loading=\"lazy\" decoding=\"async\" width=\"690\" height=\"265\" src=\"https:\/\/kurmi-software.com\/wp-content\/uploads\/2023\/04\/Capital-Group-logo-horizontal.jpg\" class=\"attachment-full size-full wp-image-2268\" alt=\"\" srcset=\"https:\/\/kurmi-software.com\/wp-content\/uploads\/2023\/04\/Capital-Group-logo-horizontal.jpg 690w, https:\/\/kurmi-software.com\/wp-content\/uploads\/2023\/04\/Capital-Group-logo-horizontal-300x115.jpg 300w\" sizes=\"(max-width: 690px) 100vw, 690px\" \/>\t\t\t\t\t\t\t\t\t\t\t\t\t\t\t<\/div>\n\t\t\t\t<\/div>\n\t\t\t\t\t<\/div>\n\t\t<\/div>\n\t\t\t\t<div class=\"elementor-column elementor-col-16 elementor-inner-column elementor-element elementor-element-c171fa5 elementor-invisible\" data-id=\"c171fa5\" data-element_type=\"column\" data-e-type=\"column\" data-settings=\"{&quot;animation&quot;:&quot;fadeInUp&quot;,&quot;animation_delay&quot;:600}\">\n\t\t\t<div class=\"elementor-widget-wrap elementor-element-populated\">\n\t\t\t\t\t\t<div class=\"elementor-element elementor-element-c58be7f elementor-widget elementor-widget-image\" data-id=\"c58be7f\" data-element_type=\"widget\" data-e-type=\"widget\" data-widget_type=\"image.default\">\n\t\t\t\t<div class=\"elementor-widget-container\">\n\t\t\t\t\t\t\t\t\t\t\t\t\t\t\t<img loading=\"lazy\" decoding=\"async\" width=\"3840\" height=\"2160\" src=\"https:\/\/kurmi-software.com\/wp-content\/uploads\/2023\/04\/GSK-Logo-2014.png\" class=\"attachment-full size-full wp-image-2271\" alt=\"\" srcset=\"https:\/\/kurmi-software.com\/wp-content\/uploads\/2023\/04\/GSK-Logo-2014.png 3840w, https:\/\/kurmi-software.com\/wp-content\/uploads\/2023\/04\/GSK-Logo-2014-300x169.png 300w, https:\/\/kurmi-software.com\/wp-content\/uploads\/2023\/04\/GSK-Logo-2014-1024x576.png 1024w, https:\/\/kurmi-software.com\/wp-content\/uploads\/2023\/04\/GSK-Logo-2014-768x432.png 768w, https:\/\/kurmi-software.com\/wp-content\/uploads\/2023\/04\/GSK-Logo-2014-1536x864.png 1536w, https:\/\/kurmi-software.com\/wp-content\/uploads\/2023\/04\/GSK-Logo-2014-2048x1152.png 2048w\" sizes=\"(max-width: 3840px) 100vw, 3840px\" \/>\t\t\t\t\t\t\t\t\t\t\t\t\t\t\t<\/div>\n\t\t\t\t<\/div>\n\t\t\t\t\t<\/div>\n\t\t<\/div>\n\t\t\t\t<div class=\"elementor-column elementor-col-16 elementor-inner-column elementor-element elementor-element-3a94527 elementor-invisible\" data-id=\"3a94527\" data-element_type=\"column\" data-e-type=\"column\" data-settings=\"{&quot;animation&quot;:&quot;fadeInUp&quot;,&quot;animation_delay&quot;:750}\">\n\t\t\t<div class=\"elementor-widget-wrap elementor-element-populated\">\n\t\t\t\t\t\t<div class=\"elementor-element elementor-element-904450d elementor-widget elementor-widget-image\" data-id=\"904450d\" data-element_type=\"widget\" data-e-type=\"widget\" data-widget_type=\"image.default\">\n\t\t\t\t<div class=\"elementor-widget-container\">\n\t\t\t\t\t\t\t\t\t\t\t\t\t\t\t<img loading=\"lazy\" decoding=\"async\" width=\"340\" height=\"148\" src=\"https:\/\/kurmi-software.com\/wp-content\/uploads\/2023\/04\/Duke.png\" class=\"attachment-full size-full wp-image-2274\" alt=\"\" srcset=\"https:\/\/kurmi-software.com\/wp-content\/uploads\/2023\/04\/Duke.png 340w, https:\/\/kurmi-software.com\/wp-content\/uploads\/2023\/04\/Duke-300x131.png 300w\" sizes=\"(max-width: 340px) 100vw, 340px\" \/>\t\t\t\t\t\t\t\t\t\t\t\t\t\t\t<\/div>\n\t\t\t\t<\/div>\n\t\t\t\t\t<\/div>\n\t\t<\/div>\n\t\t\t\t\t<\/div>\n\t\t<\/section>\n\t\t\t\t\t<\/div>\n\t\t<\/div>\n\t\t\t\t\t<\/div>\n\t\t<\/section>\n\t\t\t\t<section class=\"elementor-section elementor-top-section elementor-element elementor-element-2708bf1 elementor-section-stretched dark-blue-row tagline-row elementor-section-boxed elementor-section-height-default elementor-section-height-default\" data-id=\"2708bf1\" data-element_type=\"section\" data-e-type=\"section\" data-settings=\"{&quot;stretch_section&quot;:&quot;section-stretched&quot;}\">\n\t\t\t\t\t\t<div class=\"elementor-container elementor-column-gap-default\">\n\t\t\t\t\t<div class=\"elementor-column elementor-col-100 elementor-top-column elementor-element elementor-element-6bfec2e\" data-id=\"6bfec2e\" data-element_type=\"column\" data-e-type=\"column\">\n\t\t\t<div class=\"elementor-widget-wrap elementor-element-populated\">\n\t\t\t\t\t\t<div class=\"elementor-element elementor-element-b40f2ff elementor-widget elementor-widget-text-editor\" data-id=\"b40f2ff\" data-element_type=\"widget\" data-e-type=\"widget\" data-widget_type=\"text-editor.default\">\n\t\t\t\t<div class=\"elementor-widget-container\">\n\t\t\t\t\t\t\t\t\t<h2 style=\"text-align: center;\">Ensemble, nous le configurons.<\/h2>\n\t\t\t\t\t\t\t\t<\/div>\n\t\t\t\t<\/div>\n\t\t\t\t\t<\/div>\n\t\t<\/div>\n\t\t\t\t\t<\/div>\n\t\t<\/section>\n\t\t\t\t<\/div>\n\t\t","protected":false},"excerpt":{"rendered":"<p>Gestion plus intelligente des communications unifi\u00e9es et automatisation du provisionnement Con\u00e7u pour les grandes entreprises et les fournisseurs de services g\u00e9r\u00e9s Gestion multi-fournisseurs : Avaya, Cisco, Microsof, Zoom Hautement configurable [&hellip;]<\/p>\n","protected":false},"author":1,"featured_media":0,"parent":0,"menu_order":0,"comment_status":"closed","ping_status":"closed","template":"","meta":{"_acf_changed":false,"content-type":"","_genesis_hide_title":false,"_genesis_hide_breadcrumbs":false,"_genesis_hide_singular_image":false,"_genesis_hide_footer_widgets":false,"_genesis_custom_body_class":"","_genesis_custom_post_class":"","_genesis_layout":"","_EventAllDay":false,"_EventTimezone":"","_EventStartDate":"","_EventEndDate":"","_EventStartDateUTC":"","_EventEndDateUTC":"","_EventShowMap":false,"_EventShowMapLink":false,"_EventURL":"","_EventCost":"","_EventCostDescription":"","_EventCurrencySymbol":"","_EventCurrencyCode":"","_EventCurrencyPosition":"","_EventDateTimeSeparator":"","_EventTimeRangeSeparator":"","_EventOrganizerID":[],"_EventVenueID":[],"_OrganizerEmail":"","_OrganizerPhone":"","_OrganizerWebsite":"","_VenueAddress":"","_VenueCity":"","_VenueCountry":"","_VenueProvince":"","_VenueState":"","_VenueZip":"","_VenuePhone":"","_VenueURL":"","_VenueStateProvince":"","_VenueLat":"","_VenueLng":"","_VenueShowMap":false,"_VenueShowMapLink":false,"footnotes":""},"class_list":["post-3782","page","type-page","status-publish","entry"],"acf":[],"yoast_head":"<!-- This site is optimized with the Yoast SEO plugin v27.0 - https:\/\/yoast.com\/product\/yoast-seo-wordpress\/ -->\n<title>Parler \u00e0 un expert - Kurmi Software<\/title>\n<meta name=\"robots\" content=\"index, follow, max-snippet:-1, max-image-preview:large, max-video-preview:-1\" \/>\n<link rel=\"canonical\" href=\"https:\/\/kurmi-software.com\/fr\/parler-a-un-expert\/\" \/>\n<meta property=\"og:locale\" content=\"fr_FR\" \/>\n<meta property=\"og:type\" content=\"article\" \/>\n<meta property=\"og:title\" content=\"Parler \u00e0 un expert - Kurmi Software\" \/>\n<meta property=\"og:description\" content=\"Gestion plus intelligente des communications unifi\u00e9es et automatisation du provisionnement Con\u00e7u pour les grandes entreprises et les fournisseurs de services g\u00e9r\u00e9s Gestion multi-fournisseurs : Avaya, Cisco, Microsof, Zoom Hautement configurable [&hellip;]\" \/>\n<meta property=\"og:url\" content=\"https:\/\/kurmi-software.com\/fr\/parler-a-un-expert\/\" \/>\n<meta property=\"og:site_name\" content=\"Kurmi Software\" \/>\n<meta property=\"article:modified_time\" content=\"2023-05-30T18:37:31+00:00\" \/>\n<meta property=\"og:image\" content=\"https:\/\/kurmi-software.com\/wp-content\/uploads\/2023\/05\/share-img.jpg\" \/>\n<meta name=\"twitter:card\" content=\"summary_large_image\" \/>\n<meta name=\"twitter:site\" content=\"@kurmisoftware\" \/>\n<script type=\"application\/ld+json\" class=\"yoast-schema-graph\">{\"@context\":\"https:\/\/schema.org\",\"@graph\":[{\"@type\":\"WebPage\",\"@id\":\"https:\/\/kurmi-software.com\/fr\/parler-a-un-expert\/\",\"url\":\"https:\/\/kurmi-software.com\/fr\/parler-a-un-expert\/\",\"name\":\"Parler \u00e0 un expert - Kurmi Software\",\"isPartOf\":{\"@id\":\"https:\/\/kurmi-software.com\/fr\/#website\"},\"primaryImageOfPage\":{\"@id\":\"https:\/\/kurmi-software.com\/fr\/parler-a-un-expert\/#primaryimage\"},\"image\":{\"@id\":\"https:\/\/kurmi-software.com\/fr\/parler-a-un-expert\/#primaryimage\"},\"thumbnailUrl\":\"https:\/\/kurmi.wpengine.com\/wp-content\/uploads\/2023\/05\/04-HomePage-SP-Multi-Tech-1.jpg\",\"datePublished\":\"2023-05-24T01:16:40+00:00\",\"dateModified\":\"2023-05-30T18:37:31+00:00\",\"breadcrumb\":{\"@id\":\"https:\/\/kurmi-software.com\/fr\/parler-a-un-expert\/#breadcrumb\"},\"inLanguage\":\"fr-FR\",\"potentialAction\":[{\"@type\":\"ReadAction\",\"target\":[\"https:\/\/kurmi-software.com\/fr\/parler-a-un-expert\/\"]}]},{\"@type\":\"ImageObject\",\"inLanguage\":\"fr-FR\",\"@id\":\"https:\/\/kurmi-software.com\/fr\/parler-a-un-expert\/#primaryimage\",\"url\":\"https:\/\/kurmi.wpengine.com\/wp-content\/uploads\/2023\/05\/04-HomePage-SP-Multi-Tech-1.jpg\",\"contentUrl\":\"https:\/\/kurmi.wpengine.com\/wp-content\/uploads\/2023\/05\/04-HomePage-SP-Multi-Tech-1.jpg\"},{\"@type\":\"BreadcrumbList\",\"@id\":\"https:\/\/kurmi-software.com\/fr\/parler-a-un-expert\/#breadcrumb\",\"itemListElement\":[{\"@type\":\"ListItem\",\"position\":1,\"name\":\"Home\",\"item\":\"https:\/\/kurmi-software.com\/fr\/accueil\/\"},{\"@type\":\"ListItem\",\"position\":2,\"name\":\"Parler \u00e0 un expert\"}]},{\"@type\":\"WebSite\",\"@id\":\"https:\/\/kurmi-software.com\/fr\/#website\",\"url\":\"https:\/\/kurmi-software.com\/fr\/\",\"name\":\"Kurmi Software\",\"description\":\"Unified Communication - Automate &amp; Simplify the management\",\"publisher\":{\"@id\":\"https:\/\/kurmi-software.com\/fr\/#organization\"},\"potentialAction\":[{\"@type\":\"SearchAction\",\"target\":{\"@type\":\"EntryPoint\",\"urlTemplate\":\"https:\/\/kurmi-software.com\/fr\/?s={search_term_string}\"},\"query-input\":{\"@type\":\"PropertyValueSpecification\",\"valueRequired\":true,\"valueName\":\"search_term_string\"}}],\"inLanguage\":\"fr-FR\"},{\"@type\":\"Organization\",\"@id\":\"https:\/\/kurmi-software.com\/fr\/#organization\",\"name\":\"Kurmi Software\",\"url\":\"https:\/\/kurmi-software.com\/fr\/\",\"logo\":{\"@type\":\"ImageObject\",\"inLanguage\":\"fr-FR\",\"@id\":\"https:\/\/kurmi-software.com\/fr\/#\/schema\/logo\/image\/\",\"url\":\"https:\/\/kurmi-software.com\/wp-content\/uploads\/2023\/04\/Logo.svg\",\"contentUrl\":\"https:\/\/kurmi-software.com\/wp-content\/uploads\/2023\/04\/Logo.svg\",\"width\":200,\"height\":92,\"caption\":\"Kurmi Software\"},\"image\":{\"@id\":\"https:\/\/kurmi-software.com\/fr\/#\/schema\/logo\/image\/\"},\"sameAs\":[\"https:\/\/x.com\/kurmisoftware\",\"https:\/\/www.linkedin.com\/company\/kurmi-software\/\",\"https:\/\/www.youtube.com\/user\/KurmiSoftware\"]}]}<\/script>\n<!-- \/ Yoast SEO plugin. -->","yoast_head_json":{"title":"Parler \u00e0 un expert - Kurmi Software","robots":{"index":"index","follow":"follow","max-snippet":"max-snippet:-1","max-image-preview":"max-image-preview:large","max-video-preview":"max-video-preview:-1"},"canonical":"https:\/\/kurmi-software.com\/fr\/parler-a-un-expert\/","og_locale":"fr_FR","og_type":"article","og_title":"Parler \u00e0 un expert - Kurmi Software","og_description":"Gestion plus intelligente des communications unifi\u00e9es et automatisation du provisionnement Con\u00e7u pour les grandes entreprises et les fournisseurs de services g\u00e9r\u00e9s Gestion multi-fournisseurs : Avaya, Cisco, Microsof, Zoom Hautement configurable [&hellip;]","og_url":"https:\/\/kurmi-software.com\/fr\/parler-a-un-expert\/","og_site_name":"Kurmi Software","article_modified_time":"2023-05-30T18:37:31+00:00","og_image":[{"url":"https:\/\/kurmi-software.com\/wp-content\/uploads\/2023\/05\/share-img.jpg","type":"","width":"","height":""}],"twitter_card":"summary_large_image","twitter_site":"@kurmisoftware","schema":{"@context":"https:\/\/schema.org","@graph":[{"@type":"WebPage","@id":"https:\/\/kurmi-software.com\/fr\/parler-a-un-expert\/","url":"https:\/\/kurmi-software.com\/fr\/parler-a-un-expert\/","name":"Parler \u00e0 un expert - Kurmi Software","isPartOf":{"@id":"https:\/\/kurmi-software.com\/fr\/#website"},"primaryImageOfPage":{"@id":"https:\/\/kurmi-software.com\/fr\/parler-a-un-expert\/#primaryimage"},"image":{"@id":"https:\/\/kurmi-software.com\/fr\/parler-a-un-expert\/#primaryimage"},"thumbnailUrl":"https:\/\/kurmi.wpengine.com\/wp-content\/uploads\/2023\/05\/04-HomePage-SP-Multi-Tech-1.jpg","datePublished":"2023-05-24T01:16:40+00:00","dateModified":"2023-05-30T18:37:31+00:00","breadcrumb":{"@id":"https:\/\/kurmi-software.com\/fr\/parler-a-un-expert\/#breadcrumb"},"inLanguage":"fr-FR","potentialAction":[{"@type":"ReadAction","target":["https:\/\/kurmi-software.com\/fr\/parler-a-un-expert\/"]}]},{"@type":"ImageObject","inLanguage":"fr-FR","@id":"https:\/\/kurmi-software.com\/fr\/parler-a-un-expert\/#primaryimage","url":"https:\/\/kurmi.wpengine.com\/wp-content\/uploads\/2023\/05\/04-HomePage-SP-Multi-Tech-1.jpg","contentUrl":"https:\/\/kurmi.wpengine.com\/wp-content\/uploads\/2023\/05\/04-HomePage-SP-Multi-Tech-1.jpg"},{"@type":"BreadcrumbList","@id":"https:\/\/kurmi-software.com\/fr\/parler-a-un-expert\/#breadcrumb","itemListElement":[{"@type":"ListItem","position":1,"name":"Home","item":"https:\/\/kurmi-software.com\/fr\/accueil\/"},{"@type":"ListItem","position":2,"name":"Parler \u00e0 un expert"}]},{"@type":"WebSite","@id":"https:\/\/kurmi-software.com\/fr\/#website","url":"https:\/\/kurmi-software.com\/fr\/","name":"Kurmi Software","description":"Unified Communication - Automate &amp; Simplify the management","publisher":{"@id":"https:\/\/kurmi-software.com\/fr\/#organization"},"potentialAction":[{"@type":"SearchAction","target":{"@type":"EntryPoint","urlTemplate":"https:\/\/kurmi-software.com\/fr\/?s={search_term_string}"},"query-input":{"@type":"PropertyValueSpecification","valueRequired":true,"valueName":"search_term_string"}}],"inLanguage":"fr-FR"},{"@type":"Organization","@id":"https:\/\/kurmi-software.com\/fr\/#organization","name":"Kurmi Software","url":"https:\/\/kurmi-software.com\/fr\/","logo":{"@type":"ImageObject","inLanguage":"fr-FR","@id":"https:\/\/kurmi-software.com\/fr\/#\/schema\/logo\/image\/","url":"https:\/\/kurmi-software.com\/wp-content\/uploads\/2023\/04\/Logo.svg","contentUrl":"https:\/\/kurmi-software.com\/wp-content\/uploads\/2023\/04\/Logo.svg","width":200,"height":92,"caption":"Kurmi Software"},"image":{"@id":"https:\/\/kurmi-software.com\/fr\/#\/schema\/logo\/image\/"},"sameAs":["https:\/\/x.com\/kurmisoftware","https:\/\/www.linkedin.com\/company\/kurmi-software\/","https:\/\/www.youtube.com\/user\/KurmiSoftware"]}]}},"_links":{"self":[{"href":"https:\/\/kurmi-software.com\/fr\/wp-json\/wp\/v2\/pages\/3782","targetHints":{"allow":["GET"]}}],"collection":[{"href":"https:\/\/kurmi-software.com\/fr\/wp-json\/wp\/v2\/pages"}],"about":[{"href":"https:\/\/kurmi-software.com\/fr\/wp-json\/wp\/v2\/types\/page"}],"author":[{"embeddable":true,"href":"https:\/\/kurmi-software.com\/fr\/wp-json\/wp\/v2\/users\/1"}],"replies":[{"embeddable":true,"href":"https:\/\/kurmi-software.com\/fr\/wp-json\/wp\/v2\/comments?post=3782"}],"version-history":[{"count":0,"href":"https:\/\/kurmi-software.com\/fr\/wp-json\/wp\/v2\/pages\/3782\/revisions"}],"wp:attachment":[{"href":"https:\/\/kurmi-software.com\/fr\/wp-json\/wp\/v2\/media?parent=3782"}],"curies":[{"name":"wp","href":"https:\/\/api.w.org\/{rel}","templated":true}]}}