{"id":3786,"date":"2023-05-23T11:15:45","date_gmt":"2023-05-23T15:15:45","guid":{"rendered":"https:\/\/kurmi.wpengine.com\/plan-du-site\/"},"modified":"2023-05-30T14:37:33","modified_gmt":"2023-05-30T18:37:33","slug":"plan-du-site","status":"publish","type":"page","link":"https:\/\/kurmi-software.com\/fr\/plan-du-site\/","title":{"rendered":"Plan du site"},"content":{"rendered":"\t\t<div data-elementor-type=\"wp-page\" data-elementor-id=\"3786\" class=\"elementor elementor-3786 elementor-2082\" data-elementor-post-type=\"page\">\n\t\t\t\t\t\t<section class=\"elementor-section elementor-top-section elementor-element elementor-element-7952481 elementor-section-stretched subpage-hero-row orange-row has-burst elementor-section-boxed elementor-section-height-default elementor-section-height-default\" data-id=\"7952481\" data-element_type=\"section\" data-e-type=\"section\" data-settings=\"{&quot;stretch_section&quot;:&quot;section-stretched&quot;}\">\n\t\t\t\t\t\t<div class=\"elementor-container elementor-column-gap-default\">\n\t\t\t\t\t<div class=\"elementor-column elementor-col-66 elementor-top-column elementor-element elementor-element-9667465\" data-id=\"9667465\" data-element_type=\"column\" data-e-type=\"column\">\n\t\t\t<div class=\"elementor-widget-wrap elementor-element-populated\">\n\t\t\t\t\t\t<div class=\"elementor-element elementor-element-d6e5767 elementor-invisible elementor-widget elementor-widget-text-editor\" data-id=\"d6e5767\" data-element_type=\"widget\" data-e-type=\"widget\" data-settings=\"{&quot;_animation&quot;:&quot;fadeInUp&quot;}\" data-widget_type=\"text-editor.default\">\n\t\t\t\t<div class=\"elementor-widget-container\">\n\t\t\t\t\t\t\t\t\t<h1>Sitemap<\/h1>\t\t\t\t\t\t\t\t<\/div>\n\t\t\t\t<\/div>\n\t\t\t\t\t<\/div>\n\t\t<\/div>\n\t\t\t\t<div class=\"elementor-column elementor-col-33 elementor-top-column elementor-element elementor-element-8a9c7d9\" data-id=\"8a9c7d9\" data-element_type=\"column\" data-e-type=\"column\">\n\t\t\t<div class=\"elementor-widget-wrap\">\n\t\t\t\t\t\t\t<\/div>\n\t\t<\/div>\n\t\t\t\t\t<\/div>\n\t\t<\/section>\n\t\t\t\t<section class=\"elementor-section elementor-top-section elementor-element elementor-element-71cd50f elementor-section-boxed elementor-section-height-default elementor-section-height-default\" data-id=\"71cd50f\" data-element_type=\"section\" data-e-type=\"section\">\n\t\t\t\t\t\t<div class=\"elementor-container elementor-column-gap-default\">\n\t\t\t\t\t<div class=\"elementor-column elementor-col-100 elementor-top-column elementor-element elementor-element-e71bb3e\" data-id=\"e71bb3e\" data-element_type=\"column\" data-e-type=\"column\">\n\t\t\t<div class=\"elementor-widget-wrap elementor-element-populated\">\n\t\t\t\t\t\t<div class=\"elementor-element elementor-element-0781392 elementor-widget elementor-widget-wp-widget-nav_menu\" data-id=\"0781392\" data-element_type=\"widget\" data-e-type=\"widget\" data-widget_type=\"wp-widget-nav_menu.default\">\n\t\t\t\t<div class=\"elementor-widget-container\">\n\t\t\t\t\t<nav class=\"menu-sitemap-mobile-menu-french-container\" aria-label=\"Menu\"><ul id=\"menu-sitemap-mobile-menu-french\" class=\"menu\"><li id=\"menu-item-8724\" class=\"products-menu menu-item menu-item-type-custom menu-item-object-custom menu-item-has-children menu-item-8724\"><a data-ps2id-api=\"true\">Products<\/a>\n<ul class=\"sub-menu\">\n\t<li id=\"menu-item-8725\" class=\"menu-item menu-item-type-post_type menu-item-object-page menu-item-8725\"><a href=\"https:\/\/kurmi-software.com\/fr\/produits\/kurmi-provisioning-suite-pour-les-entreprises\/\" data-ps2id-api=\"true\">Kurmi Provisioning Suite pour les entreprises<\/a><\/li>\n\t<li id=\"menu-item-8726\" class=\"menu-item menu-item-type-post_type menu-item-object-page menu-item-8726\"><a href=\"https:\/\/kurmi-software.com\/fr\/produits\/kurmi-provisioning-suite-pour-les-msp\/\" data-ps2id-api=\"true\">Kurmi Provisioning Suite pour les MSP<\/a><\/li>\n<\/ul>\n<\/li>\n<li id=\"menu-item-8727\" class=\"solutions-menu menu-item menu-item-type-custom menu-item-object-custom menu-item-has-children menu-item-8727\"><a data-ps2id-api=\"true\">Use Cases<\/a>\n<ul class=\"sub-menu\">\n\t<li id=\"menu-item-8728\" class=\"menu-item menu-item-type-post_type menu-item-object-page menu-item-8728\"><a href=\"https:\/\/kurmi-software.com\/fr\/provisionnement-des-utilisateurs\/\" data-ps2id-api=\"true\">Provisionnement des utilisateurs<\/a><\/li>\n\t<li id=\"menu-item-8729\" class=\"menu-item menu-item-type-post_type menu-item-object-page menu-item-8729\"><a href=\"https:\/\/kurmi-software.com\/fr\/gestion-des-numeros\/\" data-ps2id-api=\"true\">Gestion des num\u00e9ros<\/a><\/li>\n\t<li id=\"menu-item-8730\" class=\"menu-item menu-item-type-post_type menu-item-object-page menu-item-8730\"><a href=\"https:\/\/kurmi-software.com\/fr\/produits\/outil-de-migration-kurmi\/\" data-ps2id-api=\"true\">Outil de migration Kurmi Flow<\/a><\/li>\n\t<li id=\"menu-item-8731\" class=\"menu-item menu-item-type-post_type menu-item-object-page menu-item-8731\"><a href=\"https:\/\/kurmi-software.com\/fr\/controle-dacces-base-sur-les-roles\/\" data-ps2id-api=\"true\">Contr\u00f4le d&rsquo;acc\u00e8s bas\u00e9 sur les r\u00f4les<\/a><\/li>\n\t<li id=\"menu-item-8732\" class=\"menu-item menu-item-type-post_type menu-item-object-page menu-item-8732\"><a href=\"https:\/\/kurmi-software.com\/fr\/solutions\/kurmi-pour-cisco\/kurmi-pour-cisco-prime-collaboration-provisioning-alternative-pcp\/\" data-ps2id-api=\"true\">Kurmi pour Cisco Prime Collaboration Provisioning Alternative (PCP)<\/a><\/li>\n<\/ul>\n<\/li>\n<li id=\"menu-item-8733\" class=\"menu-item menu-item-type-post_type menu-item-object-page menu-item-has-children menu-item-8733\"><a href=\"https:\/\/kurmi-software.com\/fr\/industries\/\" data-ps2id-api=\"true\">Industries<\/a>\n<ul class=\"sub-menu\">\n\t<li id=\"menu-item-8734\" class=\"menu-item menu-item-type-post_type menu-item-object-page menu-item-8734\"><a href=\"https:\/\/kurmi-software.com\/fr\/industries\/services-financiers\/\" data-ps2id-api=\"true\">Services financiers<\/a><\/li>\n\t<li id=\"menu-item-8735\" class=\"menu-item menu-item-type-post_type menu-item-object-page menu-item-8735\"><a href=\"https:\/\/kurmi-software.com\/fr\/industries\/gouvernement\/\" data-ps2id-api=\"true\">Gouvernement<\/a><\/li>\n\t<li id=\"menu-item-8736\" class=\"menu-item menu-item-type-post_type menu-item-object-page menu-item-8736\"><a href=\"https:\/\/kurmi-software.com\/fr\/industries\/soins-de-sante\/\" data-ps2id-api=\"true\">Soins de sant\u00e9<\/a><\/li>\n\t<li id=\"menu-item-8765\" class=\"menu-item menu-item-type-post_type menu-item-object-page menu-item-8765\"><a href=\"https:\/\/kurmi-software.com\/fr\/industries\/kurmi-pour-les-msp\/\" data-ps2id-api=\"true\">Kurmi pour les MSP<\/a><\/li>\n<\/ul>\n<\/li>\n<li id=\"menu-item-8766\" class=\"menu-item menu-item-type-custom menu-item-object-custom menu-item-has-children menu-item-8766\"><a href=\"#\" data-ps2id-api=\"true\">Supported Tech<\/a>\n<ul class=\"sub-menu\">\n\t<li id=\"menu-item-8767\" class=\"menu-item menu-item-type-post_type menu-item-object-page menu-item-has-children menu-item-8767\"><a href=\"https:\/\/kurmi-software.com\/fr\/solutions\/kurmi-pour-cisco\/\" data-ps2id-api=\"true\">Kurmi pour Cisco<\/a>\n\t<ul class=\"sub-menu\">\n\t\t<li id=\"menu-item-8768\" class=\"menu-item menu-item-type-post_type menu-item-object-page menu-item-8768\"><a href=\"https:\/\/kurmi-software.com\/fr\/solutions\/kurmi-pour-cisco\/kurmi-pour-webex-suite\/\" data-ps2id-api=\"true\">Kurmi pour Webex Suite<\/a><\/li>\n\t\t<li id=\"menu-item-8769\" class=\"menu-item menu-item-type-post_type menu-item-object-page menu-item-8769\"><a href=\"https:\/\/kurmi-software.com\/fr\/solutions\/kurmi-pour-cisco\/kurmi-pour-webex-contact-center\/\" data-ps2id-api=\"true\">Kurmi pour Webex Contact Center<\/a><\/li>\n\t\t<li id=\"menu-item-8770\" class=\"menu-item menu-item-type-post_type menu-item-object-page menu-item-8770\"><a href=\"https:\/\/kurmi-software.com\/fr\/solutions\/kurmi-pour-cisco\/kurmi-pour-cisco-unified-communications-suite\/\" data-ps2id-api=\"true\">Kurmi pour Cisco Unified Communications Suite<\/a><\/li>\n\t\t<li id=\"menu-item-8771\" class=\"menu-item menu-item-type-post_type menu-item-object-page menu-item-8771\"><a href=\"https:\/\/kurmi-software.com\/fr\/solutions\/kurmi-pour-cisco\/kurmi-pour-cisco-contact-center\/\" data-ps2id-api=\"true\">Kurmi pour Cisco Contact Center<\/a><\/li>\n\t\t<li id=\"menu-item-8772\" class=\"menu-item menu-item-type-post_type menu-item-object-page menu-item-8772\"><a href=\"https:\/\/kurmi-software.com\/fr\/solutions\/kurmi-pour-cisco\/kurmi-pour-cisco-broadworks\/\" data-ps2id-api=\"true\">Kurmi pour Cisco Broadworks<\/a><\/li>\n\t\t<li id=\"menu-item-8773\" class=\"menu-item menu-item-type-post_type menu-item-object-page menu-item-8773\"><a href=\"https:\/\/kurmi-software.com\/fr\/solutions\/kurmi-pour-cisco\/kurmi-pour-cisco-hosted-collaboration-solution-hcs\/\" data-ps2id-api=\"true\">Kurmi pour Cisco Hosted Collaboration Solution (HCS)<\/a><\/li>\n\t<\/ul>\n<\/li>\n\t<li id=\"menu-item-8774\" class=\"menu-item menu-item-type-post_type menu-item-object-page menu-item-has-children menu-item-8774\"><a href=\"https:\/\/kurmi-software.com\/fr\/solutions\/kurmi-pour-microsoft\/\" data-ps2id-api=\"true\">Kurmi pour Microsoft<\/a>\n\t<ul class=\"sub-menu\">\n\t\t<li id=\"menu-item-8775\" class=\"menu-item menu-item-type-post_type menu-item-object-page menu-item-8775\"><a href=\"https:\/\/kurmi-software.com\/fr\/solutions\/kurmi-pour-microsoft\/kurmi-pour-microsoft-teams-et-teams-phone\/\" data-ps2id-api=\"true\">Kurmi pour Microsoft Teams et Teams Phone<\/a><\/li>\n\t\t<li id=\"menu-item-8776\" class=\"menu-item menu-item-type-post_type menu-item-object-page menu-item-8776\"><a href=\"https:\/\/kurmi-software.com\/fr\/solutions\/kurmi-pour-microsoft\/kurmi-pour-skype-for-business\/\" data-ps2id-api=\"true\">Kurmi pour Skype for Business<\/a><\/li>\n\t<\/ul>\n<\/li>\n\t<li id=\"menu-item-8777\" class=\"menu-item menu-item-type-post_type menu-item-object-page menu-item-has-children menu-item-8777\"><a href=\"https:\/\/kurmi-software.com\/fr\/solutions\/kurmi-pour-avaya\/\" data-ps2id-api=\"true\">Kurmi pour Avaya<\/a>\n\t<ul class=\"sub-menu\">\n\t\t<li id=\"menu-item-8778\" class=\"menu-item menu-item-type-post_type menu-item-object-page menu-item-8778\"><a href=\"https:\/\/kurmi-software.com\/fr\/solutions\/kurmi-pour-avaya\/kurmi-pour-avaya-aura\/\" data-ps2id-api=\"true\">Kurmi pour Avaya Aura<\/a><\/li>\n\t\t<li id=\"menu-item-8779\" class=\"menu-item menu-item-type-post_type menu-item-object-page menu-item-8779\"><a href=\"https:\/\/kurmi-software.com\/fr\/solutions\/kurmi-pour-avaya\/kurmi-pour-avaya-aura-call-center-elite\/\" data-ps2id-api=\"true\">Kurmi pour Avaya Aura Call Center Elite<\/a><\/li>\n\t<\/ul>\n<\/li>\n\t<li id=\"menu-item-8780\" class=\"menu-item menu-item-type-post_type menu-item-object-page menu-item-8780\"><a href=\"https:\/\/kurmi-software.com\/fr\/solutions\/kurmi-pour-zoom\/\" data-ps2id-api=\"true\">Kurmi pour Zoom<\/a><\/li>\n\t<li id=\"menu-item-8781\" class=\"menu-item menu-item-type-post_type menu-item-object-page menu-item-8781\"><a href=\"https:\/\/kurmi-software.com\/fr\/solutions\/genesys-cloud\/\" data-ps2id-api=\"true\">Genesys Cloud<\/a><\/li>\n\t<li id=\"menu-item-8833\" class=\"menu-item menu-item-type-post_type menu-item-object-page menu-item-8833\"><a href=\"https:\/\/kurmi-software.com\/fr\/solutions\/kurmi-pour-sbcs\/\" data-ps2id-api=\"true\">Kurmi pour SBCs<\/a><\/li>\n\t<li id=\"menu-item-8834\" class=\"menu-item menu-item-type-post_type menu-item-object-page menu-item-8834\"><a href=\"https:\/\/kurmi-software.com\/fr\/solutions\/connecteur-kurmi-sdk\/\" data-ps2id-api=\"true\">Connecteur Kurmi SDK<\/a><\/li>\n<\/ul>\n<\/li>\n<li id=\"menu-item-8835\" class=\"partners-menu menu-item menu-item-type-custom menu-item-object-custom menu-item-has-children menu-item-8835\"><a data-ps2id-api=\"true\">Partners<\/a>\n<ul class=\"sub-menu\">\n\t<li id=\"menu-item-8836\" class=\"menu-item menu-item-type-post_type menu-item-object-page menu-item-8836\"><a href=\"https:\/\/kurmi-software.com\/fr\/partenaires\/\" data-ps2id-api=\"true\">Partenaires<\/a><\/li>\n\t<li id=\"menu-item-8837\" class=\"menu-item menu-item-type-post_type menu-item-object-page menu-item-8837\"><a href=\"https:\/\/kurmi-software.com\/fr\/partenaires\/devenir-partenaire\/\" data-ps2id-api=\"true\">Devenir partenaire<\/a><\/li>\n\t<li id=\"menu-item-8838\" class=\"menu-item menu-item-type-post_type menu-item-object-page menu-item-8838\"><a href=\"https:\/\/kurmi-software.com\/fr\/partenaires\/cisco-solutionsplus\/\" data-ps2id-api=\"true\">Cisco SolutionsPlus<\/a><\/li>\n\t<li id=\"menu-item-8839\" class=\"menu-item menu-item-type-post_type menu-item-object-page menu-item-8839\"><a href=\"https:\/\/kurmi-software.com\/fr\/partenaires\/microsoft-ip-co-sell\/\" data-ps2id-api=\"true\">Microsoft IP Co-Sell<\/a><\/li>\n<\/ul>\n<\/li>\n<li id=\"menu-item-8840\" class=\"about-menu menu-item menu-item-type-custom menu-item-object-custom menu-item-has-children menu-item-8840\"><a data-ps2id-api=\"true\">About<\/a>\n<ul class=\"sub-menu\">\n\t<li id=\"menu-item-8841\" class=\"menu-item menu-item-type-post_type menu-item-object-page menu-item-8841\"><a href=\"https:\/\/kurmi-software.com\/fr\/a-propos-de-nous\/\" data-ps2id-api=\"true\">A propos de nous<\/a><\/li>\n\t<li id=\"menu-item-8842\" class=\"menu-item menu-item-type-post_type menu-item-object-page menu-item-8842\"><a href=\"https:\/\/kurmi-software.com\/fr\/carrieres\/\" data-ps2id-api=\"true\">Carri\u00e8res<\/a><\/li>\n\t<li id=\"menu-item-8843\" class=\"menu-item menu-item-type-custom menu-item-object-custom menu-item-8843\"><a href=\"\/resources\/?_content_type=press-releases\" data-ps2id-api=\"true\">Press Releases<\/a><\/li>\n\t<li id=\"menu-item-8844\" class=\"menu-item menu-item-type-custom menu-item-object-custom menu-item-8844\"><a href=\"\/resources\/?_topic=kurmi-in-the-news\" data-ps2id-api=\"true\">Media Coverage<\/a><\/li>\n\t<li id=\"menu-item-8845\" class=\"menu-item menu-item-type-post_type_archive menu-item-object-tribe_events menu-item-8845\"><a href=\"https:\/\/kurmi-software.com\/fr\/events\/\" data-ps2id-api=\"true\">\u00c9v\u00e8nements<\/a><\/li>\n<\/ul>\n<\/li>\n<li id=\"menu-item-8846\" class=\"resources-menu menu-item menu-item-type-custom menu-item-object-custom menu-item-has-children menu-item-8846\"><a data-ps2id-api=\"true\">Resources<\/a>\n<ul class=\"sub-menu\">\n\t<li id=\"menu-item-8847\" class=\"menu-item menu-item-type-post_type menu-item-object-page menu-item-8847\"><a href=\"https:\/\/kurmi-software.com\/fr\/gestion-de-luc\/\" data-ps2id-api=\"true\">Gestion de l&rsquo;UC<\/a><\/li>\n\t<li id=\"menu-item-8848\" class=\"menu-item menu-item-type-custom menu-item-object-custom menu-item-8848\"><a href=\"\/resources\/?_content_type=interactive-demos\" data-ps2id-api=\"true\">Interactive Demos<\/a><\/li>\n\t<li id=\"menu-item-8879\" class=\"menu-item menu-item-type-custom menu-item-object-custom menu-item-8879\"><a href=\"\/resources\/?_content_type=blogs\" data-ps2id-api=\"true\">Blog<\/a><\/li>\n\t<li id=\"menu-item-8880\" class=\"menu-item menu-item-type-custom menu-item-object-custom menu-item-8880\"><a href=\"\/resources\/?_content_type=webinars\" data-ps2id-api=\"true\">Webinars<\/a><\/li>\n\t<li id=\"menu-item-8881\" class=\"menu-item menu-item-type-custom menu-item-object-custom menu-item-8881\"><a href=\"\/resources\/?_content_type=white-papers\" data-ps2id-api=\"true\">White Papers<\/a><\/li>\n\t<li id=\"menu-item-8882\" class=\"menu-item menu-item-type-custom menu-item-object-custom menu-item-8882\"><a href=\"\/resources\/?_content_type=videos\" data-ps2id-api=\"true\">Videos<\/a><\/li>\n\t<li id=\"menu-item-8883\" class=\"menu-item menu-item-type-custom menu-item-object-custom menu-item-8883\"><a href=\"\/resources\/?_content_type=case-studies\" data-ps2id-api=\"true\">Case Studies<\/a><\/li>\n\t<li id=\"menu-item-8884\" class=\"menu-item menu-item-type-post_type_archive menu-item-object-resources menu-item-8884\"><a href=\"https:\/\/kurmi-software.com\/fr\/resources\/\" data-ps2id-api=\"true\">View All Resources<\/a><\/li>\n<\/ul>\n<\/li>\n<li id=\"menu-item-8345\" class=\"menu-item menu-item-type-post_type menu-item-object-page menu-item-8345\"><a href=\"https:\/\/kurmi-software.com\/fr\/industries\/enseignement-superieur\/\" data-ps2id-api=\"true\">Enseignement sup\u00e9rieur<\/a><\/li>\n<\/ul><\/nav>\t\t\t\t<\/div>\n\t\t\t\t<\/div>\n\t\t\t\t\t<\/div>\n\t\t<\/div>\n\t\t\t\t\t<\/div>\n\t\t<\/section>\n\t\t\t\t<section class=\"elementor-section elementor-top-section elementor-element elementor-element-a093345 elementor-section-stretched dark-blue-row tagline-row elementor-section-boxed elementor-section-height-default elementor-section-height-default\" data-id=\"a093345\" data-element_type=\"section\" data-e-type=\"section\" data-settings=\"{&quot;stretch_section&quot;:&quot;section-stretched&quot;}\">\n\t\t\t\t\t\t<div class=\"elementor-container elementor-column-gap-default\">\n\t\t\t\t\t<div class=\"elementor-column elementor-col-100 elementor-top-column elementor-element elementor-element-4ee72a2\" data-id=\"4ee72a2\" data-element_type=\"column\" data-e-type=\"column\">\n\t\t\t<div class=\"elementor-widget-wrap elementor-element-populated\">\n\t\t\t\t\t\t<div class=\"elementor-element elementor-element-7e59ab2 elementor-widget elementor-widget-text-editor\" data-id=\"7e59ab2\" data-element_type=\"widget\" data-e-type=\"widget\" data-widget_type=\"text-editor.default\">\n\t\t\t\t<div class=\"elementor-widget-container\">\n\t\t\t\t\t\t\t\t\t<h2 style=\"text-align: center;\">Together we configure it out.<\/h2>\t\t\t\t\t\t\t\t<\/div>\n\t\t\t\t<\/div>\n\t\t\t\t\t<\/div>\n\t\t<\/div>\n\t\t\t\t\t<\/div>\n\t\t<\/section>\n\t\t\t\t<\/div>\n\t\t","protected":false},"excerpt":{"rendered":"","protected":false},"author":1,"featured_media":0,"parent":0,"menu_order":0,"comment_status":"closed","ping_status":"closed","template":"","meta":{"_acf_changed":false,"content-type":"","_genesis_hide_title":false,"_genesis_hide_breadcrumbs":false,"_genesis_hide_singular_image":false,"_genesis_hide_footer_widgets":false,"_genesis_custom_body_class":"sitemap-page","_genesis_custom_post_class":"","_genesis_layout":"","_EventAllDay":false,"_EventTimezone":"","_EventStartDate":"","_EventEndDate":"","_EventStartDateUTC":"","_EventEndDateUTC":"","_EventShowMap":false,"_EventShowMapLink":false,"_EventURL":"","_EventCost":"","_EventCostDescription":"","_EventCurrencySymbol":"","_EventCurrencyCode":"","_EventCurrencyPosition":"","_EventDateTimeSeparator":"","_EventTimeRangeSeparator":"","_EventOrganizerID":[],"_EventVenueID":[],"_OrganizerEmail":"","_OrganizerPhone":"","_OrganizerWebsite":"","_VenueAddress":"","_VenueCity":"","_VenueCountry":"","_VenueProvince":"","_VenueState":"","_VenueZip":"","_VenuePhone":"","_VenueURL":"","_VenueStateProvince":"","_VenueLat":"","_VenueLng":"","_VenueShowMap":false,"_VenueShowMapLink":false,"footnotes":""},"class_list":["post-3786","page","type-page","status-publish","entry"],"acf":[],"yoast_head":"<!-- This site is optimized with the Yoast SEO plugin v27.0 - https:\/\/yoast.com\/product\/yoast-seo-wordpress\/ -->\n<title>Plan du site - Kurmi Software<\/title>\n<meta name=\"robots\" content=\"index, follow, max-snippet:-1, max-image-preview:large, max-video-preview:-1\" \/>\n<link rel=\"canonical\" href=\"https:\/\/kurmi-software.com\/fr\/plan-du-site\/\" \/>\n<meta property=\"og:locale\" content=\"fr_FR\" \/>\n<meta property=\"og:type\" content=\"article\" \/>\n<meta property=\"og:title\" content=\"Plan du site - Kurmi Software\" \/>\n<meta property=\"og:url\" content=\"https:\/\/kurmi-software.com\/fr\/plan-du-site\/\" \/>\n<meta property=\"og:site_name\" content=\"Kurmi Software\" \/>\n<meta property=\"article:modified_time\" content=\"2023-05-30T18:37:33+00:00\" \/>\n<meta property=\"og:image\" content=\"https:\/\/kurmi-software.com\/wp-content\/uploads\/2023\/05\/share-img.jpg\" \/>\n\t<meta property=\"og:image:width\" content=\"2400\" \/>\n\t<meta property=\"og:image:height\" content=\"1256\" \/>\n\t<meta property=\"og:image:type\" content=\"image\/jpeg\" \/>\n<meta name=\"twitter:card\" content=\"summary_large_image\" \/>\n<meta name=\"twitter:site\" content=\"@kurmisoftware\" \/>\n<script type=\"application\/ld+json\" class=\"yoast-schema-graph\">{\"@context\":\"https:\/\/schema.org\",\"@graph\":[{\"@type\":\"WebPage\",\"@id\":\"https:\/\/kurmi-software.com\/fr\/plan-du-site\/\",\"url\":\"https:\/\/kurmi-software.com\/fr\/plan-du-site\/\",\"name\":\"Plan du site - Kurmi Software\",\"isPartOf\":{\"@id\":\"https:\/\/kurmi-software.com\/fr\/#website\"},\"datePublished\":\"2023-05-23T15:15:45+00:00\",\"dateModified\":\"2023-05-30T18:37:33+00:00\",\"breadcrumb\":{\"@id\":\"https:\/\/kurmi-software.com\/fr\/plan-du-site\/#breadcrumb\"},\"inLanguage\":\"fr-FR\",\"potentialAction\":[{\"@type\":\"ReadAction\",\"target\":[\"https:\/\/kurmi-software.com\/fr\/plan-du-site\/\"]}]},{\"@type\":\"BreadcrumbList\",\"@id\":\"https:\/\/kurmi-software.com\/fr\/plan-du-site\/#breadcrumb\",\"itemListElement\":[{\"@type\":\"ListItem\",\"position\":1,\"name\":\"Home\",\"item\":\"https:\/\/kurmi-software.com\/fr\/accueil\/\"},{\"@type\":\"ListItem\",\"position\":2,\"name\":\"Plan du site\"}]},{\"@type\":\"WebSite\",\"@id\":\"https:\/\/kurmi-software.com\/fr\/#website\",\"url\":\"https:\/\/kurmi-software.com\/fr\/\",\"name\":\"Kurmi Software\",\"description\":\"Unified Communication - Automate &amp; Simplify the management\",\"publisher\":{\"@id\":\"https:\/\/kurmi-software.com\/fr\/#organization\"},\"potentialAction\":[{\"@type\":\"SearchAction\",\"target\":{\"@type\":\"EntryPoint\",\"urlTemplate\":\"https:\/\/kurmi-software.com\/fr\/?s={search_term_string}\"},\"query-input\":{\"@type\":\"PropertyValueSpecification\",\"valueRequired\":true,\"valueName\":\"search_term_string\"}}],\"inLanguage\":\"fr-FR\"},{\"@type\":\"Organization\",\"@id\":\"https:\/\/kurmi-software.com\/fr\/#organization\",\"name\":\"Kurmi Software\",\"url\":\"https:\/\/kurmi-software.com\/fr\/\",\"logo\":{\"@type\":\"ImageObject\",\"inLanguage\":\"fr-FR\",\"@id\":\"https:\/\/kurmi-software.com\/fr\/#\/schema\/logo\/image\/\",\"url\":\"https:\/\/kurmi-software.com\/wp-content\/uploads\/2023\/04\/Logo.svg\",\"contentUrl\":\"https:\/\/kurmi-software.com\/wp-content\/uploads\/2023\/04\/Logo.svg\",\"width\":200,\"height\":92,\"caption\":\"Kurmi Software\"},\"image\":{\"@id\":\"https:\/\/kurmi-software.com\/fr\/#\/schema\/logo\/image\/\"},\"sameAs\":[\"https:\/\/x.com\/kurmisoftware\",\"https:\/\/www.linkedin.com\/company\/kurmi-software\/\",\"https:\/\/www.youtube.com\/user\/KurmiSoftware\"]}]}<\/script>\n<!-- \/ Yoast SEO plugin. -->","yoast_head_json":{"title":"Plan du site - Kurmi Software","robots":{"index":"index","follow":"follow","max-snippet":"max-snippet:-1","max-image-preview":"max-image-preview:large","max-video-preview":"max-video-preview:-1"},"canonical":"https:\/\/kurmi-software.com\/fr\/plan-du-site\/","og_locale":"fr_FR","og_type":"article","og_title":"Plan du site - Kurmi Software","og_url":"https:\/\/kurmi-software.com\/fr\/plan-du-site\/","og_site_name":"Kurmi Software","article_modified_time":"2023-05-30T18:37:33+00:00","og_image":[{"width":2400,"height":1256,"url":"https:\/\/kurmi-software.com\/wp-content\/uploads\/2023\/05\/share-img.jpg","type":"image\/jpeg"}],"twitter_card":"summary_large_image","twitter_site":"@kurmisoftware","schema":{"@context":"https:\/\/schema.org","@graph":[{"@type":"WebPage","@id":"https:\/\/kurmi-software.com\/fr\/plan-du-site\/","url":"https:\/\/kurmi-software.com\/fr\/plan-du-site\/","name":"Plan du site - Kurmi Software","isPartOf":{"@id":"https:\/\/kurmi-software.com\/fr\/#website"},"datePublished":"2023-05-23T15:15:45+00:00","dateModified":"2023-05-30T18:37:33+00:00","breadcrumb":{"@id":"https:\/\/kurmi-software.com\/fr\/plan-du-site\/#breadcrumb"},"inLanguage":"fr-FR","potentialAction":[{"@type":"ReadAction","target":["https:\/\/kurmi-software.com\/fr\/plan-du-site\/"]}]},{"@type":"BreadcrumbList","@id":"https:\/\/kurmi-software.com\/fr\/plan-du-site\/#breadcrumb","itemListElement":[{"@type":"ListItem","position":1,"name":"Home","item":"https:\/\/kurmi-software.com\/fr\/accueil\/"},{"@type":"ListItem","position":2,"name":"Plan du site"}]},{"@type":"WebSite","@id":"https:\/\/kurmi-software.com\/fr\/#website","url":"https:\/\/kurmi-software.com\/fr\/","name":"Kurmi Software","description":"Unified Communication - Automate &amp; Simplify the management","publisher":{"@id":"https:\/\/kurmi-software.com\/fr\/#organization"},"potentialAction":[{"@type":"SearchAction","target":{"@type":"EntryPoint","urlTemplate":"https:\/\/kurmi-software.com\/fr\/?s={search_term_string}"},"query-input":{"@type":"PropertyValueSpecification","valueRequired":true,"valueName":"search_term_string"}}],"inLanguage":"fr-FR"},{"@type":"Organization","@id":"https:\/\/kurmi-software.com\/fr\/#organization","name":"Kurmi Software","url":"https:\/\/kurmi-software.com\/fr\/","logo":{"@type":"ImageObject","inLanguage":"fr-FR","@id":"https:\/\/kurmi-software.com\/fr\/#\/schema\/logo\/image\/","url":"https:\/\/kurmi-software.com\/wp-content\/uploads\/2023\/04\/Logo.svg","contentUrl":"https:\/\/kurmi-software.com\/wp-content\/uploads\/2023\/04\/Logo.svg","width":200,"height":92,"caption":"Kurmi Software"},"image":{"@id":"https:\/\/kurmi-software.com\/fr\/#\/schema\/logo\/image\/"},"sameAs":["https:\/\/x.com\/kurmisoftware","https:\/\/www.linkedin.com\/company\/kurmi-software\/","https:\/\/www.youtube.com\/user\/KurmiSoftware"]}]}},"_links":{"self":[{"href":"https:\/\/kurmi-software.com\/fr\/wp-json\/wp\/v2\/pages\/3786","targetHints":{"allow":["GET"]}}],"collection":[{"href":"https:\/\/kurmi-software.com\/fr\/wp-json\/wp\/v2\/pages"}],"about":[{"href":"https:\/\/kurmi-software.com\/fr\/wp-json\/wp\/v2\/types\/page"}],"author":[{"embeddable":true,"href":"https:\/\/kurmi-software.com\/fr\/wp-json\/wp\/v2\/users\/1"}],"replies":[{"embeddable":true,"href":"https:\/\/kurmi-software.com\/fr\/wp-json\/wp\/v2\/comments?post=3786"}],"version-history":[{"count":0,"href":"https:\/\/kurmi-software.com\/fr\/wp-json\/wp\/v2\/pages\/3786\/revisions"}],"wp:attachment":[{"href":"https:\/\/kurmi-software.com\/fr\/wp-json\/wp\/v2\/media?parent=3786"}],"curies":[{"name":"wp","href":"https:\/\/api.w.org\/{rel}","templated":true}]}}